{"id":38006,"date":"2024-01-13T16:19:34","date_gmt":"2024-01-13T14:19:34","guid":{"rendered":"https:\/\/hookahshop.lt\/?post_type=product&#038;p=38006"},"modified":"2026-04-14T23:29:40","modified_gmt":"2026-04-14T20:29:40","slug":"kolba-kaljanui-vg-sphere-pearl","status":"publish","type":"product","link":"https:\/\/hookahshop.lt\/lv\/produkt\/kolba-udenspipe-vg-sfera-perle\/","title":{"rendered":"\u016adensp\u012bpes kolba VG Sphere Pearl"},"content":{"rendered":"<h2>\u016adensp\u012bpes kolba VG Sphere Pearl<\/h2>\n<p>Klasikas cien\u012bt\u0101jiem. Kolba ir unik\u0101la, liel\u0101ka nek\u0101 parasti kolbas tilpums. Piem\u0113rots \u016bdensp\u012bp\u0113m ar gar\u0101k\u0101m k\u0101ti\u0146\u0101m.<\/p>\n<p><strong>Raksturojums:<\/strong><br \/>\nAugstums: 28 cm<br \/>\nDiametrs: 22 cm<br \/>\nSvars: ~ 280 g<br \/>\n\u0100r\u0113jais diametrs: 69 mm<br \/>\nIek\u0161\u0113jais diametrs: 47 mm<br \/>\nProdukta materi\u0101ls: stikls<\/p>\n<p>Vai jums ir k\u0101di jaut\u0101jumi? Sazinies ar mums\u00a0<a href=\"https:\/\/hookahshop.lt\/lv\/kontaktiem\/\">kontaktu lapa<\/a>\u00a0vai rakstiet mums pa e-pastu\u00a0<a href=\"https:\/\/facebook.com\/HookahShop.lt\/\" target=\"_blank\" rel=\"noopener noreferrer\">Facebook konts<\/a>\u00a0un m\u0113s atbild\u0113sim uz j\u016bsu piepras\u012bjumu taj\u0101 pa\u0161\u0101 dien\u0101.<\/p>","protected":false},"excerpt":{"rendered":"<p>\u016adensp\u012bpes kolba VG Sphere Pearl Klasikas cien\u012bt\u0101jiem. Kolba ir unik\u0101la, liel\u0101ka nek\u0101 parasti kolbas tilpums. Piem\u0113rots \u016bdensp\u012bp\u0113m ar gar\u0101k\u0101m k\u0101ti\u0146\u0101m. Paz\u012bmes: Augstums: 28 cm Diametrs: 22 cm Svars: ~ 280 g \u0100r\u0113jais diametrs: 69 mm Iek\u0161\u0113jais diametrs: 47 mm Produkta materi\u0101ls: stikls Vai ir k\u0101di jaut\u0101jumi? Sazinieties ar mums kontaktu lap\u0101 vai rakstiet mums uz m\u016bsu Facebook kontu un m\u0113s atbild\u0113sim uz j\u016bsu piepras\u012bjumu [\u2026]<\/p>","protected":false},"featured_media":38008,"comment_status":"open","ping_status":"closed","template":"","meta":[],"_links":{"self":[{"href":"https:\/\/hookahshop.lt\/lv\/wp-json\/wp\/v2\/product\/38006"}],"collection":[{"href":"https:\/\/hookahshop.lt\/lv\/wp-json\/wp\/v2\/product"}],"about":[{"href":"https:\/\/hookahshop.lt\/lv\/wp-json\/wp\/v2\/types\/product"}],"replies":[{"embeddable":true,"href":"https:\/\/hookahshop.lt\/lv\/wp-json\/wp\/v2\/comments?post=38006"}],"version-history":[{"count":2,"href":"https:\/\/hookahshop.lt\/lv\/wp-json\/wp\/v2\/product\/38006\/revisions"}],"predecessor-version":[{"id":38028,"href":"https:\/\/hookahshop.lt\/lv\/wp-json\/wp\/v2\/product\/38006\/revisions\/38028"}],"wp:featuredmedia":[{"embeddable":true,"href":"https:\/\/hookahshop.lt\/lv\/wp-json\/wp\/v2\/media\/38008"}],"wp:attachment":[{"href":"https:\/\/hookahshop.lt\/lv\/wp-json\/wp\/v2\/media?parent=38006"}],"curies":[{"name":"wp","href":"https:\/\/api.w.org\/{rel}","templated":true}]}}