{"id":38031,"date":"2024-01-13T18:23:24","date_gmt":"2024-01-13T16:23:24","guid":{"rendered":"https:\/\/hookahshop.lt\/?post_type=product&#038;p=38031"},"modified":"2026-05-13T23:30:08","modified_gmt":"2026-05-13T20:30:08","slug":"taurele-kaljanui-kolos-horeca-mita","status":"publish","type":"product","link":"https:\/\/hookahshop.lt\/lv\/produkt\/kauss-for-udenspipe-cola-horeca-mita\/","title":{"rendered":"\u016adensp\u012bpes kauss KOLOS Horeca Mita"},"content":{"rendered":"<h2>\u016adensp\u012bpes kauss KOLOS Horeca Mita<\/h2>\n<p>Izgatavota no augst\u0101k\u0101s kvalit\u0101tes m\u0101la, \u0161\u012b b\u013coda ir iztur\u012bga, un, pateicoties t\u0101 viengabalainajai konstrukcijai, t\u0101 ir ne tikai \u0101rk\u0101rt\u012bgi sp\u0113c\u012bga, bet ar\u012b \u013cauj saglab\u0101t vair\u0101k gar\u0161as, k\u0101 rezult\u0101t\u0101 \u016bdensp\u012bpes sesija ir intens\u012bv\u0101ka, sal\u012bdzinot ar b\u013cod\u0101m, kas izgatavotas no pl\u0101n\u0101kas. materi\u0101liem.<\/p>\n<p>Tabakas tase satur 13-15 g.<\/p>\n<p><strong>Specifik\u0101cijas:<\/strong><br \/>\nTips: turku<br \/>\nMateri\u0101ls: M\u0101ls<br \/>\nAugstums: ~7 cm<br \/>\n\u0100r\u0113jais diametrs: ~6,6 cm<\/p>\n<p>&nbsp;<\/p>\n<p>Vai jums ir k\u0101di jaut\u0101jumi? Sazinies ar mums\u00a0<a href=\"https:\/\/hookahshop.lt\/lv\/kontaktiem\/\">kontaktu lapa<\/a>\u00a0vai rakstiet mums pa e-pastu\u00a0<a href=\"https:\/\/facebook.com\/HookahShop.lt\/\" target=\"_blank\" rel=\"noopener\">Facebook konts<\/a>\u00a0un m\u0113s atbild\u0113sim uz j\u016bsu piepras\u012bjumu taj\u0101 pa\u0161\u0101 dien\u0101.<\/p>","protected":false},"excerpt":{"rendered":"<p>\u016adensp\u012bpes kr\u016bze KOLOS Horeca Mita \u0160\u012b kr\u016bze ir izgatavota no augst\u0101k\u0101s kvalit\u0101tes m\u0101la, t\u0101 ir iztur\u012bga un, pateicoties t\u0101s cietajai viengabalainajai konstrukcijai, ir ne tikai \u0101rk\u0101rt\u012bgi iztur\u012bga, bet ar\u012b \u013cauj saglab\u0101t vair\u0101k gar\u0161as, t\u0101p\u0113c \u016bdensp\u012bpes sesija ir vair\u0101k intens\u012bva, sal\u012bdzinot ar kr\u016bz\u0113m, kas izgatavotas no pl\u0101n\u0101kiem materi\u0101liem. Tabakas tase satur 13-15 g. Specifik\u0101cijas: Tips: Turcijas Materi\u0101ls: M\u0101ls Augstums: ~7 cm \u0100r\u0113jais [\u2026]<\/p>","protected":false},"featured_media":38033,"comment_status":"open","ping_status":"closed","template":"","meta":[],"_links":{"self":[{"href":"https:\/\/hookahshop.lt\/lv\/wp-json\/wp\/v2\/product\/38031"}],"collection":[{"href":"https:\/\/hookahshop.lt\/lv\/wp-json\/wp\/v2\/product"}],"about":[{"href":"https:\/\/hookahshop.lt\/lv\/wp-json\/wp\/v2\/types\/product"}],"replies":[{"embeddable":true,"href":"https:\/\/hookahshop.lt\/lv\/wp-json\/wp\/v2\/comments?post=38031"}],"version-history":[{"count":2,"href":"https:\/\/hookahshop.lt\/lv\/wp-json\/wp\/v2\/product\/38031\/revisions"}],"predecessor-version":[{"id":38089,"href":"https:\/\/hookahshop.lt\/lv\/wp-json\/wp\/v2\/product\/38031\/revisions\/38089"}],"wp:featuredmedia":[{"embeddable":true,"href":"https:\/\/hookahshop.lt\/lv\/wp-json\/wp\/v2\/media\/38033"}],"wp:attachment":[{"href":"https:\/\/hookahshop.lt\/lv\/wp-json\/wp\/v2\/media?parent=38031"}],"curies":[{"name":"wp","href":"https:\/\/api.w.org\/{rel}","templated":true}]}}