{"id":38036,"date":"2024-01-13T18:37:43","date_gmt":"2024-01-13T16:37:43","guid":{"rendered":"https:\/\/hookahshop.lt\/?post_type=product&#038;p=38036"},"modified":"2026-04-19T23:30:17","modified_gmt":"2026-04-19T20:30:17","slug":"vienkartine-zarna-kaljanui-al-mani-black","status":"publish","type":"product","link":"https:\/\/hookahshop.lt\/lv\/produkt\/vienreizejas-lietosanas-slutene-udenspipei-al-mani-melnai\/","title":{"rendered":"Vienreiz\u0113j\u0101s lieto\u0161anas \u0161\u013c\u016btene \u016bdensp\u012bpei AL MANI Black"},"content":{"rendered":"<h2>Vienreiz\u0113j\u0101s lieto\u0161anas \u0161\u013c\u016btene \u016bdensp\u012bpei AL MANI Black<\/h2>\n<p>\u0160\u012b \u0161\u013c\u016btene sast\u0101v no trim da\u013c\u0101m: savienot\u0101ja, \u0161\u013c\u016btenes un iemut\u0146a, t\u0101p\u0113c t\u0101 ir l\u0113ta alternat\u012bva, ja j\u016bsu \u0161\u013c\u016btene ar iemuti ir nolietojusies un j\u016bs reti sm\u0113\u0137\u0113jat \u016bdensp\u012bpi un nev\u0113laties pirkt parasto \u0161\u013c\u016bteni.<\/p>\n<p><strong>Specifik\u0101cijas:<\/strong><br \/>\nGarums: 150cm<br \/>\nMateri\u0101ls: plastmasa<br \/>\nKr\u0101sa melna<br \/>\nSavienot\u0101ja diametrs: 1 cm<\/p>\n<p>&nbsp;<\/p>\n<p>Vai jums ir k\u0101di jaut\u0101jumi? Sazinies ar mums\u00a0<a href=\"https:\/\/hookahshop.lt\/lv\/kontaktiem\/\">kontaktu lapa<\/a>\u00a0vai rakstiet mums pa e-pastu\u00a0<a href=\"https:\/\/facebook.com\/HookahShop.lt\/\" target=\"_blank\" rel=\"noopener\">Facebook konts<\/a>\u00a0un m\u0113s atbild\u0113sim uz j\u016bsu piepras\u012bjumu taj\u0101 pa\u0161\u0101 dien\u0101.<\/p>\n<p>&nbsp;<\/p>","protected":false},"excerpt":{"rendered":"<p>Vienreiz\u0113j\u0101s lieto\u0161anas \u0161\u013c\u016btene \u016bdensp\u012bpei AL MANI Black \u0160\u012b \u0161\u013c\u016btene sast\u0101v no trim da\u013c\u0101m: savienot\u0101ja, \u0161\u013c\u016btenes un iemut\u0146a, t\u0101p\u0113c t\u0101 ir l\u0113ta alternat\u012bva, ja j\u016bsu \u0161\u013c\u016btene ar iemuti ir nolietojusies, un j\u016bs reti sm\u0113\u0137\u0113jat \u016bdensp\u012bpi un nev\u0113laties pirkt parast\u0101 \u0161\u013c\u016btene. Specifik\u0101cijas: Garums: 150cm Materi\u0101ls: plastmasa Kr\u0101sa: melna Savienot\u0101ja diametrs: 1cm Vai ir k\u0101di jaut\u0101jumi? Sazinieties ar mums kontaktu lap\u0101 vai rakstiet [...]<\/p>","protected":false},"featured_media":38041,"comment_status":"open","ping_status":"closed","template":"","meta":[],"_links":{"self":[{"href":"https:\/\/hookahshop.lt\/lv\/wp-json\/wp\/v2\/product\/38036"}],"collection":[{"href":"https:\/\/hookahshop.lt\/lv\/wp-json\/wp\/v2\/product"}],"about":[{"href":"https:\/\/hookahshop.lt\/lv\/wp-json\/wp\/v2\/types\/product"}],"replies":[{"embeddable":true,"href":"https:\/\/hookahshop.lt\/lv\/wp-json\/wp\/v2\/comments?post=38036"}],"version-history":[{"count":2,"href":"https:\/\/hookahshop.lt\/lv\/wp-json\/wp\/v2\/product\/38036\/revisions"}],"predecessor-version":[{"id":38090,"href":"https:\/\/hookahshop.lt\/lv\/wp-json\/wp\/v2\/product\/38036\/revisions\/38090"}],"wp:featuredmedia":[{"embeddable":true,"href":"https:\/\/hookahshop.lt\/lv\/wp-json\/wp\/v2\/media\/38041"}],"wp:attachment":[{"href":"https:\/\/hookahshop.lt\/lv\/wp-json\/wp\/v2\/media?parent=38036"}],"curies":[{"name":"wp","href":"https:\/\/api.w.org\/{rel}","templated":true}]}}