{"id":38042,"date":"2024-01-13T19:19:20","date_gmt":"2024-01-13T17:19:20","guid":{"rendered":"https:\/\/hookahshop.lt\/?post_type=product&#038;p=38042"},"modified":"2026-04-15T12:29:39","modified_gmt":"2026-04-15T09:29:39","slug":"taurele-kaljanui-upgrade-form-phunnel","status":"publish","type":"product","link":"https:\/\/hookahshop.lt\/lv\/produkt\/kauss-udenspipe-upgrade-form-piltuve\/","title":{"rendered":"Kauss \u016bdensp\u012bpei UPGRADE Form Phunnel"},"content":{"rendered":"<h2>Kauss \u016bdensp\u012bpei UPGRADE Form Phunnel<\/h2>\n<p>Izgatavots no \u012bpa\u0161a m\u0101la-majolikas sast\u0101va, kas izv\u0113l\u0113ts, lai pan\u0101ktu optim\u0101lu tabakas sild\u012b\u0161anu, minim\u0101lu deg\u0161anu. \u0160\u012b kr\u016bze izce\u013cas ar savu iztur\u012bbu, iztur\u012bbu un iztur\u012bbu pret augst\u0101m temperat\u016br\u0101m. Turkl\u0101t \u0161im m\u0101lam p\u0113c apdedzin\u0101\u0161anas ir balta kr\u0101sa, kas pie\u0161\u0137ir tiem stil\u012bgu un skaistu est\u0113tisku izskatu.<\/p>\n<p>Tabakas tase satur 8-10 g.<\/p>\n<p><strong>Specifik\u0101cijas:<\/strong><br \/>\nAugstums: 8cm<br \/>\nDiametrs (\u0101r\u0113jais): ~8,5cm<br \/>\nDiametrs (iek\u0161\u0113jais): ~7,1cm<br \/>\nDzi\u013cums: ~1,7cm<br \/>\nCauruma diametrs: 1 cm<br \/>\nUrbumu skaits: 1<br \/>\nSvars: ~240g<\/p>\n<p>&nbsp;<\/p>\n<p>Vai jums ir k\u0101di jaut\u0101jumi? Sazinies ar mums\u00a0<a href=\"https:\/\/hookahshop.lt\/lv\/kontaktiem\/\">kontaktu lapa<\/a>\u00a0vai rakstiet mums pa e-pastu\u00a0<a href=\"https:\/\/facebook.com\/HookahShop.lt\/\" target=\"_blank\" rel=\"noopener\">Facebook konts<\/a>\u00a0un m\u0113s atbild\u0113sim uz j\u016bsu piepras\u012bjumu taj\u0101 pa\u0161\u0101 dien\u0101.<\/p>\n<p>&nbsp;<\/p>","protected":false},"excerpt":{"rendered":"<p>Kr\u016bz\u012bte \u016bdensp\u012bpei UPGRADE Form Phunnel Izgatavots no \u012bpa\u0161a m\u0101la-majolika sast\u0101va, kas izv\u0113l\u0113ts, lai pan\u0101ktu optim\u0101lu tabakas sild\u012b\u0161anu, minim\u0101lu deg\u0161anu. \u0160\u012b kr\u016bze izce\u013cas ar savu iztur\u012bbu, iztur\u012bbu un iztur\u012bbu pret augst\u0101m temperat\u016br\u0101m. Turkl\u0101t \u0161im m\u0101lam p\u0113c apdedzin\u0101\u0161anas ir balta kr\u0101sa, kas pie\u0161\u0137ir tiem stil\u012bgu un skaistu est\u0113tisku izskatu. Tabakas tase satur 8-10 g. Specifik\u0101cijas: Augstums: 8 cm Diametrs [\u2026]<\/p>","protected":false},"featured_media":38047,"comment_status":"open","ping_status":"closed","template":"","meta":[],"_links":{"self":[{"href":"https:\/\/hookahshop.lt\/lv\/wp-json\/wp\/v2\/product\/38042"}],"collection":[{"href":"https:\/\/hookahshop.lt\/lv\/wp-json\/wp\/v2\/product"}],"about":[{"href":"https:\/\/hookahshop.lt\/lv\/wp-json\/wp\/v2\/types\/product"}],"replies":[{"embeddable":true,"href":"https:\/\/hookahshop.lt\/lv\/wp-json\/wp\/v2\/comments?post=38042"}],"version-history":[{"count":3,"href":"https:\/\/hookahshop.lt\/lv\/wp-json\/wp\/v2\/product\/38042\/revisions"}],"predecessor-version":[{"id":38091,"href":"https:\/\/hookahshop.lt\/lv\/wp-json\/wp\/v2\/product\/38042\/revisions\/38091"}],"wp:featuredmedia":[{"embeddable":true,"href":"https:\/\/hookahshop.lt\/lv\/wp-json\/wp\/v2\/media\/38047"}],"wp:attachment":[{"href":"https:\/\/hookahshop.lt\/lv\/wp-json\/wp\/v2\/media?parent=38042"}],"curies":[{"name":"wp","href":"https:\/\/api.w.org\/{rel}","templated":true}]}}