{"id":38048,"date":"2024-01-13T19:39:07","date_gmt":"2024-01-13T17:39:07","guid":{"rendered":"https:\/\/hookahshop.lt\/?post_type=product&#038;p=38048"},"modified":"2026-04-22T23:29:59","modified_gmt":"2026-04-22T20:29:59","slug":"taurele-kaljanui-kong-turkish-space-dracula","status":"publish","type":"product","link":"https:\/\/hookahshop.lt\/lv\/produkt\/kauss-udenspipe-kong-turkish-space-dracula\/","title":{"rendered":"\u016aDENSP\u012aPES KAUSS KONG Turkish Space Dracula"},"content":{"rendered":"<h2>\u016aDENSP\u012aPES KAUSS KONG Turkish Space Dracula<\/h2>\n<p>Klasiska Kongo firmas gl\u0101ze ar iespaid\u012bgu dizainu, kas iekarojusi daudzu gar\u0161\u012bg\u0101s \u016bdensp\u012bpes cien\u012bt\u0101ju sirdis. Kr\u016bz\u012btei ir sal\u012bdzino\u0161i biezas sienas, t\u0101 labi saglab\u0101 siltumu un neprasa \u012bpa\u0161u kop\u0161anu. Tas sola ilgu sm\u0113\u0137\u0113\u0161anas procesu un ir piem\u0113rots visiem tabakas veidiem. Lieliski apvienots ar kalaud siltuma kameru. Kr\u016bz\u012btes sieni\u0146as ir glaz\u0113tas, t\u0101p\u0113c kr\u016bze ilg\u0101k saglab\u0101s siltumu.<\/p>\n<p>Mais\u012bjuma tilpums ir aptuveni 15-20 grami.<\/p>\n<p><strong>Specifik\u0101cijas:<\/strong><br \/>\nAugstums: 8,5 cm<br \/>\nDiametrs (\u0101r\u0113jais): 7,5 cm<br \/>\nDzi\u013cums: 16 mm<br \/>\nCaurumu skaits: 6 gab<\/p>\n<p>Vai jums ir k\u0101di jaut\u0101jumi? Sazinies ar mums\u00a0<a href=\"https:\/\/hookahshop.lt\/lv\/kontaktiem\/\">kontaktu lapa<\/a>\u00a0vai rakstiet mums pa e-pastu\u00a0<a href=\"https:\/\/facebook.com\/HookahShop.lt\/\" target=\"_blank\" rel=\"noopener\">Facebook konts<\/a>\u00a0un m\u0113s atbild\u0113sim uz j\u016bsu piepras\u012bjumu taj\u0101 pa\u0161\u0101 dien\u0101.<\/p>\n<p>&nbsp;<\/p>","protected":false},"excerpt":{"rendered":"<p>Kauss \u016bdensp\u012bpei KONG Turkish Space Dracula Classic Kongo komp\u0101nijas kauss ar iespaid\u012bgu dizainu, kas iekaroja daudzu gar\u0161\u012bg\u0101s \u016bdensp\u012bpes cien\u012bt\u0101ju sirdis. Kr\u016bz\u012btei ir sal\u012bdzino\u0161i biezas sienas, t\u0101 labi saglab\u0101 siltumu un neprasa \u012bpa\u0161u kop\u0161anu. Tas sola ilgu sm\u0113\u0137\u0113\u0161anas procesu un ir piem\u0113rots visiem tabakas veidiem. Lieliski apvienots ar kalaud siltuma kameru. Kr\u016bz\u012btes sieni\u0146as ir glaz\u0113tas, t\u0101p\u0113c kr\u016bze ilg\u0101k saglab\u0101s siltumu. Mais\u012bjuma tilpums [...]<\/p>","protected":false},"featured_media":38054,"comment_status":"open","ping_status":"closed","template":"","meta":[],"_links":{"self":[{"href":"https:\/\/hookahshop.lt\/lv\/wp-json\/wp\/v2\/product\/38048"}],"collection":[{"href":"https:\/\/hookahshop.lt\/lv\/wp-json\/wp\/v2\/product"}],"about":[{"href":"https:\/\/hookahshop.lt\/lv\/wp-json\/wp\/v2\/types\/product"}],"replies":[{"embeddable":true,"href":"https:\/\/hookahshop.lt\/lv\/wp-json\/wp\/v2\/comments?post=38048"}],"version-history":[{"count":4,"href":"https:\/\/hookahshop.lt\/lv\/wp-json\/wp\/v2\/product\/38048\/revisions"}],"predecessor-version":[{"id":43314,"href":"https:\/\/hookahshop.lt\/lv\/wp-json\/wp\/v2\/product\/38048\/revisions\/43314"}],"wp:featuredmedia":[{"embeddable":true,"href":"https:\/\/hookahshop.lt\/lv\/wp-json\/wp\/v2\/media\/38054"}],"wp:attachment":[{"href":"https:\/\/hookahshop.lt\/lv\/wp-json\/wp\/v2\/media?parent=38048"}],"curies":[{"name":"wp","href":"https:\/\/api.w.org\/{rel}","templated":true}]}}