{"id":38067,"date":"2024-01-13T23:48:18","date_gmt":"2024-01-13T21:48:18","guid":{"rendered":"https:\/\/hookahshop.lt\/?post_type=product&#038;p=38067"},"modified":"2026-04-18T23:29:27","modified_gmt":"2026-04-18T20:29:27","slug":"taurele-kaljanui-cosmo-dead-mummy","status":"publish","type":"product","link":"https:\/\/hookahshop.lt\/lv\/produkt\/kauss-for-udenspipe-cosmo-dead-mummy\/","title":{"rendered":"\u016adensp\u012bpes kauss COSMO Dead Mummy"},"content":{"rendered":"<h2>\u016adensp\u012bpes kauss COSMO Dead Mummy<\/h2>\n<p>Iztur augstu temperat\u016bru un nov\u0113r\u0161 tabakas p\u0101rkar\u0161anu. Tabaka kr\u016bz\u0113 tiek uzkars\u0113ta vienm\u0113r\u012bgi, t\u0101p\u0113c sesija ir intens\u012bva. M\u0101ls, no kura tiek izgatavota kauss, ar\u012b nodro\u0161ina ilgu kalpo\u0161anas laiku, pateicoties t\u0101 labajai karstumiztur\u012bbai.<br \/>\nKr\u016bz\u012bt\u0113 ir ~ 18-22 g tabakas (atkar\u012bb\u0101 no izmantot\u0101s iepako\u0161anas metodes).<\/p>\n<p><strong>Specifik\u0101cijas:<\/strong><br \/>\nTips: Killer<br \/>\nMateri\u0101ls: M\u0101ls<br \/>\nAugstums: ~10,5 cm<br \/>\nDiametrs (\u0101r\u0113jais): ~7,5 cm<br \/>\nDiametrs (iek\u0161\u0113jais): ~5,6 cm<\/p>\n<p>Vai jums ir k\u0101di jaut\u0101jumi? Sazinies ar mums\u00a0<a href=\"https:\/\/hookahshop.lt\/lv\/kontaktiem\/\">kontaktu lapa<\/a>\u00a0vai rakstiet mums pa e-pastu\u00a0<a href=\"https:\/\/facebook.com\/HookahShop.lt\/\" target=\"_blank\" rel=\"noopener\">Facebook konts<\/a>\u00a0un m\u0113s atbild\u0113sim uz j\u016bsu piepras\u012bjumu taj\u0101 pa\u0161\u0101 dien\u0101.<\/p>","protected":false},"excerpt":{"rendered":"<p>\u016adensp\u012bpes kauss COSMO Dead Mummy Iztur augstu temperat\u016bru un nov\u0113r\u0161 tabakas p\u0101rkar\u0161anu. Tabaka kr\u016bz\u0113 tiek uzkars\u0113ta vienm\u0113r\u012bgi, t\u0101p\u0113c sesija ir intens\u012bva. M\u0101ls, no kura izgatavota kr\u016bz\u012bte, nodro\u0161ina ar\u012b ilgu kalpo\u0161anas laiku, pateicoties savai labajai karstumiztur\u012bbai. Tas\u0113 ir ~ 18-22 g tabakas (atkar\u012bb\u0101 no izmantot\u0101s iepako\u0161anas metodes). Specifik\u0101cijas: Tips: Killer Materi\u0101ls: M\u0101ls Augstums: ~10,5 cm Diametrs [\u2026]<\/p>","protected":false},"featured_media":38069,"comment_status":"open","ping_status":"closed","template":"","meta":[],"_links":{"self":[{"href":"https:\/\/hookahshop.lt\/lv\/wp-json\/wp\/v2\/product\/38067"}],"collection":[{"href":"https:\/\/hookahshop.lt\/lv\/wp-json\/wp\/v2\/product"}],"about":[{"href":"https:\/\/hookahshop.lt\/lv\/wp-json\/wp\/v2\/types\/product"}],"replies":[{"embeddable":true,"href":"https:\/\/hookahshop.lt\/lv\/wp-json\/wp\/v2\/comments?post=38067"}],"version-history":[{"count":3,"href":"https:\/\/hookahshop.lt\/lv\/wp-json\/wp\/v2\/product\/38067\/revisions"}],"predecessor-version":[{"id":38095,"href":"https:\/\/hookahshop.lt\/lv\/wp-json\/wp\/v2\/product\/38067\/revisions\/38095"}],"wp:featuredmedia":[{"embeddable":true,"href":"https:\/\/hookahshop.lt\/lv\/wp-json\/wp\/v2\/media\/38069"}],"wp:attachment":[{"href":"https:\/\/hookahshop.lt\/lv\/wp-json\/wp\/v2\/media?parent=38067"}],"curies":[{"name":"wp","href":"https:\/\/api.w.org\/{rel}","templated":true}]}}