{"id":38072,"date":"2024-01-14T00:25:56","date_gmt":"2024-01-13T22:25:56","guid":{"rendered":"https:\/\/hookahshop.lt\/?post_type=product&#038;p=38072"},"modified":"2026-04-22T23:29:59","modified_gmt":"2026-04-22T20:29:59","slug":"karscio-kamera-na-grani-al","status":"publish","type":"product","link":"https:\/\/hookahshop.lt\/lv\/produkt\/heat-camera-na-grani-al\/","title":{"rendered":"Siltuma kamera NA GRANI AL"},"content":{"rendered":"<h2>Siltuma kamera NA GRANI AL<\/h2>\n<p>Izmanto folijas viet\u0101 uz kr\u016bz\u012btes un atvieglo siltuma kontroli. NA GRANI siltuma kamera ir izgatavota no alum\u012bnija, lai ieg\u016btu viegl\u0101ku intensit\u0101ti. \u0160\u012bs siltuma kameras unikalit\u0101te no cit\u0101m alum\u012bnija siltuma kamer\u0101m ir t\u0101, ka t\u0101 ir izgatavota no cieta materi\u0101la.<\/p>\n<p><strong>Specifik\u0101cijas:<\/strong><br \/>\n\u0100r\u0113jais diametrs: 74 mm<br \/>\nIek\u0161\u0113jais diametrs: 54 mm<br \/>\nDzi\u013cums: 23,4 mm<br \/>\nSvars: 66g<br \/>\nMateri\u0101ls: alum\u012bnijs (ciets)<\/p>\n<p><strong>Priek\u0161roc\u012bbas:<\/strong><br \/>\nStil\u012bgs un kvalitat\u012bvs;<br \/>\nIztur\u012bgs un uzticams;<br \/>\nNodro\u0161ina \u0113rtu \u016bdensp\u012bpes k\u016bpin\u0101\u0161anu;<br \/>\nIepakots firmas koka kast\u0113.<\/p>\n<p>&nbsp;<\/p>\n<p>Vai jums ir k\u0101di jaut\u0101jumi? Sazinies ar mums\u00a0<a href=\"https:\/\/hookahshop.lt\/lv\/kontaktiem\/\">kontaktu lapa<\/a>\u00a0vai rakstiet mums pa e-pastu\u00a0<a href=\"https:\/\/facebook.com\/HookahShop.lt\/\" target=\"_blank\" rel=\"noopener\">Facebook konts<\/a>\u00a0un m\u0113s atbild\u0113sim uz j\u016bsu piepras\u012bjumu taj\u0101 pa\u0161\u0101 dien\u0101.<\/p>\n<p>&nbsp;<\/p>\n<p>&nbsp;<\/p>","protected":false},"excerpt":{"rendered":"<p>Siltuma kamera NA GRANI AL Izmanto folijas viet\u0101 uz kr\u016bz\u012btes un atvieglo siltuma kontroli. NA GRANI siltuma kamera ir izgatavota no alum\u012bnija, lai ieg\u016btu viegl\u0101ku intensit\u0101ti. \u0160\u012bs siltuma kameras unikalit\u0101te no cit\u0101m alum\u012bnija siltuma kamer\u0101m ir t\u0101, ka t\u0101 ir izgatavota no cieta materi\u0101la. Specifik\u0101cijas: \u0100r\u0113jais diametrs: 74mm Iek\u0161\u0113jais diametrs: 54mm Dzi\u013cums: 23,4mm Svars: 66g Materi\u0101ls: alum\u012bnijs (ciets) Priek\u0161roc\u012bbas: Stil\u012bgs [\u2026]<\/p>","protected":false},"featured_media":38073,"comment_status":"open","ping_status":"closed","template":"","meta":[],"_links":{"self":[{"href":"https:\/\/hookahshop.lt\/lv\/wp-json\/wp\/v2\/product\/38072"}],"collection":[{"href":"https:\/\/hookahshop.lt\/lv\/wp-json\/wp\/v2\/product"}],"about":[{"href":"https:\/\/hookahshop.lt\/lv\/wp-json\/wp\/v2\/types\/product"}],"replies":[{"embeddable":true,"href":"https:\/\/hookahshop.lt\/lv\/wp-json\/wp\/v2\/comments?post=38072"}],"version-history":[{"count":2,"href":"https:\/\/hookahshop.lt\/lv\/wp-json\/wp\/v2\/product\/38072\/revisions"}],"predecessor-version":[{"id":38076,"href":"https:\/\/hookahshop.lt\/lv\/wp-json\/wp\/v2\/product\/38072\/revisions\/38076"}],"wp:featuredmedia":[{"embeddable":true,"href":"https:\/\/hookahshop.lt\/lv\/wp-json\/wp\/v2\/media\/38073"}],"wp:attachment":[{"href":"https:\/\/hookahshop.lt\/lv\/wp-json\/wp\/v2\/media?parent=38072"}],"curies":[{"name":"wp","href":"https:\/\/api.w.org\/{rel}","templated":true}]}}