{"id":38081,"date":"2024-01-14T01:29:56","date_gmt":"2024-01-13T23:29:56","guid":{"rendered":"https:\/\/hookahshop.lt\/?post_type=product&#038;p=38081"},"modified":"2026-04-17T23:29:56","modified_gmt":"2026-04-17T20:29:56","slug":"kaljanas-na-grani-model-2","status":"publish","type":"product","link":"https:\/\/hookahshop.lt\/lv\/produkt\/udenspipes-na-grani-modelis-2\/","title":{"rendered":"\u016adensp\u012bpe NA GRANI 2.\u00a0modelis"},"content":{"rendered":"<h2>\u016adensp\u012bpe NA GRANI 2.\u00a0modelis<\/h2>\n<p>Augstas kvalit\u0101tes un minim\u0101lisma dizaina \u016bdensp\u012bpe piesaista uzman\u012bbu. \u0160is modelis ir lieliski piem\u0113rots tiem, kam pat\u012bk kompaktas \u016bdensp\u012bpes vai tiem, kas v\u0113las pa\u0146emt dab\u0101 nelielu \u016bdensp\u012bpi, jo tas ir \u012bpa\u0161s ar to, ka t\u0101 k\u0101ta konstrukcija sast\u0101v no vair\u0101k\u0101m da\u013c\u0101m, kas \u013cauj main\u012bt ne tikai k\u0101ta augstumu, bet ar\u012b v\u0101rpstas augstums, t\u0101p\u0113c, p\u0113rkot maz\u0101ku kolbu, jums b\u016bs maz\u0101ka izm\u0113ra \u016bdensp\u012bpe. \u0160\u012b \u016bdensp\u012bpe ir izgatavota no 100% ner\u016bs\u0113jo\u0161\u0101 t\u0113rauda AISI - 304, kas garant\u0113 \u016bdensp\u012bpes iztur\u012bbu un uzticam\u012bbu, atvieglo apkopi, uzglab\u0101\u0161anu un transport\u0113\u0161anu. \u016adensp\u012bpe piem\u0113rota gan vieglu d\u016bmu cien\u012bt\u0101jiem, jo tai ir difuzors, gan smag\u0101kiem, jo iesp\u0113jams noskr\u016bv\u0113t difuzoru. \u0160\u012b \u016bdensp\u012bpe ir piem\u0113rota ar\u012b \u016bdensp\u012bpes nozares jaunpien\u0101c\u0113jiem, jo \u016bdens l\u012bmenis tiek atz\u012bm\u0113ts \u016bdensp\u012bpes \u0161aht\u0101, lai kolb\u0101 tiktu pievienots pareizais \u016bdens daudzums.<br \/>\nPiln\u012bb\u0101 nomont\u0113jama konstrukcija ar maksim\u0101lu v\u0101rpstas mont\u0101\u017eas main\u012bgumu (4 garuma un izskata iesp\u0113jas).<\/p>\n<p><strong>Specifik\u0101cija:<\/strong><br \/>\nVilce: klasisks un difuzors (atskr\u016bv\u0113jams difuzors)<br \/>\nV\u0101rpsta (k\u0101ts): ner\u016bs\u0113jo\u0161ais t\u0113rauds vair\u0101k\u0101s da\u013c\u0101s<br \/>\nP\u016btot \u016bdensp\u012bpes d\u016bmus: vertik\u0101li uz aug\u0161u.<\/p>\n<p><strong>Raksturojums:<\/strong><br \/>\n- \u016adensp\u012bpes k\u0101ta augstums: 32 cm<br \/>\n-\u016adenes augstums ar kolbu ~50cm<br \/>\n- K\u0101ta augstums: 21,5 cm<br \/>\n-Iemu\u013ca garums: 27cm<br \/>\n-Svars: 3,6 kg<\/p>\n<p><strong>Apr\u012bkojums:<\/strong><br \/>\n-V\u0101rpsta (no 4 da\u013c\u0101m) Var lietot ar univers\u0101lo un mini kolbu.<br \/>\n- Pl\u0101ksne (\u0101tr\u0101 no\u0146em\u0161ana)<br \/>\n- Difuzors (grie\u017eas, nav regul\u0113jams)<br \/>\n-Melases-s\u012brupa slazds (integr\u0113ts \u0161\u0137\u012bv\u012b)<br \/>\n-Silikona \u0161\u013c\u016btene melna (m\u012bksts piesk\u0101riens)<br \/>\n- iemuti (vair\u0101k\u0101s da\u013c\u0101s)<br \/>\n- starplikas (kr\u016bz\u0113m, kolb\u0101m)<br \/>\n-Koka kaste.<\/p>\n<p><strong>Kolba nav iek\u013cauta komplekt\u0101.<\/strong><\/p>\n<p><img decoding=\"async\" loading=\"lazy\" class=\"alignnone size-medium wp-image-38521\" src=\"https:\/\/hookahshop.lt\/wp-content\/uploads\/2020\/09\/stiebas-zarna-kandiklis-1-300x273.jpg\" alt=\"- hookahshop.lt\" width=\"300\" height=\"273\" srcset=\"https:\/\/hookahshop.lt\/wp-content\/uploads\/2020\/09\/stiebas-zarna-kandiklis-1-300x273.jpg 300w, https:\/\/hookahshop.lt\/wp-content\/uploads\/2020\/09\/stiebas-zarna-kandiklis-1-13x12.jpg 13w, https:\/\/hookahshop.lt\/wp-content\/uploads\/2020\/09\/stiebas-zarna-kandiklis-1-64x58.jpg 64w, https:\/\/hookahshop.lt\/wp-content\/uploads\/2020\/09\/stiebas-zarna-kandiklis-1.jpg 420w\" sizes=\"(max-width: 300px) 100vw, 300px\" title=\"\"><\/p>\n<p>&nbsp;<\/p>\n<p>Vai jums ir k\u0101di jaut\u0101jumi? Sazinies ar mums\u00a0<a href=\"https:\/\/hookahshop.lt\/lv\/kontaktiem\/\">kontaktu lapa<\/a>\u00a0vai rakstiet mums pa e-pastu\u00a0<a href=\"https:\/\/facebook.com\/HookahShop.lt\/\" target=\"_blank\" rel=\"noopener\">Facebook konts<\/a>\u00a0un m\u0113s atbild\u0113sim uz j\u016bsu piepras\u012bjumu taj\u0101 pa\u0161\u0101 dien\u0101.<\/p>","protected":false},"excerpt":{"rendered":"<p>\u016adensp\u012bpe NA GRANI Model 2 Augstas kvalit\u0101tes un minim\u0101listiska dizaina \u016bdensp\u012bpe piesaista uzman\u012bbu. \u0160is modelis ir lieliski piem\u0113rots tiem, kam pat\u012bk kompaktas \u016bdensp\u012bpes vai tiem, kas v\u0113las pa\u0146emt dab\u0101 nelielu \u016bdensp\u012bpi, jo tas ir \u012bpa\u0161s ar to, ka t\u0101 k\u0101ta konstrukcija sast\u0101v no vair\u0101k\u0101m da\u013c\u0101m, kas \u013cauj main\u012bt ne tikai k\u0101ta augstumu, bet ar\u012b v\u0101rpstas augstums, t\u0101p\u0113c, p\u0113rkot maz\u0101ku kolbu, jums b\u016bs [ \u2026]<\/p>","protected":false},"featured_media":38082,"comment_status":"open","ping_status":"closed","template":"","meta":[],"_links":{"self":[{"href":"https:\/\/hookahshop.lt\/lv\/wp-json\/wp\/v2\/product\/38081"}],"collection":[{"href":"https:\/\/hookahshop.lt\/lv\/wp-json\/wp\/v2\/product"}],"about":[{"href":"https:\/\/hookahshop.lt\/lv\/wp-json\/wp\/v2\/types\/product"}],"replies":[{"embeddable":true,"href":"https:\/\/hookahshop.lt\/lv\/wp-json\/wp\/v2\/comments?post=38081"}],"version-history":[{"count":3,"href":"https:\/\/hookahshop.lt\/lv\/wp-json\/wp\/v2\/product\/38081\/revisions"}],"predecessor-version":[{"id":41767,"href":"https:\/\/hookahshop.lt\/lv\/wp-json\/wp\/v2\/product\/38081\/revisions\/41767"}],"wp:featuredmedia":[{"embeddable":true,"href":"https:\/\/hookahshop.lt\/lv\/wp-json\/wp\/v2\/media\/38082"}],"wp:attachment":[{"href":"https:\/\/hookahshop.lt\/lv\/wp-json\/wp\/v2\/media?parent=38081"}],"curies":[{"name":"wp","href":"https:\/\/api.w.org\/{rel}","templated":true}]}}