{"id":38124,"date":"2024-01-15T18:54:33","date_gmt":"2024-01-15T16:54:33","guid":{"rendered":"https:\/\/hookahshop.lt\/?post_type=product&#038;p=38124"},"modified":"2026-04-14T23:29:41","modified_gmt":"2026-04-14T20:29:41","slug":"tarpine-kaljano-kolbai-a1-white","status":"publish","type":"product","link":"https:\/\/hookahshop.lt\/lv\/produkt\/starplikas-udenspipes-kolbas-a1-balts\/","title":{"rendered":"Bl\u012bve \u016bdensp\u012bpes kolbai A1 Balta"},"content":{"rendered":"<h2>Bl\u012bve \u016bdensp\u012bpes kolbai A1 Balta<\/h2>\n<p>Ide\u0101ls izm\u0113rs, lai der\u0113tu liel\u0101kajai da\u013cai \u016bdensp\u012bpju. Pateicoties p\u0101rkl\u0101jumam, tie nesl\u012bd un nenokr\u012bt. Augstas kvalit\u0101tes silikons un ra\u017eo\u0161ana veicina \u0161o starpliku ilgm\u016b\u017e\u012bbu.<\/p>\n<p><strong>Specifik\u0101cijas:<\/strong><br \/>\nBl\u012bves diametrs: 76 mm<br \/>\n\u0100r\u0113jais diametrs: 55 mm<br \/>\nIek\u0161\u0113jais diametrs: 45m<br \/>\nV\u012btnes augstums: 33 mm<br \/>\nDiegi: 3 gab.<\/p>\n<p>Vai jums ir k\u0101di jaut\u0101jumi? Sazinies ar mums\u00a0<a href=\"https:\/\/hookahshop.lt\/lv\/kontaktiem\/\">kontaktu lapa<\/a>\u00a0vai rakstiet mums pa e-pastu\u00a0<a href=\"https:\/\/facebook.com\/HookahShop.lt\/\" target=\"_blank\" rel=\"noopener noreferrer\">Facebook konts<\/a>\u00a0un m\u0113s atbild\u0113sim uz j\u016bsu piepras\u012bjumu taj\u0101 pa\u0161\u0101 dien\u0101.<\/p>","protected":false},"excerpt":{"rendered":"<p>Shisha Flask Spacer A1 White Lielisks izm\u0113rs, kas der liel\u0101kajai da\u013cai \u016bdensp\u012bpju. Pateicoties p\u0101rkl\u0101jumam, tie nesl\u012bd un nenokr\u012bt. Augstas kvalit\u0101tes silikons un izgatavo\u0161ana veicina \u0161o starpliku ilgm\u016b\u017e\u012bbu. Specifik\u0101cijas: Bl\u012bves diametrs: 76mm \u0100r\u0113jais diametrs: 55mm Iek\u0161\u0113jais diametrs: 45m V\u012btnes augstums: 33mm V\u012btnes: 3 gab. Vai jums ir k\u0101di jaut\u0101jumi? Sazinieties ar mums kontaktu lap\u0101 vai rakstiet mums uz m\u016bsu Facebook kontu un m\u0113s atbild\u0113sim uz j\u016bsu [...]<\/p>","protected":false},"featured_media":38125,"comment_status":"open","ping_status":"closed","template":"","meta":[],"_links":{"self":[{"href":"https:\/\/hookahshop.lt\/lv\/wp-json\/wp\/v2\/product\/38124"}],"collection":[{"href":"https:\/\/hookahshop.lt\/lv\/wp-json\/wp\/v2\/product"}],"about":[{"href":"https:\/\/hookahshop.lt\/lv\/wp-json\/wp\/v2\/types\/product"}],"replies":[{"embeddable":true,"href":"https:\/\/hookahshop.lt\/lv\/wp-json\/wp\/v2\/comments?post=38124"}],"version-history":[{"count":3,"href":"https:\/\/hookahshop.lt\/lv\/wp-json\/wp\/v2\/product\/38124\/revisions"}],"predecessor-version":[{"id":45698,"href":"https:\/\/hookahshop.lt\/lv\/wp-json\/wp\/v2\/product\/38124\/revisions\/45698"}],"wp:featuredmedia":[{"embeddable":true,"href":"https:\/\/hookahshop.lt\/lv\/wp-json\/wp\/v2\/media\/38125"}],"wp:attachment":[{"href":"https:\/\/hookahshop.lt\/lv\/wp-json\/wp\/v2\/media?parent=38124"}],"curies":[{"name":"wp","href":"https:\/\/api.w.org\/{rel}","templated":true}]}}