{"id":38193,"date":"2024-01-27T17:50:39","date_gmt":"2024-01-27T15:50:39","guid":{"rendered":"https:\/\/hookahshop.lt\/?post_type=product&#038;p=38193"},"modified":"2026-04-10T23:29:43","modified_gmt":"2026-04-10T20:29:43","slug":"kandiklis-kaljanui-el-badia-gold","status":"publish","type":"product","link":"https:\/\/hookahshop.lt\/lv\/produkt\/iemuti-for-udenspipe-el-badia-zelts\/","title":{"rendered":"\u016adensp\u012bpei EL BADIA Gold"},"content":{"rendered":"<h2>\u016adensp\u012bpei EL BADIA Gold<\/h2>\n<p>\u0160is EL BADIA iemutnis ir izgatavots no alum\u012bnija un sast\u0101v no div\u0101m da\u013c\u0101m: iemut\u0146a un savienot\u0101ja. Piem\u0113rots gandr\u012bz vis\u0101m silikona \u0161\u013c\u016bten\u0113m un da\u017e\u0101da veida vienreizlietojamiem iemutiem.<\/p>\n<p><strong>Specifik\u0101cija:<\/strong><br \/>\nKr\u0101sa: Zelta<br \/>\nMateri\u0101ls: Alum\u012bnijs<br \/>\nGarums: 40 cm<br \/>\nVai jums ir k\u0101di jaut\u0101jumi? Sazinies ar mums\u00a0<a href=\"https:\/\/hookahshop.lt\/lv\/kontaktiem\/\">kontaktu lapa<\/a>\u00a0vai rakstiet mums pa e-pastu\u00a0<a href=\"https:\/\/facebook.com\/HookahShop.lt\/\" target=\"_blank\" rel=\"noopener\">Facebook konts<\/a>\u00a0un m\u0113s atbild\u0113sim uz j\u016bsu piepras\u012bjumu taj\u0101 pa\u0161\u0101 dien\u0101.<\/p>\n<p>&nbsp;<\/p>\n<p>&nbsp;<\/p>\n<p>&nbsp;<\/p>","protected":false},"excerpt":{"rendered":"<p>\u016adensp\u012bpes iemuti EL BADIA Gold \u0160is iemutis EL BADIA ir izgatavots no alum\u012bnija un sast\u0101v no div\u0101m da\u013c\u0101m: iemut\u0146a un savienot\u0101ja. Piem\u0113rots gandr\u012bz vis\u0101m silikona \u0161\u013c\u016bten\u0113m un da\u017e\u0101da veida vienreizlietojamiem iemutiem. Specifik\u0101cija: Kr\u0101sa: Zelts Materi\u0101ls: Alum\u012bnijs Garums: 40 cm Vai ir k\u0101di jaut\u0101jumi? Sazinieties ar mums kontaktu lap\u0101 vai rakstiet mums uz m\u016bsu Facebook kontu, un m\u0113s atbild\u0113sim uz j\u016bsu piepras\u012bjumu [\u2026]<\/p>","protected":false},"featured_media":38195,"comment_status":"open","ping_status":"closed","template":"","meta":[],"_links":{"self":[{"href":"https:\/\/hookahshop.lt\/lv\/wp-json\/wp\/v2\/product\/38193"}],"collection":[{"href":"https:\/\/hookahshop.lt\/lv\/wp-json\/wp\/v2\/product"}],"about":[{"href":"https:\/\/hookahshop.lt\/lv\/wp-json\/wp\/v2\/types\/product"}],"replies":[{"embeddable":true,"href":"https:\/\/hookahshop.lt\/lv\/wp-json\/wp\/v2\/comments?post=38193"}],"version-history":[{"count":4,"href":"https:\/\/hookahshop.lt\/lv\/wp-json\/wp\/v2\/product\/38193\/revisions"}],"predecessor-version":[{"id":44620,"href":"https:\/\/hookahshop.lt\/lv\/wp-json\/wp\/v2\/product\/38193\/revisions\/44620"}],"wp:featuredmedia":[{"embeddable":true,"href":"https:\/\/hookahshop.lt\/lv\/wp-json\/wp\/v2\/media\/38195"}],"wp:attachment":[{"href":"https:\/\/hookahshop.lt\/lv\/wp-json\/wp\/v2\/media?parent=38193"}],"curies":[{"name":"wp","href":"https:\/\/api.w.org\/{rel}","templated":true}]}}