{"id":38202,"date":"2024-01-27T18:19:07","date_gmt":"2024-01-27T16:19:07","guid":{"rendered":"https:\/\/hookahshop.lt\/?post_type=product&#038;p=38202"},"modified":"2026-04-10T23:29:43","modified_gmt":"2026-04-10T20:29:43","slug":"kandiklis-kaljanui-orden-silver","status":"publish","type":"product","link":"https:\/\/hookahshop.lt\/lv\/produkt\/iemuti-for-udenspipe-orden-sudrabs\/","title":{"rendered":"\u016adensp\u012bpes iemutnis ORDEN Silver"},"content":{"rendered":"<h2>\u016adensp\u012bpes iemutnis ORDEN Silver<\/h2>\n<p>\u0160\u012b iemut\u0146a dizains ir minim\u0101ls ar riev\u0101m \u0113rtai tur\u0113\u0161anai. Piem\u0113rots liel\u0101kajai da\u013cai silikona \u0161\u013c\u016bte\u0146u un da\u017e\u0101da veida vienreizlietojamiem iemutiem.<\/p>\n<p><strong>Specifik\u0101cijas:<\/strong><br \/>\nKr\u0101sa: Sudraba<br \/>\nMateri\u0101ls: ner\u016bs\u0113jo\u0161ais t\u0113rauds<br \/>\nGarums: 32 cm<br \/>\nPlatums: 1,3 cm<\/p>\n<p>Vai jums ir k\u0101di jaut\u0101jumi? Sazinies ar mums\u00a0<a href=\"https:\/\/hookahshop.lt\/lv\/kontaktiem\/\">kontaktu lapa<\/a>\u00a0vai rakstiet mums pa e-pastu\u00a0<a href=\"https:\/\/facebook.com\/HookahShop.lt\/\" target=\"_blank\" rel=\"noopener\">Facebook konts<\/a>\u00a0un m\u0113s atbild\u0113sim uz j\u016bsu piepras\u012bjumu taj\u0101 pa\u0161\u0101 dien\u0101.<\/p>","protected":false},"excerpt":{"rendered":"<p>Iemutis \u016bdensp\u012bpei ORDEN Silver \u0160im iemutnim ir minim\u0101ls dizains ar riev\u0101m \u0113rt\u0101kai uzglab\u0101\u0161anai. Piem\u0113rots liel\u0101kajai da\u013cai silikona \u0161\u013c\u016bte\u0146u un da\u017e\u0101da veida vienreizlietojamiem iemutiem. Specifik\u0101cijas: Kr\u0101sa: Sudraba Materi\u0101ls: Ner\u016bs\u0113jo\u0161ais t\u0113rauds Garums: 32 cm Platums: 1,3 cm Jaut\u0101jumi? Sazinieties ar mums kontaktu lap\u0101 vai rakstiet mums uz m\u016bsu Facebook kontu un m\u0113s atbild\u0113sim uz j\u016bsu piepras\u012bjumu taj\u0101 pa\u0161\u0101 dien\u0101.<\/p>","protected":false},"featured_media":38203,"comment_status":"open","ping_status":"closed","template":"","meta":[],"_links":{"self":[{"href":"https:\/\/hookahshop.lt\/lv\/wp-json\/wp\/v2\/product\/38202"}],"collection":[{"href":"https:\/\/hookahshop.lt\/lv\/wp-json\/wp\/v2\/product"}],"about":[{"href":"https:\/\/hookahshop.lt\/lv\/wp-json\/wp\/v2\/types\/product"}],"replies":[{"embeddable":true,"href":"https:\/\/hookahshop.lt\/lv\/wp-json\/wp\/v2\/comments?post=38202"}],"version-history":[{"count":2,"href":"https:\/\/hookahshop.lt\/lv\/wp-json\/wp\/v2\/product\/38202\/revisions"}],"predecessor-version":[{"id":38261,"href":"https:\/\/hookahshop.lt\/lv\/wp-json\/wp\/v2\/product\/38202\/revisions\/38261"}],"wp:featuredmedia":[{"embeddable":true,"href":"https:\/\/hookahshop.lt\/lv\/wp-json\/wp\/v2\/media\/38203"}],"wp:attachment":[{"href":"https:\/\/hookahshop.lt\/lv\/wp-json\/wp\/v2\/media?parent=38202"}],"curies":[{"name":"wp","href":"https:\/\/api.w.org\/{rel}","templated":true}]}}