{"id":38215,"date":"2024-01-27T19:01:05","date_gmt":"2024-01-27T17:01:05","guid":{"rendered":"https:\/\/hookahshop.lt\/?post_type=product&#038;p=38215"},"modified":"2026-04-20T23:29:37","modified_gmt":"2026-04-20T20:29:37","slug":"kandiklis-kaljanui-starbuzz-gold-su-zarna","status":"publish","type":"product","link":"https:\/\/hookahshop.lt\/lv\/produkt\/udenspipe-iemuti-starbuzz-zelts-ar-zarnu\/","title":{"rendered":"\u016adensp\u012bpes iemutnis STARBUZZ Gold ar \u0161\u013c\u016bteni"},"content":{"rendered":"<h2>\u016adensp\u012bpes iemutnis STARBUZZ Gold ar \u0161\u013c\u016bteni<\/h2>\n<p>Amerik\u0101\u0146u z\u012bmola STARBUZZ komplekt\u0101cij\u0101 ietilpst silikona \u0161\u013c\u016btene ar kompaktu anod\u0113ta alum\u012bnija iemuti. Iemuts ir izgrebts un p\u0101rkl\u0101ts ar m\u012bksta piesk\u0101riena gumiju \u0113rt\u0101kai tur\u0113\u0161anai. \u0160is iemutnis ar \u0161\u013c\u016bteni nodro\u0161ina pat\u012bkamu d\u016bmu saj\u016btu un vienm\u0113r\u012bgu sm\u0113\u0137\u0113\u0161anas procesu.<\/p>\n<p><strong>Specifik\u0101cijas:<\/strong><br \/>\nKr\u0101sa: Zelta<br \/>\nMateri\u0101ls: Alum\u012bnijs<br \/>\nGarums: 22 cm<br \/>\n\u0160\u013c\u016btenes kr\u0101sa: melna (m\u012bksts piesk\u0101riens)<br \/>\n\u0160\u013c\u016btenes garums: 150 cm<\/p>\n<p><strong>Apr\u012bkojums:<\/strong><br \/>\nKaste, iemutnis, \u0161\u013c\u016btene.<\/p>\n<p>Vai jums ir k\u0101di jaut\u0101jumi? Sazinies ar mums\u00a0<a href=\"https:\/\/hookahshop.lt\/lv\/kontaktiem\/\">kontaktu lapa<\/a>\u00a0vai rakstiet mums pa e-pastu\u00a0<a href=\"https:\/\/facebook.com\/HookahShop.lt\/\" target=\"_blank\" rel=\"noopener\">Facebook konts<\/a>\u00a0un m\u0113s atbild\u0113sim uz j\u016bsu piepras\u012bjumu taj\u0101 pa\u0161\u0101 dien\u0101.<\/p>","protected":false},"excerpt":{"rendered":"<p>\u016adensp\u012bpes iemuti STARBUZZ Gold ar \u0161\u013c\u016bteni Amerik\u0101\u0146u z\u012bmola STARBUZZ komplekt\u0101 ietilpst silikona \u0161\u013c\u016btene ar kompaktu anod\u0113ta alum\u012bnija iemuti. Iemuts ir izgrebts un p\u0101rkl\u0101ts ar m\u012bksta piesk\u0101riena gumiju \u0113rt\u0101kai tur\u0113\u0161anai. \u0160is iemutnis ar \u0161\u013c\u016bteni nodro\u0161ina pat\u012bkamu d\u016bmu saj\u016btu un vienm\u0113r\u012bgu sm\u0113\u0137\u0113\u0161anas procesu. Specifik\u0101cijas: Kr\u0101sa: Zelta Materi\u0101ls: Alum\u012bnijs Garums: 22 cm \u0160\u013c\u016btenes kr\u0101sa: Melna (m\u012bksts piesk\u0101riens) \u0160\u013c\u016btenes garums: [\u2026]<\/p>","protected":false},"featured_media":38216,"comment_status":"open","ping_status":"closed","template":"","meta":[],"_links":{"self":[{"href":"https:\/\/hookahshop.lt\/lv\/wp-json\/wp\/v2\/product\/38215"}],"collection":[{"href":"https:\/\/hookahshop.lt\/lv\/wp-json\/wp\/v2\/product"}],"about":[{"href":"https:\/\/hookahshop.lt\/lv\/wp-json\/wp\/v2\/types\/product"}],"replies":[{"embeddable":true,"href":"https:\/\/hookahshop.lt\/lv\/wp-json\/wp\/v2\/comments?post=38215"}],"version-history":[{"count":3,"href":"https:\/\/hookahshop.lt\/lv\/wp-json\/wp\/v2\/product\/38215\/revisions"}],"predecessor-version":[{"id":38259,"href":"https:\/\/hookahshop.lt\/lv\/wp-json\/wp\/v2\/product\/38215\/revisions\/38259"}],"wp:featuredmedia":[{"embeddable":true,"href":"https:\/\/hookahshop.lt\/lv\/wp-json\/wp\/v2\/media\/38216"}],"wp:attachment":[{"href":"https:\/\/hookahshop.lt\/lv\/wp-json\/wp\/v2\/media?parent=38215"}],"curies":[{"name":"wp","href":"https:\/\/api.w.org\/{rel}","templated":true}]}}