{"id":38225,"date":"2024-01-27T19:17:31","date_gmt":"2024-01-27T17:17:31","guid":{"rendered":"https:\/\/hookahshop.lt\/?post_type=product&#038;p=38225"},"modified":"2026-04-15T23:29:35","modified_gmt":"2026-04-15T20:29:35","slug":"zarna-silikonine-el-badia-black","status":"publish","type":"product","link":"https:\/\/hookahshop.lt\/lv\/produkt\/slutene-silikona-el-badia-melna\/","title":{"rendered":"Silikona \u0161\u013c\u016btene EL BADIA Melna"},"content":{"rendered":"<h2>Silikona \u0161\u013c\u016btene EL BADIA Melna<\/h2>\n<p>Izgatavots no medic\u012bnisk\u0101 silikona ar antistatisku p\u0101rkl\u0101jumu. Tas ir dro\u0161s vesel\u012bbai, kars\u0113jot neizdala kait\u012bgus piemais\u012bjumus un tam nav sve\u0161as smakas. Silikona \u0161\u013c\u016btene, kas p\u0101rkl\u0101ta ar &quot;Soft touch&quot; ir pat\u012bkama taustei, nesav\u0101c putek\u013cus, paliek elast\u012bga.<\/p>\n<p><strong>Specifik\u0101cijas:<\/strong><br \/>\nKr\u0101sa melna<br \/>\nGarums: 1,50 m<br \/>\nMateri\u0101ls: Soft Touch silikons<\/p>\n<p>&nbsp;<\/p>\n<p>Vai jums ir k\u0101di jaut\u0101jumi? Sazinies ar mums\u00a0<a href=\"https:\/\/hookahshop.lt\/lv\/kontaktiem\/\">kontaktu lapa<\/a>\u00a0vai rakstiet mums pa e-pastu\u00a0<a href=\"https:\/\/facebook.com\/HookahShop.lt\/\" target=\"_blank\" rel=\"noopener\">Facebook konts<\/a>\u00a0un m\u0113s atbild\u0113sim uz j\u016bsu piepras\u012bjumu taj\u0101 pa\u0161\u0101 dien\u0101.<\/p>","protected":false},"excerpt":{"rendered":"<p>Silikona \u0161\u013c\u016btene EL BADIA Black Izgatavota no medic\u012bnisk\u0101 silikona ar antistatisku p\u0101rkl\u0101jumu. Tas ir dro\u0161s vesel\u012bbai, kars\u0113jot neizdala kait\u012bgus piemais\u012bjumus un tam nav sve\u0161as smakas. Silikona \u0161\u013c\u016btene, kas p\u0101rkl\u0101ta ar &quot;Soft touch&quot; ir pat\u012bkama taustei, nesav\u0101c putek\u013cus, paliek elast\u012bga. Specifik\u0101cijas: Kr\u0101sa: Melns Garums: 1.50m Materi\u0101ls: Silikons Soft Touch Vai jums ir k\u0101di jaut\u0101jumi? Sazinieties ar mums kontaktu lap\u0101 vai rakstiet mums [...]<\/p>","protected":false},"featured_media":38232,"comment_status":"open","ping_status":"closed","template":"","meta":[],"_links":{"self":[{"href":"https:\/\/hookahshop.lt\/lv\/wp-json\/wp\/v2\/product\/38225"}],"collection":[{"href":"https:\/\/hookahshop.lt\/lv\/wp-json\/wp\/v2\/product"}],"about":[{"href":"https:\/\/hookahshop.lt\/lv\/wp-json\/wp\/v2\/types\/product"}],"replies":[{"embeddable":true,"href":"https:\/\/hookahshop.lt\/lv\/wp-json\/wp\/v2\/comments?post=38225"}],"version-history":[{"count":3,"href":"https:\/\/hookahshop.lt\/lv\/wp-json\/wp\/v2\/product\/38225\/revisions"}],"predecessor-version":[{"id":38257,"href":"https:\/\/hookahshop.lt\/lv\/wp-json\/wp\/v2\/product\/38225\/revisions\/38257"}],"wp:featuredmedia":[{"embeddable":true,"href":"https:\/\/hookahshop.lt\/lv\/wp-json\/wp\/v2\/media\/38232"}],"wp:attachment":[{"href":"https:\/\/hookahshop.lt\/lv\/wp-json\/wp\/v2\/media?parent=38225"}],"curies":[{"name":"wp","href":"https:\/\/api.w.org\/{rel}","templated":true}]}}