{"id":38234,"date":"2024-01-27T19:44:01","date_gmt":"2024-01-27T17:44:01","guid":{"rendered":"https:\/\/hookahshop.lt\/?post_type=product&#038;p=38234"},"modified":"2026-04-17T23:29:57","modified_gmt":"2026-04-17T20:29:57","slug":"sepetelis-kaljano-sachtai-white-36cm","status":"publish","type":"product","link":"https:\/\/hookahshop.lt\/lv\/produkt\/sepetelis-udenspipe-sledzenes-baltas-36cm\/","title":{"rendered":"Birste \u016bdensp\u012bpes k\u0101tam Balta 36cm"},"content":{"rendered":"<h2>Birste \u016bdensp\u012bpes k\u0101tam Balta 36cm<\/h2>\n<p>Met\u0101la stiep\u013cu birste ar neilona sariem, lieliski piem\u0113rota \u016bdensp\u012bpes k\u0101tu, b\u013codu, bong b\u013codu un cauru\u013cu t\u012br\u012b\u0161anai.<\/p>\n<p><strong>Specifik\u0101cijas:<\/strong><br \/>\nGarums: 36 cm<br \/>\nSaru garums: 19 cm<br \/>\nPlatums: 1,5 cm<\/p>\n<p>&nbsp;<\/p>\n<p>Vai jums ir k\u0101di jaut\u0101jumi? Sazinies ar mums\u00a0<a href=\"https:\/\/hookahshop.lt\/lv\/kontaktiem\/\">kontaktu lapa<\/a>\u00a0vai rakstiet mums pa e-pastu\u00a0<a href=\"https:\/\/facebook.com\/HookahShop.lt\/\" target=\"_blank\" rel=\"noopener\">Facebook konts<\/a>\u00a0un m\u0113s atbild\u0113sim uz j\u016bsu piepras\u012bjumu taj\u0101 pa\u0161\u0101 dien\u0101.<\/p>","protected":false},"excerpt":{"rendered":"<p>\u016adensp\u012bpes k\u0101ta birste Balta 36cm Met\u0101la stiep\u013cu birste ar neilona sariem, t\u0101p\u0113c lieliski piem\u0113rota \u016bdensp\u012bpes k\u0101tu, kr\u016bz\u012b\u0161u, bong kr\u016bz\u012b\u0161u un cauru\u013cu t\u012br\u012b\u0161anai. Specifik\u0101cijas: Garums: 36cm Saru garums: 19cm Platums: 1,5cm Jaut\u0101jumi? Sazinieties ar mums kontaktu lap\u0101 vai rakstiet mums uz m\u016bsu Facebook kontu un m\u0113s atbild\u0113sim uz j\u016bsu piepras\u012bjumu taj\u0101 pa\u0161\u0101 dien\u0101.<\/p>","protected":false},"featured_media":38240,"comment_status":"open","ping_status":"closed","template":"","meta":[],"_links":{"self":[{"href":"https:\/\/hookahshop.lt\/lv\/wp-json\/wp\/v2\/product\/38234"}],"collection":[{"href":"https:\/\/hookahshop.lt\/lv\/wp-json\/wp\/v2\/product"}],"about":[{"href":"https:\/\/hookahshop.lt\/lv\/wp-json\/wp\/v2\/types\/product"}],"replies":[{"embeddable":true,"href":"https:\/\/hookahshop.lt\/lv\/wp-json\/wp\/v2\/comments?post=38234"}],"version-history":[{"count":4,"href":"https:\/\/hookahshop.lt\/lv\/wp-json\/wp\/v2\/product\/38234\/revisions"}],"predecessor-version":[{"id":40079,"href":"https:\/\/hookahshop.lt\/lv\/wp-json\/wp\/v2\/product\/38234\/revisions\/40079"}],"wp:featuredmedia":[{"embeddable":true,"href":"https:\/\/hookahshop.lt\/lv\/wp-json\/wp\/v2\/media\/38240"}],"wp:attachment":[{"href":"https:\/\/hookahshop.lt\/lv\/wp-json\/wp\/v2\/media?parent=38234"}],"curies":[{"name":"wp","href":"https:\/\/api.w.org\/{rel}","templated":true}]}}