{"id":38457,"date":"2024-03-03T19:55:01","date_gmt":"2024-03-03T17:55:01","guid":{"rendered":"https:\/\/hookahshop.lt\/?post_type=product&#038;p=38457"},"modified":"2026-04-16T10:21:39","modified_gmt":"2026-04-16T07:21:39","slug":"taurele-kaljanui-cosmo-turkish-dragon","status":"publish","type":"product","link":"https:\/\/hookahshop.lt\/lv\/produkt\/kauss-for-udenspipe-kosmo-turku-pukis\/","title":{"rendered":"Kauss \u016bdensp\u012bpei COSMO Turkish Dragon"},"content":{"rendered":"<h2>Kauss \u016bdensp\u012bpei COSMO Turkish Dragon<\/h2>\n<p>Labi izklied\u0113 siltumu, lieliski atkl\u0101j tabakas gar\u0161u. Kr\u016bz\u012bte piem\u0113rota viegl\u0101m, vid\u0113ji sp\u0113c\u012bg\u0101m un sp\u0113c\u012bg\u0101m sesij\u0101m. Univers\u0101ls variants visiem \u016bdensp\u012bpes tabakas veidiem. Kr\u016bz\u012btes dibens nep\u0101rkarst biez\u0101 m\u0101la d\u0113\u013c, t\u0101p\u0113c to ir dro\u0161i un \u0113rti iz\u0146emt p\u0113c \u016bdensp\u012bpes seansa.<br \/>\nKr\u016bz\u012bt\u0113 ir ~ 18-25 g tabakas (atkar\u012bb\u0101 no izmantot\u0101s iepako\u0161anas metodes).<\/p>\n<p><strong>Specifik\u0101cijas:<\/strong><br \/>\nTips: turku<br \/>\nMateri\u0101ls: M\u0101ls<br \/>\nAugstums: ~8,5 cm<br \/>\nDiametrs (\u0101r\u0113jais): ~6,8 cm<\/p>\n<p>&nbsp;<\/p>\n<p>Vai jums ir k\u0101di jaut\u0101jumi? Sazinies ar mums\u00a0<a href=\"https:\/\/hookahshop.lt\/lv\/kontaktiem\/\">kontaktu lapa<\/a>\u00a0vai rakstiet mums pa e-pastu\u00a0<a href=\"https:\/\/facebook.com\/HookahShop.lt\/\" target=\"_blank\" rel=\"noopener\">Facebook konts<\/a>\u00a0un m\u0113s atbild\u0113sim uz j\u016bsu piepras\u012bjumu taj\u0101 pa\u0161\u0101 dien\u0101.<\/p>","protected":false},"excerpt":{"rendered":"<p>COSMO Turkish Dragon \u016bdensp\u012bpes kr\u016bze Labi izklied\u0113 siltumu, lieliski atkl\u0101j tabakas gar\u0161u. Kr\u016bz\u012bte piem\u0113rota viegl\u0101m, vid\u0113ji sp\u0113c\u012bg\u0101m un sp\u0113c\u012bg\u0101m sesij\u0101m. Univers\u0101ls variants visu veidu \u016bdensp\u012bpes tabakai. Kr\u016bz\u012btes dibens nep\u0101rkarst biez\u0101 m\u0101la d\u0113\u013c, t\u0101p\u0113c to ir dro\u0161i un \u0113rti iz\u0146emt p\u0113c \u016bdensp\u012bpes seansa. Kr\u016bz\u012bt\u0113 ir ~ 18-25 g tabakas (atkar\u012bb\u0101 no izmantot\u0101s iepako\u0161anas metodes). Specifik\u0101cijas: tips: turku [\u2026]<\/p>","protected":false},"featured_media":38461,"comment_status":"open","ping_status":"closed","template":"","meta":[],"_links":{"self":[{"href":"https:\/\/hookahshop.lt\/lv\/wp-json\/wp\/v2\/product\/38457"}],"collection":[{"href":"https:\/\/hookahshop.lt\/lv\/wp-json\/wp\/v2\/product"}],"about":[{"href":"https:\/\/hookahshop.lt\/lv\/wp-json\/wp\/v2\/types\/product"}],"replies":[{"embeddable":true,"href":"https:\/\/hookahshop.lt\/lv\/wp-json\/wp\/v2\/comments?post=38457"}],"version-history":[{"count":4,"href":"https:\/\/hookahshop.lt\/lv\/wp-json\/wp\/v2\/product\/38457\/revisions"}],"predecessor-version":[{"id":45466,"href":"https:\/\/hookahshop.lt\/lv\/wp-json\/wp\/v2\/product\/38457\/revisions\/45466"}],"wp:featuredmedia":[{"embeddable":true,"href":"https:\/\/hookahshop.lt\/lv\/wp-json\/wp\/v2\/media\/38461"}],"wp:attachment":[{"href":"https:\/\/hookahshop.lt\/lv\/wp-json\/wp\/v2\/media?parent=38457"}],"curies":[{"name":"wp","href":"https:\/\/api.w.org\/{rel}","templated":true}]}}