{"id":38661,"date":"2024-03-24T14:11:07","date_gmt":"2024-03-24T12:11:07","guid":{"rendered":"https:\/\/hookahshop.lt\/?post_type=product&#038;p=38661"},"modified":"2025-11-06T20:59:54","modified_gmt":"2025-11-06T18:59:54","slug":"malta-kava-coffee-cruise-sweet-brazil-250g","status":"publish","type":"product","link":"https:\/\/hookahshop.lt\/lv\/produkt\/malta-kafija-kafija-kruizs-saldais-brazilija-250g\/","title":{"rendered":"Malt\u0101 kafija COFFEE CRUISE Sweet Brazil 250g"},"content":{"rendered":"<h2>Malt\u0101 kafija COFFEE CRUISE Sweet Brazil 250g<\/h2>\n<p>Kafija ar sabalans\u0113tu gar\u0161u, ko raksturo zems sk\u0101bums. Intens\u012bva, ilgsto\u0161a p\u0113cgar\u0161a, kas izce\u013cas <strong><em>rieksti<\/em><\/strong>,\u00a0<em><strong>tum\u0161\u0101 \u0161okol\u0101de<\/strong><\/em>\u00a0un\u00a0<strong><em>\u017e\u0101v\u0113ti aug\u013ci<\/em><\/strong> notis aicina v\u0113lreiz izbaud\u012bt saldo Braz\u012blijas sauli. Gar\u0161a ir maiga un \u013coti pat\u012bkama. Tum\u0161\u0101s \u0161okol\u0101des r\u016bgtums, dzerot \u0161o kafiju, patiks tiem kafijas cien\u012bt\u0101jiem, kuri dienas laik\u0101 palutina sevi ar vair\u0101k\u0101m tas\u012bt\u0113m. Kafijas pupi\u0146u ilgsto\u0161ais gatavo\u0161anas periods pie\u0161\u0137ir tai briedumu, stingr\u012bbu, t\u0101s lab\u0101s gar\u0161as \u012bpa\u0161\u012bbas, kuras augstu v\u0113rt\u0113 \u012bsti kafijas cien\u012bt\u0101ji.<\/p>\n<p><strong>Iesp\u0113jas:<\/strong><\/p>\n<ul>\n<li>Kafijas veids: Arabica 100%<\/li>\n<li>Sp\u0113ks: 4\/10<\/li>\n<li>Grauzd\u0113\u0161ana:\u00a0<strong>Vid\u0113ji<\/strong>.<\/li>\n<li>Pamatteksts:<strong>\u00a0Viegli.<\/strong>\u00a0Lieliski piem\u0113rots maigas kafijas baud\u012b\u0161anai;<\/li>\n<li>Arom\u0101ts un saldums:\u00a0<strong>Kakao un \u0161okol\u0101de.<\/strong><\/li>\n<li>R\u016bgtums:\u00a0<strong>Rieksti.<\/strong><\/li>\n<li>Augl\u012bba:\u00a0<strong>Roz\u012bnes.<\/strong><\/li>\n<li><b>Ir izdev\u012bgi ieg\u0101d\u0101ties:<\/b> 250 g \u2248 20 tases kafijas.<\/li>\n<li>Augsti ieteicams\u00a0<b>kafijas autom\u0101tiem<\/b>.<\/li>\n<\/ul>\n<p>Vai jums ir k\u0101di jaut\u0101jumi? Sazinies ar mums\u00a0<a href=\"https:\/\/hookahshop.lt\/lv\/kontaktiem\/\">kontaktu lapa<\/a>\u00a0vai rakstiet mums pa e-pastu\u00a0<a href=\"https:\/\/facebook.com\/HookahShop.lt\/\" target=\"_blank\" rel=\"noopener\">Facebook konts<\/a>\u00a0un m\u0113s atbild\u0113sim uz j\u016bsu piepras\u012bjumu taj\u0101 pa\u0161\u0101 dien\u0101.<\/p>\n<p>&nbsp;<\/p>","protected":false},"excerpt":{"rendered":"<p>Malt\u0101 kafija COFFEE CRUISE Sweet Brazil 250g Kafija ar sabalans\u0113tu gar\u0161u, ko raksturo zems sk\u0101bums. Intens\u012bva, ilgsto\u0161i notur\u012bga p\u0113cgar\u0161a, kur\u0101 par\u0101d\u0101s riekstu, tum\u0161\u0101s \u0161okol\u0101des un \u017e\u0101v\u0113tu aug\u013cu notis, k\u0101rdin\u0101s v\u0113lreiz nobaud\u012bt saldo Braz\u012blijas sauli. Gar\u0161a ir maiga un \u013coti pat\u012bkama. Tum\u0161\u0101s \u0161okol\u0101des r\u016bgtums, dzerot \u0161o kafiju, patiks tiem kafijas cien\u012bt\u0101jiem, kuri dienas laik\u0101 palutina sevi ar vair\u0101k\u0101m tas\u012bt\u0113m. Gara kafija [\u2026]<\/p>","protected":false},"featured_media":38663,"comment_status":"open","ping_status":"closed","template":"","meta":[],"_links":{"self":[{"href":"https:\/\/hookahshop.lt\/lv\/wp-json\/wp\/v2\/product\/38661"}],"collection":[{"href":"https:\/\/hookahshop.lt\/lv\/wp-json\/wp\/v2\/product"}],"about":[{"href":"https:\/\/hookahshop.lt\/lv\/wp-json\/wp\/v2\/types\/product"}],"replies":[{"embeddable":true,"href":"https:\/\/hookahshop.lt\/lv\/wp-json\/wp\/v2\/comments?post=38661"}],"version-history":[{"count":5,"href":"https:\/\/hookahshop.lt\/lv\/wp-json\/wp\/v2\/product\/38661\/revisions"}],"predecessor-version":[{"id":39137,"href":"https:\/\/hookahshop.lt\/lv\/wp-json\/wp\/v2\/product\/38661\/revisions\/39137"}],"wp:featuredmedia":[{"embeddable":true,"href":"https:\/\/hookahshop.lt\/lv\/wp-json\/wp\/v2\/media\/38663"}],"wp:attachment":[{"href":"https:\/\/hookahshop.lt\/lv\/wp-json\/wp\/v2\/media?parent=38661"}],"curies":[{"name":"wp","href":"https:\/\/api.w.org\/{rel}","templated":true}]}}