{"id":38680,"date":"2024-03-24T14:31:53","date_gmt":"2024-03-24T12:31:53","guid":{"rendered":"https:\/\/hookahshop.lt\/?post_type=product&#038;p=38680"},"modified":"2025-11-06T20:59:53","modified_gmt":"2025-11-06T18:59:53","slug":"malta-kava-coffee-cruise-santos-250g","status":"publish","type":"product","link":"https:\/\/hookahshop.lt\/lv\/produkt\/malta-kafija-kafija-kruizs-santos-250g\/","title":{"rendered":"Malt\u0101 kafija COFFEE CRUISE Santos 250g"},"content":{"rendered":"<h2>Malt\u0101 kafija COFFEE CRUISE Santos 250g<\/h2>\n<p>Rakstur\u012bgs ar zemu sk\u0101bumu. Sabalans\u0113tas gar\u0161as cien\u012bt\u0101jus \u0161\u012b kafija iepriecin\u0101s <b><strong><i><em>\u0161okol\u0101de un aug\u013ci<\/em><\/i><\/strong><\/b>\u00a0notis un pat\u012bkami salds\u00a0<i><em><b><strong>karameles<\/strong><\/b><\/em><\/i> arom\u0101ts. T\u0101 ir kafija, kur\u0101 domin\u0113 maigas notis, kas \u013cauj sajust kafijas bag\u0101t\u012bgo gar\u0161u un sajust t\u0101s arom\u0101tu. Kafijas salduma un r\u016bgtuma kombin\u0101cija ir tik smalka un harmoniska, ka to bie\u017ei vien kop\u0101 d\u0113v\u0113 par kvalitat\u012bvas kafijas z\u012bmi. Braz\u012blij\u0101 audz\u0113t\u0101 kafija tiek uzskat\u012bta par \u012bpa\u0161i arom\u0101tisku, ar izteiktu karame\u013cu p\u0113cgar\u0161u un smalku r\u016bgtumu, kas liek dom\u0101t, ka kafija tika iev\u0101kta maksim\u0101li gatav\u0101 laik\u0101.<\/p>\n<p><strong>Iesp\u0113jas:<\/strong><\/p>\n<ul>\n<li>Kafijas veids: Arabica 100%<\/li>\n<li>Sp\u0113ks: 4\/10<\/li>\n<li>Grauzd\u0113\u0161ana:\u00a0<strong>Vid\u0113ji<\/strong>.<\/li>\n<li>Pamatteksts:<strong>\u00a0Viegli.<\/strong>\u00a0Lieliski piem\u0113rots maigas kafijas baud\u012b\u0161anai;<\/li>\n<li>Arom\u0101ts un saldums:\u00a0<strong>Karameles.<\/strong><\/li>\n<li>R\u016bgtums:\u00a0<strong>R\u016bgt\u0101 \u0161okol\u0101de.<\/strong><\/li>\n<li>Augl\u012bba:\u00a0<strong>Datumi.<\/strong><\/li>\n<li aria-level=\"1\"><b>Ir izdev\u012bgi ieg\u0101d\u0101ties:<\/b> 250 g \u2248 20 tases kafijas.<\/li>\n<li aria-level=\"1\">Augsti ieteicams\u00a0<b>kafijas autom\u0101tiem<\/b>.<\/li>\n<\/ul>\n<p>Vai jums ir k\u0101di jaut\u0101jumi? Sazinies ar mums\u00a0<a href=\"https:\/\/hookahshop.lt\/lv\/kontaktiem\/\">kontaktu lapa<\/a>\u00a0vai rakstiet mums pa e-pastu\u00a0<a href=\"https:\/\/facebook.com\/HookahShop.lt\/\" target=\"_blank\" rel=\"noopener\">Facebook konts<\/a>\u00a0un m\u0113s atbild\u0113sim uz j\u016bsu piepras\u012bjumu taj\u0101 pa\u0161\u0101 dien\u0101.<\/p>","protected":false},"excerpt":{"rendered":"<p>Malt\u0101 kafija COFFEE CRUISE Santos 250g Rakstur\u012bgs ar zemu sk\u0101bumu. Sabalans\u0113tas gar\u0161as cien\u012bt\u0101jus iepriecin\u0101s \u0161\u012b kafija ar \u0161okol\u0101des un aug\u013cu not\u012bm un pat\u012bkami saldenu karame\u013cu arom\u0101tu. T\u0101 ir kafija, kur\u0101 domin\u0113 maigas notis, kas \u013cauj sajust kafijas bag\u0101t\u012bgo gar\u0161u un sajust t\u0101s arom\u0101tu. Kafijas salduma un r\u016bgtuma kombin\u0101cija \u2013 t\u0101 ir tik maiga un harmoniska, ka bie\u017ei vien kop\u0101 tiek d\u0113v\u0113ta par kvalitat\u012bvu kafiju [...]<\/p>","protected":false},"featured_media":38681,"comment_status":"open","ping_status":"closed","template":"","meta":[],"_links":{"self":[{"href":"https:\/\/hookahshop.lt\/lv\/wp-json\/wp\/v2\/product\/38680"}],"collection":[{"href":"https:\/\/hookahshop.lt\/lv\/wp-json\/wp\/v2\/product"}],"about":[{"href":"https:\/\/hookahshop.lt\/lv\/wp-json\/wp\/v2\/types\/product"}],"replies":[{"embeddable":true,"href":"https:\/\/hookahshop.lt\/lv\/wp-json\/wp\/v2\/comments?post=38680"}],"version-history":[{"count":3,"href":"https:\/\/hookahshop.lt\/lv\/wp-json\/wp\/v2\/product\/38680\/revisions"}],"predecessor-version":[{"id":39135,"href":"https:\/\/hookahshop.lt\/lv\/wp-json\/wp\/v2\/product\/38680\/revisions\/39135"}],"wp:featuredmedia":[{"embeddable":true,"href":"https:\/\/hookahshop.lt\/lv\/wp-json\/wp\/v2\/media\/38681"}],"wp:attachment":[{"href":"https:\/\/hookahshop.lt\/lv\/wp-json\/wp\/v2\/media?parent=38680"}],"curies":[{"name":"wp","href":"https:\/\/api.w.org\/{rel}","templated":true}]}}