{"id":38693,"date":"2024-03-24T15:10:20","date_gmt":"2024-03-24T13:10:20","guid":{"rendered":"https:\/\/hookahshop.lt\/?post_type=product&#038;p=38693"},"modified":"2025-11-06T20:59:52","modified_gmt":"2025-11-06T18:59:52","slug":"malta-kava-coffee-cruise-peru-250g","status":"publish","type":"product","link":"https:\/\/hookahshop.lt\/lv\/produkt\/malta-kafija-kafija-kruizs-peru-250g\/","title":{"rendered":"Malt\u0101 kafija COFFEE CRUISE Peru 250g"},"content":{"rendered":"<h2>Malt\u0101 kafija COFFEE CRUISE Peru 250g<\/h2>\n<p>T\u0101 ir kafija, kas tiek nov\u0101kta tikai ar cilv\u0113ka rok\u0101m, atsakoties no tehnolo\u0123ij\u0101m, r\u016bp\u012bgi izv\u0113rt\u0113jot un uzraugot visu kafijas nov\u0101k\u0161anas un apstr\u0101des procesu. Ar maigu, laipnu raksturu <strong>mandeles<\/strong>\u00a0r\u016bgtums, kas tiek pievienots\u00a0<strong>karameles<\/strong>\u00a0saldums un tikko j\u016btams\u00a0<strong>rieksti<\/strong> p\u0113cgar\u0161u, tas p\u0101rsteidz ar savu vieglumu un smalkumu. Ogu aug\u013cainums ir tik tikko man\u0101ms, un pat\u012bkamais sk\u0101bums mudina iedzert v\u0113l vienu malku, baud\u012bt to nesteidz\u012bgi un nesteidz\u012bgi. Kafijas pazin\u0113ji \u012bpa\u0161i nov\u0113rt\u0113 Peru kafijas unik\u0101lo arom\u0101tu, kam piem\u012bt gar\u0161augu un ziedu arom\u0101ts. Un p\u0113c nogar\u0161o\u0161anas rieksti un karamele, mande\u013cu r\u016bgtums, un knapi j\u016btama tum\u0161\u0101s \u0161okol\u0101des sp\u0113le.<\/p>\n<p><strong>Iesp\u0113jas:<\/strong><\/p>\n<ul>\n<li>Kafijas veids: Arabica 100%<\/li>\n<li>Sp\u0113ks: 5\/10<\/li>\n<li>Grauzd\u0113\u0161ana:\u00a0<strong>Vid\u0113ji<\/strong>.<\/li>\n<li>Pamatteksts:<strong>\u00a0Viegli.<\/strong>\u00a0Lieliski piem\u0113rots maigas kafijas baud\u012b\u0161anai;<\/li>\n<li>Arom\u0101ts un saldums:\u00a0<strong>Karamele un gar\u0161augi.<\/strong><\/li>\n<li>R\u016bgtums:\u00a0<strong>Mandeles<\/strong><strong>.<\/strong><\/li>\n<li>Augl\u012bba:\u00a0<strong>Ogas<\/strong><strong>.<\/strong><\/li>\n<li aria-level=\"1\"><b>Ir izdev\u012bgi ieg\u0101d\u0101ties:<\/b> 1 kg \u2248 100 tases kafijas.<\/li>\n<li aria-level=\"1\">Augsti ieteicams\u00a0<b>kafijas autom\u0101tiem<\/b>.<\/li>\n<\/ul>\n<p>Vai jums ir k\u0101di jaut\u0101jumi? Sazinies ar mums\u00a0<a href=\"https:\/\/hookahshop.lt\/lv\/kontaktiem\/\">kontaktu lapa<\/a>\u00a0vai rakstiet mums pa e-pastu\u00a0<a href=\"https:\/\/facebook.com\/HookahShop.lt\/\" target=\"_blank\" rel=\"noopener\">Facebook konts<\/a>\u00a0un m\u0113s atbild\u0113sim uz j\u016bsu piepras\u012bjumu taj\u0101 pa\u0161\u0101 dien\u0101.<\/p>\n<p>&nbsp;<\/p>","protected":false},"excerpt":{"rendered":"<p>Malt\u0101 kafija COFFEE CRUISE Peru 250g T\u0101 ir kafija, kuru nov\u0101c tikai cilv\u0113ka rokas, p\u0113c tehnikas atme\u0161anas, r\u016bp\u012bgi izv\u0113rt\u0113jot un uzraugot visu kafijas nov\u0101k\u0161anas un apstr\u0101des procesu. Satur maigu, pat\u012bkamu mande\u013cu r\u016bgtumu, ko papildina karameles saldums un tikko j\u016btama riekstu p\u0113cgar\u0161a, t\u0101 p\u0101rsteidz ar savu vieglumu un smalkumu. Ogu aug\u013cainums ir tik tikko man\u0101ms, un pat\u012bkamais sk\u0101bums mudina nogar\u0161ot v\u0113l vienu malku, l\u0113n\u0101m baud\u012bt [\u2026]<\/p>","protected":false},"featured_media":38696,"comment_status":"open","ping_status":"closed","template":"","meta":[],"_links":{"self":[{"href":"https:\/\/hookahshop.lt\/lv\/wp-json\/wp\/v2\/product\/38693"}],"collection":[{"href":"https:\/\/hookahshop.lt\/lv\/wp-json\/wp\/v2\/product"}],"about":[{"href":"https:\/\/hookahshop.lt\/lv\/wp-json\/wp\/v2\/types\/product"}],"replies":[{"embeddable":true,"href":"https:\/\/hookahshop.lt\/lv\/wp-json\/wp\/v2\/comments?post=38693"}],"version-history":[{"count":3,"href":"https:\/\/hookahshop.lt\/lv\/wp-json\/wp\/v2\/product\/38693\/revisions"}],"predecessor-version":[{"id":39133,"href":"https:\/\/hookahshop.lt\/lv\/wp-json\/wp\/v2\/product\/38693\/revisions\/39133"}],"wp:featuredmedia":[{"embeddable":true,"href":"https:\/\/hookahshop.lt\/lv\/wp-json\/wp\/v2\/media\/38696"}],"wp:attachment":[{"href":"https:\/\/hookahshop.lt\/lv\/wp-json\/wp\/v2\/media?parent=38693"}],"curies":[{"name":"wp","href":"https:\/\/api.w.org\/{rel}","templated":true}]}}