{"id":38706,"date":"2024-03-24T15:34:23","date_gmt":"2024-03-24T13:34:23","guid":{"rendered":"https:\/\/hookahshop.lt\/?post_type=product&#038;p=38706"},"modified":"2025-11-06T20:59:52","modified_gmt":"2025-11-06T18:59:52","slug":"malta-kava-coffee-cruise-nicaragua-250g","status":"publish","type":"product","link":"https:\/\/hookahshop.lt\/lv\/produkt\/malta-kafija-kafija-kruizs-nikaragva-250g\/","title":{"rendered":"Malt\u0101 kafija COFFEE CRUISE Nikaragva 250g"},"content":{"rendered":"<h2>Malt\u0101 kafija COFFEE CRUISE Nikaragva 250g<\/h2>\n<p>Nikaragvas re\u0123iona kafijas pupi\u0146as ir \u0101rk\u0101rt\u012bgi lielas, t\u0101p\u0113c \u0161\u012b ir viena no kafijas ra\u017eas priek\u0161roc\u012bb\u0101m \u0161aj\u0101 re\u0123ion\u0101. Kafijas sav\u0101k\u0161anas un apstr\u0101des procesi notiek tikai ar cilv\u0113ka rok\u0101m. Nikaragvas kafija savus cien\u012bt\u0101jus vilina ar pat\u012bkamu karameles un \u0161okol\u0101des arom\u0101tu, kas izplat\u0101s uzreiz p\u0113c kafijas pagatavo\u0161anas vai kafijas autom\u0101ta pogas nospie\u0161anas. Sp\u0113l\u0113jas viegla aug\u013cu p\u0113cgar\u0161a <strong>kakao<\/strong>\u00a0rakstur\u012bgs r\u016bgtums, ak\u00a0<strong>medus<\/strong>\u00a0saldums pievieno tekst\u016bru visam. Pirmais Nikaragvas kafijas malks liks jums justies\u00a0<strong>karamele<\/strong>\u00a0notis savijas ar svaigumu\u00a0<strong>citroni<\/strong>,\u00a0<strong>mandar\u012bni<\/strong>\u00a0ar p\u0113cgar\u0161u, ko tas papildina\u00a0<strong>aprikoze<\/strong>\u00a0aug\u013cu saldums. Gludas, kr\u0113m\u012bgas putas liecina par intens\u012bvu kafijas gar\u0161u. Maigi izklied\u0113jo\u0161ais arom\u0101ts liek justies silti\u00a0<strong>karamele<\/strong>. Tas vainago visu\u00a0<strong>\u0161okol\u0101de<\/strong> sk\u0101buma un salduma kombin\u0101cija.<\/p>\n<p><strong>Iesp\u0113jas:<\/strong><\/p>\n<ul>\n<li>Kafijas veids: Arabica 100%<\/li>\n<li>Sp\u0113ks: 9\/10<\/li>\n<li>Grauzd\u0113\u0161ana:\u00a0<strong>Vid\u0113ji<\/strong>.<\/li>\n<li>Pamatteksts:<strong>\u00a0Vid\u0113ji.<\/strong> Lieliski piem\u0113rots izcilas kafijas baud\u012b\u0161anai.<\/li>\n<li>Arom\u0101ts un saldums:\u00a0<strong>Karamele un medus.<\/strong><\/li>\n<li>R\u016bgtums:\u00a0<strong>Kakao<\/strong><strong>.<\/strong><\/li>\n<li>Augl\u012bba:\u00a0<strong>Citrusaug\u013ci<\/strong><strong>.<\/strong><\/li>\n<li aria-level=\"1\"><b>Ir izdev\u012bgi ieg\u0101d\u0101ties:<\/b> 1 kg \u2248 100 tases kafijas.<\/li>\n<li aria-level=\"1\">Augsti ieteicams\u00a0<b>kafijas autom\u0101tiem<\/b>.<\/li>\n<\/ul>\n<p>Vai jums ir k\u0101di jaut\u0101jumi? Sazinies ar mums\u00a0<a href=\"https:\/\/hookahshop.lt\/lv\/kontaktiem\/\">kontaktu lapa<\/a>\u00a0vai rakstiet mums pa e-pastu\u00a0<a href=\"https:\/\/facebook.com\/HookahShop.lt\/\" target=\"_blank\" rel=\"noopener\">Facebook konts<\/a>\u00a0un m\u0113s atbild\u0113sim uz j\u016bsu piepras\u012bjumu taj\u0101 pa\u0161\u0101 dien\u0101.<\/p>\n<p>&nbsp;<\/p>\n<p>&nbsp;<\/p>\n<p>&nbsp;<\/p>","protected":false},"excerpt":{"rendered":"<p>Malt\u0101 kafija COFFEE CRUISE Nikaragva 250g Nikaragvas re\u0123iona kafijas pupi\u0146as ir \u0101rk\u0101rt\u012bgi lielas, kas ir viena no kafijas ra\u017eas priek\u0161roc\u012bb\u0101m \u0161aj\u0101 re\u0123ion\u0101. Kafijas nov\u0101k\u0161anas un apstr\u0101des procesi notiek tikai ar cilv\u0113ka rok\u0101m. Nikaragvas kafija savus cien\u012bt\u0101jus vilina ar pat\u012bkamu karameles un \u0161okol\u0101des arom\u0101tu, kas izplat\u0101s uzreiz p\u0113c kafijas pagatavo\u0161anas vai kafijas autom\u0101ta pogas nospie\u0161anas. Viegla aug\u013cu p\u0113cgar\u0161a sp\u0113l\u0113 [\u2026]<\/p>","protected":false},"featured_media":38708,"comment_status":"open","ping_status":"closed","template":"","meta":[],"_links":{"self":[{"href":"https:\/\/hookahshop.lt\/lv\/wp-json\/wp\/v2\/product\/38706"}],"collection":[{"href":"https:\/\/hookahshop.lt\/lv\/wp-json\/wp\/v2\/product"}],"about":[{"href":"https:\/\/hookahshop.lt\/lv\/wp-json\/wp\/v2\/types\/product"}],"replies":[{"embeddable":true,"href":"https:\/\/hookahshop.lt\/lv\/wp-json\/wp\/v2\/comments?post=38706"}],"version-history":[{"count":3,"href":"https:\/\/hookahshop.lt\/lv\/wp-json\/wp\/v2\/product\/38706\/revisions"}],"predecessor-version":[{"id":39131,"href":"https:\/\/hookahshop.lt\/lv\/wp-json\/wp\/v2\/product\/38706\/revisions\/39131"}],"wp:featuredmedia":[{"embeddable":true,"href":"https:\/\/hookahshop.lt\/lv\/wp-json\/wp\/v2\/media\/38708"}],"wp:attachment":[{"href":"https:\/\/hookahshop.lt\/lv\/wp-json\/wp\/v2\/media?parent=38706"}],"curies":[{"name":"wp","href":"https:\/\/api.w.org\/{rel}","templated":true}]}}