{"id":38712,"date":"2024-03-24T15:47:20","date_gmt":"2024-03-24T13:47:20","guid":{"rendered":"https:\/\/hookahshop.lt\/?post_type=product&#038;p=38712"},"modified":"2025-11-06T20:59:52","modified_gmt":"2025-11-06T18:59:52","slug":"kavos-pupeles-coffee-cruise-colombia-1kg","status":"publish","type":"product","link":"https:\/\/hookahshop.lt\/lv\/produkt\/kafijas-pupinas-kafijas-kruizs-kolumbija-1kg\/","title":{"rendered":"Kafijas pupi\u0146as KAFIJAS KRU\u012aZS Kolumbija 1kg"},"content":{"rendered":"<h2>Kafijas pupi\u0146as KAFIJAS KRU\u012aZS Kolumbija 1kg<\/h2>\n<p>Maigs <strong>karamele<\/strong>\u00a0piez\u012bmes savijas ar\u00a0<strong>\u0161okol\u0101de<\/strong>\u00a0r\u016bgtums, ko papildina gatav\u012bba\u00a0<strong>\u0136irsis<\/strong>\u00a0sk\u0101bums. Gar\u0161u harmonija vien\u0101 kafijas tas\u0113 ir vislab\u0101kais veids, k\u0101 raksturot Kolumbijas kafiju. T\u0101 unikalit\u0101ti pie\u0161\u0137ir iesala r\u016bgtums, kas ir ide\u0101li piem\u0113rots ar\u00a0<strong>k\u013cavu koki<\/strong>\u00a0s\u012brups izce\u013c Kolumbijas lab\u0101k\u0101s gar\u0161as \u012bpa\u0161\u012bbas. \u0160\u012b ir kafija, kas n\u0101kusi no Kolumbijas, kam rakstur\u012bga at\u0161\u0137ir\u012bga daba un klimats, kur\u0101 ir ide\u0101li apst\u0101k\u013ci, lai pat vair\u0101kas reizes gad\u0101 lutin\u0101tu kafijas cien\u012bt\u0101jus ar jaunu ra\u017eu. Nov\u0113rt\u0113jiet kvalit\u0101ti un svaigumu. \u0160o kafiju iesak\u0101m izv\u0113l\u0113ties pie saldajiem desertiem vai baud\u012bt to p\u0101rtraukum\u0101 starp darbiem.<\/p>\n<p><strong>Iesp\u0113jas:<\/strong><\/p>\n<ul>\n<li>Kafijas veids: Arabica 100%<\/li>\n<li>Sp\u0113ks: 4\/10<\/li>\n<li>Grauzd\u0113\u0161ana:\u00a0<strong>Vid\u0113ji<\/strong>.<\/li>\n<li>Pamatteksts:<strong>\u00a0Vid\u0113ji.<\/strong>\u00a0Lieliski piem\u0113rots izcilas kafijas baud\u012b\u0161anai;<\/li>\n<li>Arom\u0101ts un saldums:\u00a0<strong>K\u013cavu s\u012brups un ogas.<\/strong><\/li>\n<li>R\u016bgtums:\u00a0<strong>Iesals<\/strong><strong>.<\/strong><\/li>\n<li>Augl\u012bba:\u00a0<strong>\u0136irsis<\/strong><strong>.<\/strong><\/li>\n<li aria-level=\"1\"><b>Ir izdev\u012bgi ieg\u0101d\u0101ties:<\/b> 1 kg \u2248 100 tases kafijas.<\/li>\n<li aria-level=\"1\">Augsti ieteicams\u00a0<b>kafijas autom\u0101tiem<\/b>.<\/li>\n<\/ul>\n<p>Vai jums ir k\u0101di jaut\u0101jumi? Sazinies ar mums\u00a0<a href=\"https:\/\/hookahshop.lt\/lv\/kontaktiem\/\">kontaktu lapa<\/a>\u00a0vai rakstiet mums pa e-pastu\u00a0<a href=\"https:\/\/facebook.com\/HookahShop.lt\/\" target=\"_blank\" rel=\"noopener\">Facebook konts<\/a>\u00a0un m\u0113s atbild\u0113sim uz j\u016bsu piepras\u012bjumu taj\u0101 pa\u0161\u0101 dien\u0101.<\/p>\n<p>&nbsp;<\/p>\n<p>&nbsp;<\/p>","protected":false},"excerpt":{"rendered":"<p>Kafijas pupi\u0146as COFFEE CRUISE Colombia 1kg Maigas karame\u013cu notis savijas ar \u0161okol\u0101des r\u016bgtumu, ko papildina gatavu \u0137ir\u0161u sk\u0101bums. Gar\u0161u harmonija vien\u0101 kafijas tas\u0113 ir vislab\u0101kais veids, k\u0101 raksturot Kolumbijas kafiju. Iesala r\u016bgtums pie\u0161\u0137ir tam unikalit\u0101ti, un k\u013cavu s\u012brups lieliski saskan ar Kolumbijas lab\u0101kaj\u0101m gar\u0161as \u012bpa\u0161\u012bb\u0101m.  T\u0101 ir kafija, kas n\u0101kusi no Kolumbijas, ko raksturo cita daba un klimats, ar ide\u0101liem apst\u0101k\u013ciem pat vair\u0101kas reizes gad\u0101 [...]<\/p>","protected":false},"featured_media":38713,"comment_status":"open","ping_status":"closed","template":"","meta":[],"_links":{"self":[{"href":"https:\/\/hookahshop.lt\/lv\/wp-json\/wp\/v2\/product\/38712"}],"collection":[{"href":"https:\/\/hookahshop.lt\/lv\/wp-json\/wp\/v2\/product"}],"about":[{"href":"https:\/\/hookahshop.lt\/lv\/wp-json\/wp\/v2\/types\/product"}],"replies":[{"embeddable":true,"href":"https:\/\/hookahshop.lt\/lv\/wp-json\/wp\/v2\/comments?post=38712"}],"version-history":[{"count":3,"href":"https:\/\/hookahshop.lt\/lv\/wp-json\/wp\/v2\/product\/38712\/revisions"}],"predecessor-version":[{"id":39130,"href":"https:\/\/hookahshop.lt\/lv\/wp-json\/wp\/v2\/product\/38712\/revisions\/39130"}],"wp:featuredmedia":[{"embeddable":true,"href":"https:\/\/hookahshop.lt\/lv\/wp-json\/wp\/v2\/media\/38713"}],"wp:attachment":[{"href":"https:\/\/hookahshop.lt\/lv\/wp-json\/wp\/v2\/media?parent=38712"}],"curies":[{"name":"wp","href":"https:\/\/api.w.org\/{rel}","templated":true}]}}