{"id":38731,"date":"2024-03-24T20:58:37","date_gmt":"2024-03-24T18:58:37","guid":{"rendered":"https:\/\/hookahshop.lt\/?post_type=product&#038;p=38731"},"modified":"2025-11-06T20:59:51","modified_gmt":"2025-11-06T18:59:51","slug":"malta-kava-coffee-cruise-papua-new-guinea","status":"publish","type":"product","link":"https:\/\/hookahshop.lt\/lv\/produkt\/malta-kafija-kafija-kruizs-papua-jaungvineja\/","title":{"rendered":"Malt\u0101 kafija KAFIJAS KRU\u012aZS Papua-Jaungvineja 250g"},"content":{"rendered":"<h2>Malt\u0101 kafija KAFIJAS KRU\u012aZS Papua-Jaungvineja 250g<\/h2>\n<p>Savva\u013c\u0101 audz\u0113tas kafijas pupi\u0146as ir delikatese <strong>ingvers<\/strong>\u00a0r\u016bgtums, kas dod ener\u0123iju un att\u012bra pr\u0101tu. P\u0101r\u012b ar ingveru\u00a0<strong>medus<\/strong>\u00a0nes saldumu, ko papildina viegls, pat\u012bkams\u00a0<strong>\u017e\u0101v\u0113tas pl\u016bmes<\/strong>\u00a0un\u00a0<strong>roz\u012bnes<\/strong>\u00a0gar\u0161a \u0160\u012bs kafijas unik\u0101l\u0101, at\u0161\u0137ir\u012bg\u0101 iez\u012bme ir\u00a0<strong>\u0101bolu v\u012bns<\/strong> p\u0113cgar\u0161a Intens\u012bva, pikanta un salda kafija no r\u012bta nosaka dienas noska\u0146ojumu un p\u0113cpusdien\u0101 sniedz tik nepiecie\u0161amo ener\u0123iju. T\u0101 ir \u0101rk\u0101rt\u012bgi kvalitat\u012bva kafija, kas ietilpst biolo\u0123isko kafiju kategorij\u0101, ko augstu nov\u0113rt\u0113 kafijas pazin\u0113ji.<span class=\"Apple-converted-space\">\u00a0\u00a0<\/span>Kafijai tiek izv\u0113l\u0113ts vid\u0113js grauzd\u0113jums, lai piln\u012bb\u0101 atkl\u0101tu t\u0101s gar\u0161as \u012bpa\u0161\u012bbas.<\/p>\n<p><strong>Iesp\u0113jas:<\/strong><\/p>\n<ul>\n<li>Kafijas veids: Arabica 100%<\/li>\n<li>Sp\u0113ks: 3\/10<\/li>\n<li>Grauzd\u0113\u0161ana:\u00a0<strong>Vid\u0113ji<\/strong>.<\/li>\n<li>Pamatteksts:<strong>\u00a0Vid\u0113ji.<\/strong><\/li>\n<li>Arom\u0101ts un saldums:\u00a0<strong>Ziedi un medus.<\/strong><\/li>\n<li>R\u016bgtums:\u00a0<strong>Ingvers.<\/strong><\/li>\n<li>Augl\u012bba:\u00a0<strong>Pl\u016bme<\/strong><strong>.<\/strong><\/li>\n<li aria-level=\"1\"><b>Ir izdev\u012bgi ieg\u0101d\u0101ties:<\/b> 250 g \u2248 20 tases kafijas.<\/li>\n<li aria-level=\"1\">Augsti ieteicams\u00a0<b>kafijas autom\u0101tiem<\/b>.<\/li>\n<\/ul>\n<p>Vai jums ir k\u0101di jaut\u0101jumi? Sazinies ar mums\u00a0<a href=\"https:\/\/hookahshop.lt\/lv\/kontaktiem\/\">kontaktu lapa<\/a>\u00a0vai rakstiet mums pa e-pastu\u00a0<a href=\"https:\/\/facebook.com\/HookahShop.lt\/\" target=\"_blank\" rel=\"noopener\">Facebook konts<\/a>\u00a0un m\u0113s atbild\u0113sim uz j\u016bsu piepras\u012bjumu taj\u0101 pa\u0161\u0101 dien\u0101.<\/p>\n<p>&nbsp;<\/p>","protected":false},"excerpt":{"rendered":"<p>Malt\u0101 kafija KAFIJAS KRU\u012aZS Papua-Jaungvineja 250g Savva\u013c\u0101 audz\u0113tas kafijas pupi\u0146as sveicina ar smalku ingvera r\u016bgtumu, kas dod ener\u0123iju un att\u012bra pr\u0101tu. Medus apvienojum\u0101 ar ingveru pie\u0161\u0137ir saldumu, ko papildina viegla, pat\u012bkama \u017e\u0101v\u0113tu pl\u016bmju un roz\u012b\u0146u gar\u0161a. \u0160\u012bs kafijas ekskluz\u012bva, at\u0161\u0137ir\u012bg\u0101 iez\u012bme ir \u0101bolu v\u012bna p\u0113cgar\u0161a. Intens\u012bva, pikanta un salda kafija no r\u012bta nosaka dienas noska\u0146ojumu un p\u0113cpusdien\u0101 sniedz tik nepiecie\u0161amo ener\u0123iju. Tas [\u2026]<\/p>","protected":false},"featured_media":38732,"comment_status":"open","ping_status":"closed","template":"","meta":[],"_links":{"self":[{"href":"https:\/\/hookahshop.lt\/lv\/wp-json\/wp\/v2\/product\/38731"}],"collection":[{"href":"https:\/\/hookahshop.lt\/lv\/wp-json\/wp\/v2\/product"}],"about":[{"href":"https:\/\/hookahshop.lt\/lv\/wp-json\/wp\/v2\/types\/product"}],"replies":[{"embeddable":true,"href":"https:\/\/hookahshop.lt\/lv\/wp-json\/wp\/v2\/comments?post=38731"}],"version-history":[{"count":3,"href":"https:\/\/hookahshop.lt\/lv\/wp-json\/wp\/v2\/product\/38731\/revisions"}],"predecessor-version":[{"id":39127,"href":"https:\/\/hookahshop.lt\/lv\/wp-json\/wp\/v2\/product\/38731\/revisions\/39127"}],"wp:featuredmedia":[{"embeddable":true,"href":"https:\/\/hookahshop.lt\/lv\/wp-json\/wp\/v2\/media\/38732"}],"wp:attachment":[{"href":"https:\/\/hookahshop.lt\/lv\/wp-json\/wp\/v2\/media?parent=38731"}],"curies":[{"name":"wp","href":"https:\/\/api.w.org\/{rel}","templated":true}]}}