{"id":38737,"date":"2024-03-24T21:08:56","date_gmt":"2024-03-24T19:08:56","guid":{"rendered":"https:\/\/hookahshop.lt\/?post_type=product&#038;p=38737"},"modified":"2025-11-06T20:59:50","modified_gmt":"2025-11-06T18:59:50","slug":"kavos-pupeles-coffee-cruise-costa-rica-1kg","status":"publish","type":"product","link":"https:\/\/hookahshop.lt\/lv\/produkt\/kafijas-pupinas-kafijas-kruizs-kostarika-1kg\/","title":{"rendered":"Kafijas pupi\u0146as COFFEE CRUISE Kostarika 1kg"},"content":{"rendered":"<h2>Kafijas pupi\u0146as COFFEE CRUISE Kostarika 1kg<\/h2>\n<p>Izv\u0113lieties Kostariku, lai malkotu stipru espresso kafijas tasi, lai dotu ener\u0123iju un uzpild\u012btu savu aiz\u0146emto dienu. Tum\u0161\u0101s \u0161okol\u0101des r\u016bgtums sp\u0113l\u0113jas ar karameli, kas papildina gar\u0161u ar pat\u012bkamu r\u016bgtumu. Svaigas citronu notis papildina \u0161o harmoniju. Kostarikas arom\u0101t\u0101 sajut\u012bsiet ar\u012b k\u0101rdino\u0161o karame\u013cu noti. Kostarika ir izteiksm\u012bga gar\u0161u deja, kas s\u0101kas <strong>tum\u0161\u0101 \u0161okol\u0101de<\/strong>\u00a0ar r\u016bgtumu, kas izraisa zi\u0146k\u0101ri, turpina\u00a0<strong>karameles<\/strong>\u00a0nots, kas vilina sajust v\u0113l vair\u0101k gar\u0161as ritmu. Atsvaidzino\u0161a\u00a0<strong>citroni<\/strong>\u00a0notis mudina to nogar\u0161ot l\u0113n\u0101m un izbaud\u012bt ide\u0101lo mirkli... Vid\u0113jas nabadz\u012bbas Kostarika, kas n\u0101k no Centr\u0101lamerikas, tiek uzskat\u012bta par vienu no specializ\u0113taj\u0101m kafij\u0101m ar SHB (Strictly Hard Bean) sertifik\u0101tu, kas tiek pie\u0161\u0137irts kafijas audz\u0113\u0161anai liel\u0101 augstum\u0101.<\/p>\n<p><strong>Iesp\u0113jas:<\/strong><\/p>\n<ul>\n<li>Kafijas veids: Arabica 100%<\/li>\n<li>Sp\u0113ks: 4\/10<\/li>\n<li>Grauzd\u0113\u0161ana:\u00a0<strong>Vid\u0113ji<\/strong>.<\/li>\n<li>Pamatteksts:<strong> Vid\u0113ji.<\/strong><\/li>\n<li>Arom\u0101ts un saldums:\u00a0<strong>Karameles.<\/strong><\/li>\n<li>R\u016bgtums:\u00a0<strong>Tum\u0161\u0101 \u0161okol\u0101de<\/strong><strong>.<\/strong><\/li>\n<li>Augl\u012bba:\u00a0<strong>Citroni<\/strong><strong>.<\/strong><\/li>\n<li aria-level=\"1\"><b>Ir izdev\u012bgi ieg\u0101d\u0101ties:<\/b> 1 kg \u2248 100 tases kafijas.<\/li>\n<li aria-level=\"1\">Augsti ieteicams\u00a0<b>kafijas autom\u0101tiem<\/b>.<\/li>\n<\/ul>\n<p>Vai jums ir k\u0101di jaut\u0101jumi? Sazinies ar mums\u00a0<a href=\"https:\/\/hookahshop.lt\/lv\/kontaktiem\/\">kontaktu lapa<\/a>\u00a0vai rakstiet mums pa e-pastu\u00a0<a href=\"https:\/\/facebook.com\/HookahShop.lt\/\" target=\"_blank\" rel=\"noopener\">Facebook konts<\/a>\u00a0un m\u0113s atbild\u0113sim uz j\u016bsu piepras\u012bjumu taj\u0101 pa\u0161\u0101 dien\u0101.<\/p>\n<p>&nbsp;<\/p>","protected":false},"excerpt":{"rendered":"<p>Kafijas pupi\u0146as KAFIJAS KRU\u012aZS Kostarika 1kg Izv\u0113lieties Kostariku, lai ieg\u016btu stipru espresso kafijas tasi, kas sniedz ener\u0123iju un uzmundrina aiz\u0146emtai dienai. Tum\u0161\u0101s \u0161okol\u0101des r\u016bgtums sp\u0113l\u0113jas ar karameli, kas papildina gar\u0161u ar pat\u012bkamu r\u016bgtumu. Svaigas citronu notis papildina \u0161o harmoniju. Kostarikas arom\u0101t\u0101 sajut\u012bsiet ar\u012b k\u0101rdino\u0161o karame\u013cu noti. Kostarika ir izteiksm\u012bga gar\u0161u deja, kas s\u0101kas ar tum\u0161\u0101s \u0161okol\u0101des r\u016bgtumu, [...]<\/p>","protected":false},"featured_media":38738,"comment_status":"open","ping_status":"closed","template":"","meta":[],"_links":{"self":[{"href":"https:\/\/hookahshop.lt\/lv\/wp-json\/wp\/v2\/product\/38737"}],"collection":[{"href":"https:\/\/hookahshop.lt\/lv\/wp-json\/wp\/v2\/product"}],"about":[{"href":"https:\/\/hookahshop.lt\/lv\/wp-json\/wp\/v2\/types\/product"}],"replies":[{"embeddable":true,"href":"https:\/\/hookahshop.lt\/lv\/wp-json\/wp\/v2\/comments?post=38737"}],"version-history":[{"count":3,"href":"https:\/\/hookahshop.lt\/lv\/wp-json\/wp\/v2\/product\/38737\/revisions"}],"predecessor-version":[{"id":39121,"href":"https:\/\/hookahshop.lt\/lv\/wp-json\/wp\/v2\/product\/38737\/revisions\/39121"}],"wp:featuredmedia":[{"embeddable":true,"href":"https:\/\/hookahshop.lt\/lv\/wp-json\/wp\/v2\/media\/38738"}],"wp:attachment":[{"href":"https:\/\/hookahshop.lt\/lv\/wp-json\/wp\/v2\/media?parent=38737"}],"curies":[{"name":"wp","href":"https:\/\/api.w.org\/{rel}","templated":true}]}}