{"id":38752,"date":"2024-03-24T21:27:11","date_gmt":"2024-03-24T19:27:11","guid":{"rendered":"https:\/\/hookahshop.lt\/?post_type=product&#038;p=38752"},"modified":"2025-11-06T20:59:50","modified_gmt":"2025-11-06T18:59:50","slug":"malta-kava-coffee-cruise-tanzania-250g","status":"publish","type":"product","link":"https:\/\/hookahshop.lt\/lv\/produkt\/malta-kafija-kafija-kruizs-tanzanija-250g\/","title":{"rendered":"Malt\u0101 kafija COFFEE CRUISE Tanzania 250g"},"content":{"rendered":"<h2>Malt\u0101 kafija COFFEE CRUISE Tanzania 250g<\/h2>\n<p>Tanz\u0101nij\u0101 augo\u0161\u0101s kafijas ogas izce\u013cas ar lielumu un diezgan bie\u017eu ra\u017eu. Kafijas gar\u0161a atst\u0101j dzi\u013cu iespaidu \u0160\u012b kafija ir ieteicama tiem, kam pat\u012bk bag\u0101t\u012bga kafija ar r\u016bgtumu, nelielu saldumu un aug\u013cainu sk\u0101bumu. Perfekti apvienotas \u0161okol\u0101des un vani\u013cas notis, citrusaug\u013cu aug\u013cainums \u2013 tas viss iederas Tanz\u0101nijas kafij\u0101. Ne tikai kafijas gar\u0161a, bet ar\u012b smar\u017ea un kr\u0113m\u012bgums liecina, ka t\u0101 n\u0101k no Austrum\u0101frikas, kur tropiskais klimats \u013cauj kafijas pupi\u0146\u0101m nobriest l\u0113ni un laiski. Tanz\u0101nija ir pretimn\u0101ko\u0161a <strong>citrusaug\u013ci<\/strong>\u00a0svaigs sk\u0101bums iet ar to\u00a0<strong>\u0161okol\u0101de<\/strong>\u00a0saldums, kur\u0101 ir ar\u012b r\u016bgtuma nokr\u0101sas. Gar\u0161ai pie\u0161\u0137ir pikantumu\u00a0<strong>vani\u013cas<\/strong>\u00a0Piez\u012bme Kafijas arom\u0101ts modina v\u0113lmi ce\u013cot un redz\u0113t visu Tanz\u0101nijas skaistumu, izstaig\u0101t kafijas plant\u0101cijas, v\u0113rot ogu las\u012b\u0161anu un gaid\u012bt svaigo ra\u017eu m\u0101j\u012bg\u0101s zemnieku ran\u010doj\u0101s.<\/p>\n<p><strong>Iesp\u0113jas:<\/strong><\/p>\n<ul>\n<li>Kafijas veids: Arabica 100%<\/li>\n<li>Sp\u0113ks: 6\/10<\/li>\n<li>Grauzd\u0113\u0161ana:\u00a0<strong>Vid\u0113ji<\/strong>.<\/li>\n<li>Pamatteksts:<strong>\u00a0Vid\u0113ji.<\/strong>\u00a0Lieliski piem\u0113rots izcilas kafijas baud\u012b\u0161anai;<\/li>\n<li>Arom\u0101ts un saldums:\u00a0<strong>Vani\u013ca un aug\u013ci.<\/strong>\u00a0Maiga vani\u013cas un aug\u013cu kombin\u0101cija iepriecin\u0101s katru reizi, kad pagatavosiet tasi kafijas;<\/li>\n<li>R\u016bgtums:\u00a0<strong>\u0160okol\u0101de<\/strong><strong>.<\/strong>\u00a0\u0160\u012b nots kafijai pie\u0161\u0137irs nosl\u0113pumu;<\/li>\n<li>Augl\u012bba:\u00a0<strong>Citrusaug\u013ci<\/strong><strong>.<\/strong>\u00a0T\u0101p\u0113c kafija b\u016bs \u012bpa\u0161i gar\u0161\u012bga;<\/li>\n<li aria-level=\"1\"><b>Ir izdev\u012bgi ieg\u0101d\u0101ties:<\/b> 250 g \u2248 20 tases kafijas.<\/li>\n<li aria-level=\"1\">Augsti ieteicams\u00a0<b>kafijas autom\u0101tiem<\/b>.<\/li>\n<\/ul>\n<p>Vai jums ir k\u0101di jaut\u0101jumi? Sazinies ar mums\u00a0<a href=\"https:\/\/hookahshop.lt\/lv\/kontaktiem\/\">kontaktu lapa<\/a>\u00a0vai rakstiet mums pa e-pastu\u00a0<a href=\"https:\/\/facebook.com\/HookahShop.lt\/\" target=\"_blank\" rel=\"noopener\">Facebook konts<\/a>\u00a0un m\u0113s atbild\u0113sim uz j\u016bsu piepras\u012bjumu taj\u0101 pa\u0161\u0101 dien\u0101.<\/p>","protected":false},"excerpt":{"rendered":"<p>Malt\u0101 kafija COFFEE CRUISE Tanzania 250g Tanz\u0101nij\u0101 augo\u0161\u0101s kafijas ogas izce\u013cas ar savu izm\u0113ru un diezgan bie\u017eo ra\u017eu. Kafijas gar\u0161a atst\u0101j dzi\u013cu iespaidu \u0160\u012b kafija ir ieteicama tiem, kam pat\u012bk bag\u0101t\u012bga kafija ar r\u016bgtumu, nelielu saldumu un aug\u013cainu sk\u0101bumu. Perfekti apvienotas \u0161okol\u0101des un vani\u013cas notis, citrusaug\u013cu aug\u013cainums \u2013 tas viss iederas Tanz\u0101nijas kafij\u0101. Ne tikai gar\u0161a, bet [\u2026]<\/p>","protected":false},"featured_media":38753,"comment_status":"open","ping_status":"closed","template":"","meta":[],"_links":{"self":[{"href":"https:\/\/hookahshop.lt\/lv\/wp-json\/wp\/v2\/product\/38752"}],"collection":[{"href":"https:\/\/hookahshop.lt\/lv\/wp-json\/wp\/v2\/product"}],"about":[{"href":"https:\/\/hookahshop.lt\/lv\/wp-json\/wp\/v2\/types\/product"}],"replies":[{"embeddable":true,"href":"https:\/\/hookahshop.lt\/lv\/wp-json\/wp\/v2\/comments?post=38752"}],"version-history":[{"count":3,"href":"https:\/\/hookahshop.lt\/lv\/wp-json\/wp\/v2\/product\/38752\/revisions"}],"predecessor-version":[{"id":39124,"href":"https:\/\/hookahshop.lt\/lv\/wp-json\/wp\/v2\/product\/38752\/revisions\/39124"}],"wp:featuredmedia":[{"embeddable":true,"href":"https:\/\/hookahshop.lt\/lv\/wp-json\/wp\/v2\/media\/38753"}],"wp:attachment":[{"href":"https:\/\/hookahshop.lt\/lv\/wp-json\/wp\/v2\/media?parent=38752"}],"curies":[{"name":"wp","href":"https:\/\/api.w.org\/{rel}","templated":true}]}}