{"id":38763,"date":"2024-03-24T21:40:07","date_gmt":"2024-03-24T19:40:07","guid":{"rendered":"https:\/\/hookahshop.lt\/?post_type=product&#038;p=38763"},"modified":"2025-11-06T20:59:49","modified_gmt":"2025-11-06T18:59:49","slug":"malta-kava-coffee-cruise-india-250g","status":"publish","type":"product","link":"https:\/\/hookahshop.lt\/lv\/produkt\/malta-kafija-kafija-kruizs-indija-250g\/","title":{"rendered":"Malt\u0101 kafija COFFEE CRUISE Indija 250g"},"content":{"rendered":"<h2>Malt\u0101 kafija COFFEE CRUISE Indija 250g<\/h2>\n<p>Kafija, kas n\u0101kusi no Indijas Karnatakas re\u0123iona, kas ir slavena ar saviem dabas d\u0101rgumiem, priec\u0113 ar savu izcilo gar\u0161u. Tas apvieno taj\u0101 atkl\u0101to gar\u0161vielu r\u016bgtumu <strong>kardamons<\/strong>,\u00a0<strong>krustnagli\u0146as<\/strong>\u00a0un\u00a0<strong>muskatrieksts<\/strong>\u00a0notis Un tas pie\u0161\u0137ir smalku saldumu\u00a0<strong>iesals<\/strong>, savijas ar\u00a0<strong>\u017e\u0101v\u0113ti aug\u013ci<\/strong>\u00a0p\u0113cgar\u0161a Kr\u0113m\u012bg\u0101 tekst\u016bra ir k\u0101rdino\u0161a smar\u017e\u012bgai kafijas tasei, kuras arom\u0101tam pal\u012bdz atkl\u0101t tum\u0161o grauzd\u0113jumu. Pretencioza kafija ar eksotisku gar\u0161u jau ir iecien\u012bjusi m\u016bsu gard\u0113\u017eus. Indijas kafija k\u013c\u016bs par \u012bstu atkl\u0101jumu, \u0146emiet v\u0113r\u0101, ka katru reizi, nogar\u0161ojot \u0161o kafiju, j\u016bs sajut\u012bsiet jaunas p\u0113cgar\u0161as. \u0160o kafiju iesak\u0101m izv\u0113l\u0113ties \u012bpa\u0161i aukstaj\u0101 sezon\u0101, jo t\u0101 sniedz siltumu, pace\u013c garast\u0101vokli un stiprina draudz\u012bbu.<\/p>\n<p><strong>Iesp\u0113jas:<\/strong><\/p>\n<ul>\n<li>Kafijas veids: Arabica 100%<\/li>\n<li>Sp\u0113ks: 7\/10<\/li>\n<li>Grauzd\u0113\u0161ana:\u00a0<strong>Vid\u0113ji<\/strong>.<\/li>\n<li>Pamatteksts:<strong>\u00a0Pilns.<\/strong>\u00a0Lieliski piem\u0113rots ekskluz\u012bvas un stipras kafijas baud\u012b\u0161anai;<\/li>\n<li>Arom\u0101ts un saldums:\u00a0<strong>Lakrica un gar\u0161vielas.<\/strong>\u00a0Maiga lakricas un nosl\u0113pumaino gar\u0161vielu kombin\u0101cija iepriecin\u0101s katru reizi, kad pagatavosiet tasi kafijas;<\/li>\n<li>R\u016bgtums:\u00a0<strong>Muskatrieksts.<\/strong>\u00a0\u0160\u012b nots kafijai pie\u0161\u0137irs ekskluzivit\u0101tes un grezn\u012bbas saj\u016btu;<\/li>\n<li>Augl\u012bba:\u00a0<strong>\u017d\u0101v\u0113tas pl\u016bmes<\/strong><strong>.<\/strong>\u00a0T\u0101p\u0113c kafija b\u016bs \u012bpa\u0161i gar\u0161\u012bga un bez sk\u0101b\u0113m;<\/li>\n<li aria-level=\"1\"><b>Ir izdev\u012bgi ieg\u0101d\u0101ties:<\/b> 250 g \u2248 20 tases kafijas.<\/li>\n<li aria-level=\"1\">Augsti ieteicams\u00a0<b>kafijas autom\u0101tiem<\/b>.<\/li>\n<\/ul>\n<p>&nbsp;<\/p>\n<p>Vai jums ir k\u0101di jaut\u0101jumi? Sazinies ar mums\u00a0<a href=\"https:\/\/hookahshop.lt\/lv\/kontaktiem\/\">kontaktu lapa<\/a>\u00a0vai rakstiet mums pa e-pastu\u00a0<a href=\"https:\/\/facebook.com\/HookahShop.lt\/\" target=\"_blank\" rel=\"noopener\">Facebook konts<\/a>\u00a0un m\u0113s atbild\u0113sim uz j\u016bsu piepras\u012bjumu taj\u0101 pa\u0161\u0101 dien\u0101.<\/p>\n<p>&nbsp;<\/p>","protected":false},"excerpt":{"rendered":"<p>Malt\u0101 kafija KAFIJAS KRU\u012aZS Indija 250g Kafija, kas n\u0101kusi no Indijas Karnatakas re\u0123iona, kas ir slavena ar saviem dabas d\u0101rgumiem, priec\u0113 ar savu izcilo gar\u0161u. Tas apvieno gar\u0161vielu r\u016bgtumu, ko atkl\u0101j kardamona, krustnagli\u0146u un muskatrieksta notis. Un smalku saldumu nodro\u0161ina iesals, kas savijas ar \u017e\u0101v\u0113tu aug\u013cu p\u0113cgar\u0161u. Kr\u0113m\u012bg\u0101 tekst\u016bra ir k\u0101rdino\u0161a smar\u017e\u012bgai kafijas tasei, kuras arom\u0101tam pal\u012bdz atkl\u0101t tum\u0161o grauzd\u0113jumu. Pretencioza kafija ar eksotisku gar\u0161u jau ir iecien\u012bjusi m\u016bsu gard\u0113\u017eus. [\u2026]<\/p>","protected":false},"featured_media":38766,"comment_status":"open","ping_status":"closed","template":"","meta":[],"_links":{"self":[{"href":"https:\/\/hookahshop.lt\/lv\/wp-json\/wp\/v2\/product\/38763"}],"collection":[{"href":"https:\/\/hookahshop.lt\/lv\/wp-json\/wp\/v2\/product"}],"about":[{"href":"https:\/\/hookahshop.lt\/lv\/wp-json\/wp\/v2\/types\/product"}],"replies":[{"embeddable":true,"href":"https:\/\/hookahshop.lt\/lv\/wp-json\/wp\/v2\/comments?post=38763"}],"version-history":[{"count":3,"href":"https:\/\/hookahshop.lt\/lv\/wp-json\/wp\/v2\/product\/38763\/revisions"}],"predecessor-version":[{"id":39109,"href":"https:\/\/hookahshop.lt\/lv\/wp-json\/wp\/v2\/product\/38763\/revisions\/39109"}],"wp:featuredmedia":[{"embeddable":true,"href":"https:\/\/hookahshop.lt\/lv\/wp-json\/wp\/v2\/media\/38766"}],"wp:attachment":[{"href":"https:\/\/hookahshop.lt\/lv\/wp-json\/wp\/v2\/media?parent=38763"}],"curies":[{"name":"wp","href":"https:\/\/api.w.org\/{rel}","templated":true}]}}