{"id":38775,"date":"2024-03-24T23:24:01","date_gmt":"2024-03-24T21:24:01","guid":{"rendered":"https:\/\/hookahshop.lt\/?post_type=product&#038;p=38775"},"modified":"2025-11-06T20:59:49","modified_gmt":"2025-11-06T18:59:49","slug":"malta-kava-coffee-cruise-zambia-250g","status":"publish","type":"product","link":"https:\/\/hookahshop.lt\/lv\/produkt\/malta-kafija-kafija-kruizs-zambija-250g\/","title":{"rendered":"Malt\u0101 kafija COFFEE CRUISE Zambia 250g"},"content":{"rendered":"<h2>Malt\u0101 kafija COFFEE CRUISE Zambia 250g<\/h2>\n<p>\u0160\u012b ir \u012bsta \u0100frikas kafija, tum\u0161a, melna, saglab\u0101jot vec\u0101s gar\u0161as, k\u0101rdino\u0161a <strong>tum\u0161\u0101 \u0161okol\u0101de<\/strong>\u00a0r\u016bgtums, kas p\u0101riet\u00a0<strong>upenes<\/strong>\u00a0salda nots. Pat\u012bkami aug\u013ci\u00a0<strong>greipfr\u016bts<\/strong> notis pievieno nedaudz sk\u0101buma, pace\u013cot degunu un mudinot nogar\u0161ot vair\u0101k. Kafija Zambij\u0101 non\u0101ca l\u012bdz ar kristie\u0161u ideju izplat\u012bbu, l\u012bdz ar mision\u0101ru iera\u0161anos no Tanz\u0101nijas un Kenijas. Pamaz\u0101m Zambij\u0101 augo\u0161ie kafijas koki s\u0101ka nogatavot maz\u0101k sk\u0101b\u0101s ogas nek\u0101 p\u0113d\u0113j\u0101s valst\u012bs augo\u0161ie, kas patika vieglas, maigas kafijas cien\u012bt\u0101jiem. M\u0113s iesak\u0101m Zambia kafiju tiem, kas dod priek\u0161roku maig\u0101k\u0101m, maz\u0101k sk\u0101b\u0101m gar\u0161\u0101m. \u0160\u012b kafija lieliski iederas gard\u0101s pusdien\u0101s vai desert\u0101.<\/p>\n<p><strong>Iesp\u0113jas:<\/strong><\/p>\n<ul>\n<li>Kafijas veids: Arabica 100%<\/li>\n<li>Sp\u0113ks: 5\/10<\/li>\n<li>Grauzd\u0113\u0161ana:\u00a0<strong>Vid\u0113ji<\/strong>.<\/li>\n<li>Pamatteksts:<strong>\u00a0Vid\u0113ji.<\/strong><\/li>\n<li>Arom\u0101ts un saldums:\u00a0<strong>Upenes un aug\u013ci.<\/strong><\/li>\n<li>R\u016bgtums:\u00a0<strong>Tum\u0161\u0101 \u0161okol\u0101de<\/strong><strong>.<\/strong><\/li>\n<li>Augl\u012bba:\u00a0<strong>Greipfr\u016bts<\/strong><strong>.<\/strong><\/li>\n<li aria-level=\"1\"><b>Ir izdev\u012bgi ieg\u0101d\u0101ties:<\/b>\u00a0250 g \u2248 20 tases kafijas.<\/li>\n<li aria-level=\"1\">Augsti ieteicams\u00a0<b>kafijas autom\u0101tiem<\/b>.<\/li>\n<\/ul>\n<p>Vai jums ir k\u0101di jaut\u0101jumi? Sazinies ar mums\u00a0<a href=\"https:\/\/hookahshop.lt\/lv\/kontaktiem\/\">kontaktu lapa<\/a>\u00a0vai rakstiet mums pa e-pastu\u00a0<a href=\"https:\/\/facebook.com\/HookahShop.lt\/\" target=\"_blank\" rel=\"noopener\">Facebook konts<\/a>\u00a0un m\u0113s atbild\u0113sim uz j\u016bsu piepras\u012bjumu taj\u0101 pa\u0161\u0101 dien\u0101.<\/p>\n<p>&nbsp;<\/p>","protected":false},"excerpt":{"rendered":"<p>Malt\u0101 kafija COFFEE CRUISE Zambia 250g \u0160\u012b ir \u012bsta \u0100frikas kafija, tum\u0161a, melna, saglab\u0101jot sen\u0101s gar\u0161as, k\u0101rdino\u0161a ar tum\u0161\u0101s \u0161okol\u0101des r\u016bgtumu, kas p\u0101riet upe\u0146u saldaj\u0101s not\u012bs. Pat\u012bkam\u0101s greipfr\u016bta aug\u013cu notis iedve\u0161 nedaudz sk\u0101buma, pace\u013cot auksl\u0113ju un mudinot nogar\u0161ot vair\u0101k. Kafija Zambij\u0101 non\u0101ca l\u012bdz ar kristie\u0161u ideju izplat\u012b\u0161anos, l\u012bdz ar mision\u0101ru iera\u0161anos no Tanz\u0101nijas un Kenijas. Pamaz\u0101m kafijas koki, kas aug Zambij\u0101, s\u0101ka [\u2026]<\/p>","protected":false},"featured_media":38776,"comment_status":"open","ping_status":"closed","template":"","meta":[],"_links":{"self":[{"href":"https:\/\/hookahshop.lt\/lv\/wp-json\/wp\/v2\/product\/38775"}],"collection":[{"href":"https:\/\/hookahshop.lt\/lv\/wp-json\/wp\/v2\/product"}],"about":[{"href":"https:\/\/hookahshop.lt\/lv\/wp-json\/wp\/v2\/types\/product"}],"replies":[{"embeddable":true,"href":"https:\/\/hookahshop.lt\/lv\/wp-json\/wp\/v2\/comments?post=38775"}],"version-history":[{"count":3,"href":"https:\/\/hookahshop.lt\/lv\/wp-json\/wp\/v2\/product\/38775\/revisions"}],"predecessor-version":[{"id":39107,"href":"https:\/\/hookahshop.lt\/lv\/wp-json\/wp\/v2\/product\/38775\/revisions\/39107"}],"wp:featuredmedia":[{"embeddable":true,"href":"https:\/\/hookahshop.lt\/lv\/wp-json\/wp\/v2\/media\/38776"}],"wp:attachment":[{"href":"https:\/\/hookahshop.lt\/lv\/wp-json\/wp\/v2\/media?parent=38775"}],"curies":[{"name":"wp","href":"https:\/\/api.w.org\/{rel}","templated":true}]}}