{"id":38789,"date":"2024-03-24T23:40:57","date_gmt":"2024-03-24T21:40:57","guid":{"rendered":"https:\/\/hookahshop.lt\/?post_type=product&#038;p=38789"},"modified":"2025-11-06T20:59:48","modified_gmt":"2025-11-06T18:59:48","slug":"malta-kava-coffee-cruise-ethiopia-250g","status":"publish","type":"product","link":"https:\/\/hookahshop.lt\/lv\/produkt\/malta-kava-kafija-kruizs-etiopija-250g\/","title":{"rendered":"Malt\u0101 kafija KAFIJAS KRU\u012aZS Etiopija 250g"},"content":{"rendered":"<h2>Malt\u0101 kafija KAFIJAS KRU\u012aZS Etiopija 250g<\/h2>\n<p>Bag\u0101t\u012bg\u0101 augsne, kas ir tik svar\u012bga kafijas kokiem, pie\u0161\u0137ir Etiopijas kafijai sk\u0101bumu, kas atg\u0101dina me\u017ea ogas. Kad tu nogar\u0161o \u0161o kafiju, tu to j\u016bti <strong>dz\u0113rvenes<\/strong>\u00a0sp\u0113ks, kas pie\u0161\u0137ir l\u012bdzsvaru kop\u0113jai gar\u0161ai. Aug\u013cu notis papildina\u00a0<strong>kazenes<\/strong>, kas satur visu vasaras karstumu. Sald\u0101s tum\u0161\u0101s ogas, kas pie\u0161\u0137ir kafijai pretenciozit\u0101ti, kas liecina par t\u0101s t\u0101lo izcelsmi.\u00a0<strong>Pl\u016bme<\/strong>\u00a0p\u0113cgar\u0161a ir k\u0101 harmonisks veselums - viegla, vilino\u0161a, saisto\u0161a mier\u012bgai kafijas gar\u0161ai. Etiopijas kafija patiks kafijas cien\u012bt\u0101jiem, kuriem pat\u012bk augl\u012bgas kafijas.<\/p>\n<p><strong>Iesp\u0113jas:<\/strong><\/p>\n<ul>\n<li>Kafijas veids: Arabica 100%<\/li>\n<li>Sp\u0113ks: 6\/10<\/li>\n<li>Grauzd\u0113\u0161ana:\u00a0<strong>Vid\u0113ji<\/strong>.<\/li>\n<li>Pamatteksts:<strong> S\u016bd\u012bgi.<\/strong><\/li>\n<li>Arom\u0101ts un saldums:\u00a0<strong>Kazenes un mellenes.<\/strong><\/li>\n<li>R\u016bgtums:\u00a0<strong>Dz\u0113rvenes.<\/strong><\/li>\n<li>Augl\u012bba:\u00a0<strong>\u017d\u0101v\u0113tas pl\u016bmes<\/strong><strong>.<\/strong><\/li>\n<li aria-level=\"1\"><b>Ir izdev\u012bgi ieg\u0101d\u0101ties:<\/b> 250 g \u2248 20 tases kafijas.<\/li>\n<li aria-level=\"1\">Augsti ieteicams\u00a0<b>kafijas autom\u0101tiem<\/b>.<\/li>\n<\/ul>\n<p>Vai jums ir k\u0101di jaut\u0101jumi? Sazinies ar mums\u00a0<a href=\"https:\/\/hookahshop.lt\/lv\/kontaktiem\/\">kontaktu lapa<\/a>\u00a0vai rakstiet mums pa e-pastu\u00a0<a href=\"https:\/\/facebook.com\/HookahShop.lt\/\" target=\"_blank\" rel=\"noopener\">Facebook konts<\/a>\u00a0un m\u0113s atbild\u0113sim uz j\u016bsu piepras\u012bjumu taj\u0101 pa\u0161\u0101 dien\u0101.<\/p>","protected":false},"excerpt":{"rendered":"<p>Malt\u0101 kafija COFFEE CRUISE Etiopija 250g Kafijas kokiem tik svar\u012bg\u0101 bag\u0101t\u012bg\u0101 augsne pie\u0161\u0137ir Etiopijas kafijai sk\u0101bumu, kas atg\u0101dina me\u017ea ogu gar\u0161u. Nogar\u0161ojot \u0161o kafiju, j\u016btams dz\u0113rve\u0146u stiprums, kas pie\u0161\u0137ir balansu kop\u0113jai gar\u0161ai. Aug\u013cu notis papildina kazenes, kur\u0101s ir viss vasaras karstums. Sald\u0101s tum\u0161\u0101s ogas, kas pie\u0161\u0137ir kafijai pretenciozit\u0101ti, kas liecina par t\u0101s t\u0101lo izcelsmi. Pl\u016bmju p\u0113cgar\u0161a ir k\u0101 harmonisks veselums \u2013 viegla, [...]<\/p>","protected":false},"featured_media":38792,"comment_status":"open","ping_status":"closed","template":"","meta":[],"_links":{"self":[{"href":"https:\/\/hookahshop.lt\/lv\/wp-json\/wp\/v2\/product\/38789"}],"collection":[{"href":"https:\/\/hookahshop.lt\/lv\/wp-json\/wp\/v2\/product"}],"about":[{"href":"https:\/\/hookahshop.lt\/lv\/wp-json\/wp\/v2\/types\/product"}],"replies":[{"embeddable":true,"href":"https:\/\/hookahshop.lt\/lv\/wp-json\/wp\/v2\/comments?post=38789"}],"version-history":[{"count":3,"href":"https:\/\/hookahshop.lt\/lv\/wp-json\/wp\/v2\/product\/38789\/revisions"}],"predecessor-version":[{"id":39105,"href":"https:\/\/hookahshop.lt\/lv\/wp-json\/wp\/v2\/product\/38789\/revisions\/39105"}],"wp:featuredmedia":[{"embeddable":true,"href":"https:\/\/hookahshop.lt\/lv\/wp-json\/wp\/v2\/media\/38792"}],"wp:attachment":[{"href":"https:\/\/hookahshop.lt\/lv\/wp-json\/wp\/v2\/media?parent=38789"}],"curies":[{"name":"wp","href":"https:\/\/api.w.org\/{rel}","templated":true}]}}