{"id":38796,"date":"2024-03-24T23:50:21","date_gmt":"2024-03-24T21:50:21","guid":{"rendered":"https:\/\/hookahshop.lt\/?post_type=product&#038;p=38796"},"modified":"2025-11-06T20:59:48","modified_gmt":"2025-11-06T18:59:48","slug":"kavos-pupeles-coffee-cruise-guatemala-1kg","status":"publish","type":"product","link":"https:\/\/hookahshop.lt\/lv\/produkt\/kafija-pupinas-kafija-kruizs-gvatemala-1kg\/","title":{"rendered":"Kafijas pupi\u0146as COFFEE CRUISE Gvatemala 1kg"},"content":{"rendered":"<h2>Kafijas pupi\u0146as COFFEE CRUISE Gvatemala 1kg<\/h2>\n<p>T<span lang=\"LT\">v\u0113l\u012bn\u0101 Gvatemal\u0101 nogatavoju\u0161\u0101s kafijas pupi\u0146as raksturo\u00a0<strong>tum\u0161ajai \u0161okol\u0101dei<\/strong>\u00a0pied\u0113v\u0113ts r\u016bgtums, kas tiek smalki papildin\u0101ts\u00a0<strong>karamele<\/strong>\u00a0saldums Tie\u0161i \u0161is r\u016bgtuma un salduma l\u012bdzsvars ir unik\u0101ls Gvatemalas re\u0123ion\u0101 augo\u0161ajai kafijai. Aug\u013cu koki ir nogatavoju\u0161ies\u00a0<strong>kazenes<\/strong>\u00a0notis nodro\u0161ina vieglu sk\u0101bumu, kas pal\u012bdz v\u0113l lab\u0101k atkl\u0101t visu gar\u0161u gammu. \u0160ai kafijai izv\u0113l\u0113tais vid\u0113jais grauzd\u0113jums pie\u0161\u0137ir tai saldenu gar\u0161u\u00a0<strong>medus<\/strong>\u00a0arom\u0101ts, kas pat\u012bkami kutina degunu un aicina pie otr\u0101s smar\u017e\u012bg\u0101s kr\u016bzes. Gvatemala ir ide\u0101la r\u012bta kafija, kas iedvesmo rado\u0161u dienu.\u00a0<\/span>\u00a0Nek\u013c\u016bdieties, COFFEE CRUISE pied\u0101v\u0101 divu veidu Gvatemalas kafiju. \u0160\u012b m\u016bsu Gvatemalas \u0161\u0137irne (roz\u0101 kr\u0101s\u0101) ir ar kofe\u012bnu, otra Gvatemala pel\u0113k\u0101 ir bezkofe\u012bna (bez kofe\u012bna).<\/p>\n<p><strong>Iesp\u0113jas:<\/strong><\/p>\n<ul>\n<li>Kafijas veids: Arabica 100%<\/li>\n<li>Sp\u0113ks: 6\/10<\/li>\n<li>Grauzd\u0113\u0161ana:\u00a0<strong>Vid\u0113ji<\/strong>.<\/li>\n<li>Pamatteksts:<strong>\u00a0Vid\u0113ji.<\/strong><\/li>\n<li>Arom\u0101ts un saldums:\u00a0<strong>Karamele un medus.<\/strong><\/li>\n<li>R\u016bgtums:\u00a0<strong>\u0160okol\u0101de<\/strong><strong>.<\/strong><\/li>\n<li>Augl\u012bba:\u00a0<strong>Kazenes<\/strong><strong>.<\/strong><\/li>\n<li><b>Ir izdev\u012bgi ieg\u0101d\u0101ties:<\/b> 1 kg \u2248 100 tases kafijas.<\/li>\n<li>Augsti ieteicams\u00a0<b>kafijas autom\u0101tiem<\/b>.<\/li>\n<\/ul>\n<p>Vai jums ir k\u0101di jaut\u0101jumi? Sazinies ar mums\u00a0<a href=\"https:\/\/hookahshop.lt\/lv\/kontaktiem\/\">kontaktu lapa<\/a>\u00a0vai rakstiet mums pa e-pastu\u00a0<a href=\"https:\/\/facebook.com\/HookahShop.lt\/\" target=\"_blank\" rel=\"noopener\">Facebook konts<\/a>\u00a0un m\u0113s atbild\u0113sim uz j\u016bsu piepras\u012bjumu taj\u0101 pa\u0161\u0101 dien\u0101.<\/p>","protected":false},"excerpt":{"rendered":"<p>Kafijas pupi\u0146as COFFEE CRUISE Gvatemala 1kg T\u0101laj\u0101 Gvatemal\u0101 nogatavin\u0101t\u0101m kafijas pupi\u0146\u0101m rakstur\u012bgs tum\u0161ajai \u0161okol\u0101dei pied\u0113v\u0113ts r\u016bgtums, ko smalki papildina karame\u013cu saldums. Tie\u0161i \u0161is r\u016bgtuma un salduma l\u012bdzsvars ir unik\u0101ls Gvatemalas re\u0123ion\u0101 augo\u0161ajai kafijai. Nogatavoju\u0161os kazenes aug\u013cu notis nodro\u0161ina vieglu sk\u0101bumu, kas pal\u012bdz visam arom\u0101tam izpausties v\u0113l lab\u0101k.  \u0160ai kafijai izv\u0113l\u0113tais vid\u0113jais grauzd\u0113jums \u013cauj sajust sald\u0101 medus arom\u0101tu, pat\u012bkami kutinot degunu un aicinot uz sekundi [...]<\/p>","protected":false},"featured_media":38798,"comment_status":"open","ping_status":"closed","template":"","meta":[],"_links":{"self":[{"href":"https:\/\/hookahshop.lt\/lv\/wp-json\/wp\/v2\/product\/38796"}],"collection":[{"href":"https:\/\/hookahshop.lt\/lv\/wp-json\/wp\/v2\/product"}],"about":[{"href":"https:\/\/hookahshop.lt\/lv\/wp-json\/wp\/v2\/types\/product"}],"replies":[{"embeddable":true,"href":"https:\/\/hookahshop.lt\/lv\/wp-json\/wp\/v2\/comments?post=38796"}],"version-history":[{"count":3,"href":"https:\/\/hookahshop.lt\/lv\/wp-json\/wp\/v2\/product\/38796\/revisions"}],"predecessor-version":[{"id":39104,"href":"https:\/\/hookahshop.lt\/lv\/wp-json\/wp\/v2\/product\/38796\/revisions\/39104"}],"wp:featuredmedia":[{"embeddable":true,"href":"https:\/\/hookahshop.lt\/lv\/wp-json\/wp\/v2\/media\/38798"}],"wp:attachment":[{"href":"https:\/\/hookahshop.lt\/lv\/wp-json\/wp\/v2\/media?parent=38796"}],"curies":[{"name":"wp","href":"https:\/\/api.w.org\/{rel}","templated":true}]}}