{"id":38807,"date":"2024-03-25T00:03:00","date_gmt":"2024-03-24T22:03:00","guid":{"rendered":"https:\/\/hookahshop.lt\/?post_type=product&#038;p=38807"},"modified":"2026-04-17T23:30:02","modified_gmt":"2026-04-17T20:30:02","slug":"kavos-pupeles-coffee-cruise-salvador-1kg","status":"publish","type":"product","link":"https:\/\/hookahshop.lt\/lv\/produkt\/kafija-pupinas-kafijas-kruizs-salvadors-1kg\/","title":{"rendered":"Kafijas pupi\u0146as COFFEE CRUISE Salvador 1kg"},"content":{"rendered":"<h2>Kafijas pupi\u0146as COFFEE CRUISE Salvador 1kg<\/h2>\n<p>Salvadora, kas atrodas Centr\u0101lamerikas re\u0123ion\u0101, ir pasaul\u0113 paz\u012bstama ar savu \u012bpa\u0161o kafijas m\u012blest\u012bbu. Domin\u0113 kafijas pupi\u0146as, kas aug \u0161aj\u0101 re\u0123ion\u0101 <strong>par roz\u012bn\u0113m<\/strong>\u00a0ir rakstur\u012bgs tikko man\u0101ms r\u016bgtums, ko papildina\u00a0<strong>k\u013cavu s\u012brups<\/strong>\u00a0notis \u0160is sast\u0101vs \u013cauj baud\u012bt intens\u012bvas, emocion\u0101las, sabalans\u0113tas gar\u0161as kafiju. Sul\u012bgums pie\u0161\u0137ir kafijai aug\u013cain\u012bbu\u00a0<strong>\u0137irsis<\/strong>, un, ieelpojot arom\u0101tu, sajut\u012bsiet v\u012bnogu lauku siltumu. Salvadoras kafija ir lieliski piem\u0113rota tiem, kam pat\u012bk vid\u0113ji grauzd\u0113ta kafija, kuru ir tik labi baud\u012bt klus\u0101 p\u0113cpusdien\u0101.<\/p>\n<p><strong>Iesp\u0113jas:<\/strong><\/p>\n<ul>\n<li>Kafijas veids: Arabica 100%<\/li>\n<li>Sp\u0113ks: 3\/10<\/li>\n<li>Grauzd\u0113\u0161ana:\u00a0<strong>Vid\u0113ji<\/strong>.<\/li>\n<li>Pamatteksts:<strong>\u00a0Vid\u0113ji.<\/strong><\/li>\n<li>Arom\u0101ts un saldums:\u00a0<strong>K\u013cavu s\u012brups un v\u012bnogas.<\/strong><\/li>\n<li>R\u016bgtums:\u00a0<strong>Roz\u012bnes<\/strong><strong>.<\/strong><\/li>\n<li>Augl\u012bba:\u00a0<strong>\u0136irsis<\/strong><strong>.<\/strong><\/li>\n<li aria-level=\"1\"><b>Ir izdev\u012bgi ieg\u0101d\u0101ties:<\/b> 1 kg \u2248 100 tases kafijas.<\/li>\n<li aria-level=\"1\">Augsti ieteicams\u00a0<b>kafijas autom\u0101tiem<\/b>.<\/li>\n<\/ul>\n<p>Vai jums ir k\u0101di jaut\u0101jumi? Sazinies ar mums\u00a0<a href=\"https:\/\/hookahshop.lt\/lv\/kontaktiem\/\">kontaktu lapa<\/a>\u00a0vai rakstiet mums pa e-pastu\u00a0<a href=\"https:\/\/facebook.com\/HookahShop.lt\/\" target=\"_blank\" rel=\"noopener\">Facebook konts<\/a>\u00a0un m\u0113s atbild\u0113sim uz j\u016bsu piepras\u012bjumu taj\u0101 pa\u0161\u0101 dien\u0101.<\/p>","protected":false},"excerpt":{"rendered":"<p>Kafijas pupi\u0146as COFFEE CRUISE Salvador 1kg Salvadora, kas atrodas Centr\u0101lamerikas re\u0123ion\u0101, ir paz\u012bstama vis\u0101 pasaul\u0113 ar savu \u012bpa\u0161o kafijas m\u012blest\u012bbu. \u0160aj\u0101 re\u0123ion\u0101 audz\u0113taj\u0101s kafijas pupi\u0146\u0101s domin\u0113 smalks roz\u012b\u0146u r\u016bgtums, ko papildina k\u013cavu s\u012brupa notis. \u0160is sast\u0101vs \u013cauj baud\u012bt intens\u012bvas, emocion\u0101las, sabalans\u0113tas gar\u0161as kafiju. Sul\u012bgais \u0137irsis pie\u0161\u0137ir kafijai aug\u013cain\u012bbu, un, ieelpojot arom\u0101tu, sajut\u012bsiet v\u012bnogu lauku siltumu. E-pasts [\u2026]<\/p>","protected":false},"featured_media":38808,"comment_status":"open","ping_status":"closed","template":"","meta":[],"_links":{"self":[{"href":"https:\/\/hookahshop.lt\/lv\/wp-json\/wp\/v2\/product\/38807"}],"collection":[{"href":"https:\/\/hookahshop.lt\/lv\/wp-json\/wp\/v2\/product"}],"about":[{"href":"https:\/\/hookahshop.lt\/lv\/wp-json\/wp\/v2\/types\/product"}],"replies":[{"embeddable":true,"href":"https:\/\/hookahshop.lt\/lv\/wp-json\/wp\/v2\/comments?post=38807"}],"version-history":[{"count":3,"href":"https:\/\/hookahshop.lt\/lv\/wp-json\/wp\/v2\/product\/38807\/revisions"}],"predecessor-version":[{"id":42220,"href":"https:\/\/hookahshop.lt\/lv\/wp-json\/wp\/v2\/product\/38807\/revisions\/42220"}],"wp:featuredmedia":[{"embeddable":true,"href":"https:\/\/hookahshop.lt\/lv\/wp-json\/wp\/v2\/media\/38808"}],"wp:attachment":[{"href":"https:\/\/hookahshop.lt\/lv\/wp-json\/wp\/v2\/media?parent=38807"}],"curies":[{"name":"wp","href":"https:\/\/api.w.org\/{rel}","templated":true}]}}