{"id":38817,"date":"2024-03-25T00:15:05","date_gmt":"2024-03-24T22:15:05","guid":{"rendered":"https:\/\/hookahshop.lt\/?post_type=product&#038;p=38817"},"modified":"2025-11-06T20:59:47","modified_gmt":"2025-11-06T18:59:47","slug":"kavos-pupeles-coffee-cruise-guatemala-d","status":"publish","type":"product","link":"https:\/\/hookahshop.lt\/lv\/produkt\/kafijas-pupinas-kafijas-kruizs-gvatemala-d\/","title":{"rendered":"Kafijas pupi\u0146as COFFEE CRUISE Guatemala Decaf 1kg"},"content":{"rendered":"<h2>Kafijas pupi\u0146as COFFEE CRUISE Guatemala Decaf 1kg<\/h2>\n<p>Tiem, kam pat\u012bk kafija, bet izvair\u0101s no kofe\u012bna, tikai jums, mani d\u0101rgie, Gvatemala bez kofe\u012bna. Kafija bez kofe\u012bna izce\u013cas <strong>graudi<\/strong>\u00a0r\u016bgtums, ar ko pat\u012bkami sajaucas\u00a0<strong>\u012briss<\/strong>\u00a0saldums. \u0160is smalkais l\u012bdzsvars ir pabeigts\u00a0<strong>\u017e\u0101v\u0113ti aug\u013ci<\/strong> Piez\u012bme Kr\u0113mveida putas sola pat\u012bkamus mirk\u013cus, baudot tasi bezkofe\u012bna kafijas. Nav svar\u012bgi, vai j\u016bs to grauzd\u0113jat vai varb\u016bt izmantojat kafijas autom\u0101tu \u2013 Guatemala Decaf izplat\u012bs \u0161okol\u0101des arom\u0101tu pa m\u0101ju. Kafija no Centr\u0101l\u0101frikas \u013cauj izbaud\u012bt t\u0101s lab\u0101k\u0101s \u012bpa\u0161\u012bbas.<\/p>\n<p><strong>Iesp\u0113jas:<\/strong><\/p>\n<ul>\n<li><strong>Bez kofe\u012bna<\/strong>.<\/li>\n<li>Kafijas veids: Arabica 100%<\/li>\n<li>Sp\u0113ks: 5\/10<\/li>\n<li>Grauzd\u0113\u0161ana:\u00a0<strong>Vid\u0113ji<\/strong>.<\/li>\n<li>Pamatteksts:<strong> Vid\u0113ji.<\/strong><\/li>\n<li>Arom\u0101ts un saldums:\u00a0<strong>\u012ariss un \u0161okol\u0101de.<\/strong><\/li>\n<li>Grauzd\u0113\u0161ana:\u00a0<strong>Vid\u0113ji<\/strong>.<\/li>\n<li>R\u016bgtums:\u00a0<strong>Graudi<\/strong><strong>.<\/strong><\/li>\n<li>Augl\u012bba:\u00a0<strong>\u017d\u0101v\u0113ti aug\u013ci<\/strong><strong>.<\/strong><\/li>\n<li aria-level=\"1\"><b>Ir izdev\u012bgi ieg\u0101d\u0101ties:<\/b> 1 kg \u2248 100 tases kafijas.<\/li>\n<li aria-level=\"1\">Augsti ieteicams\u00a0<b>kafijas autom\u0101tiem<\/b>.<\/li>\n<\/ul>\n<p>Vai jums ir k\u0101di jaut\u0101jumi? Sazinies ar mums\u00a0<a href=\"https:\/\/hookahshop.lt\/lv\/kontaktiem\/\">kontaktu lapa<\/a>\u00a0vai rakstiet mums pa e-pastu\u00a0<a href=\"https:\/\/facebook.com\/HookahShop.lt\/\" target=\"_blank\" rel=\"noopener\">Facebook konts<\/a>\u00a0un m\u0113s atbild\u0113sim uz j\u016bsu piepras\u012bjumu taj\u0101 pa\u0161\u0101 dien\u0101.<\/p>","protected":false},"excerpt":{"rendered":"<p>Kafijas pupi\u0146as COFFEE CRUISE Guatemala bezkofe\u012bna 1kg Tiem, kas dievina kafiju, bet izvair\u0101s no kofe\u012bna, tikai jums, mani d\u0101rgie, Gvatemala bez kofe\u012bna. Kafija bez kofe\u012bna ar graudu r\u016bgtumu, kas pat\u012bkami sajaucas ar \u012brisa saldumu. \u0160o smalko harmoniju pabeidz \u017e\u0101v\u0113tu aug\u013cu notis. Kr\u0113mveida putas sola pat\u012bkamus mirk\u013cus, baudot tasi bezkofe\u012bna kafijas. Neatkar\u012bgi no t\u0101, vai j\u016bs to grauzd\u0113jat vai, iesp\u0113jams, izmantojat kafijas autom\u0101tu, Gvatemala [\u2026]<\/p>","protected":false},"featured_media":38821,"comment_status":"open","ping_status":"closed","template":"","meta":[],"_links":{"self":[{"href":"https:\/\/hookahshop.lt\/lv\/wp-json\/wp\/v2\/product\/38817"}],"collection":[{"href":"https:\/\/hookahshop.lt\/lv\/wp-json\/wp\/v2\/product"}],"about":[{"href":"https:\/\/hookahshop.lt\/lv\/wp-json\/wp\/v2\/types\/product"}],"replies":[{"embeddable":true,"href":"https:\/\/hookahshop.lt\/lv\/wp-json\/wp\/v2\/comments?post=38817"}],"version-history":[{"count":3,"href":"https:\/\/hookahshop.lt\/lv\/wp-json\/wp\/v2\/product\/38817\/revisions"}],"predecessor-version":[{"id":39100,"href":"https:\/\/hookahshop.lt\/lv\/wp-json\/wp\/v2\/product\/38817\/revisions\/39100"}],"wp:featuredmedia":[{"embeddable":true,"href":"https:\/\/hookahshop.lt\/lv\/wp-json\/wp\/v2\/media\/38821"}],"wp:attachment":[{"href":"https:\/\/hookahshop.lt\/lv\/wp-json\/wp\/v2\/media?parent=38817"}],"curies":[{"name":"wp","href":"https:\/\/api.w.org\/{rel}","templated":true}]}}