{"id":38837,"date":"2024-03-25T00:28:49","date_gmt":"2024-03-24T22:28:49","guid":{"rendered":"https:\/\/hookahshop.lt\/?post_type=product&#038;p=38837"},"modified":"2025-11-06T20:59:46","modified_gmt":"2025-11-06T18:59:46","slug":"malta-kava-coffee-cruise-kenya-250g","status":"publish","type":"product","link":"https:\/\/hookahshop.lt\/lv\/produkt\/malta-kafija-kafija-kruizs-kenija-250g\/","title":{"rendered":"Malt\u0101 kafija COFFEE CRUISE Kenija 250g"},"content":{"rendered":"<h2>Malt\u0101 kafija COFFEE CRUISE Kenija 250g<\/h2>\n<p>Kenijas kafija, kas audz\u0113ta bag\u0101t\u012bg\u0101 vulk\u0101nisk\u0101 augsn\u0113, tiek uzskat\u012bta par vienu no augst\u0101k\u0101s kvalit\u0101tes kafij\u0101m pasaul\u0113. Kenijas kafijas pupi\u0146\u0101m, kuras l\u0113n\u0101m audz\u0113 augst\u0101s kalnu nog\u0101z\u0113s, ir vair\u0101k laika, lai izveidotu bag\u0101t\u012bgu gar\u0161u, kas satur dzi\u013cu, v\u012bnam l\u012bdz\u012bgu aug\u013cu sk\u0101bumu un izsmalcin\u0101tu. <strong><em>upenes<\/em><\/strong>\u00a0un\u00a0<em><strong>avenes<\/strong><\/em>\u00a0saldums, smalki papildin\u0101ts\u00a0<strong><em>citroni<\/em><\/strong> piez\u012bmes.<\/p>\n<p><strong>Iesp\u0113jas:<\/strong><\/p>\n<ul>\n<li>Kafijas veids: Arabica 100%<\/li>\n<li>Sp\u0113ks: 7\/10<\/li>\n<li>Grauzd\u0113\u0161ana:\u00a0<strong>Vid\u0113ji<\/strong>.<\/li>\n<li>Pamatteksts:<strong> Vid\u0113ji.<\/strong><\/li>\n<li>Arom\u0101ts un saldums:\u00a0<strong>Upenes un ziedi.<\/strong><\/li>\n<li>R\u016bgtums:\u00a0<strong>Avenes.<\/strong><\/li>\n<li>Augl\u012bba:\u00a0<strong>Citroni<\/strong><strong>.<\/strong><\/li>\n<li><b>Ir izdev\u012bgi ieg\u0101d\u0101ties:<\/b>\u00a0250 g \u2248 20 tases kafijas.<\/li>\n<li aria-level=\"1\">Augsti ieteicams\u00a0<b>kafijas autom\u0101tiem<\/b>.<\/li>\n<\/ul>\n<p>Vai jums ir k\u0101di jaut\u0101jumi? Sazinies ar mums\u00a0<a href=\"https:\/\/hookahshop.lt\/lv\/kontaktiem\/\">kontaktu lapa<\/a>\u00a0vai rakstiet mums pa e-pastu\u00a0<a href=\"https:\/\/facebook.com\/HookahShop.lt\/\" target=\"_blank\" rel=\"noopener\">Facebook konts<\/a>\u00a0un m\u0113s atbild\u0113sim uz j\u016bsu piepras\u012bjumu taj\u0101 pa\u0161\u0101 dien\u0101.<\/p>","protected":false},"excerpt":{"rendered":"<p>Malt\u0101 kafija COFFEE CRUISE Kenija 250g Kenijas kafija, kas audz\u0113ta bag\u0101t\u012bg\u0101 vulk\u0101nisk\u0101 augsn\u0113, tiek uzskat\u012bta par vienu no augst\u0101k\u0101s kvalit\u0101tes kafij\u0101m pasaul\u0113. Augst\u0101s kalnu nog\u0101z\u0113s l\u0113n\u0101m audz\u0113t\u0101m Kenijas kafijas pupi\u0146\u0101m ir vair\u0101k laika, lai att\u012bst\u012btu bag\u0101t\u012bgu gar\u0161u, kas satur dzi\u013cu, v\u012bnam l\u012bdz\u012bgu aug\u013cu sk\u0101bumu un izsmalcin\u0101tu upe\u0146u un ave\u0146u saldumu, ko smalki papildina citrona notis. Raksturojums: Kafijas veids: Arabica 100% Stiprums: 7\/10 [\u2026]<\/p>","protected":false},"featured_media":38838,"comment_status":"open","ping_status":"closed","template":"","meta":[],"_links":{"self":[{"href":"https:\/\/hookahshop.lt\/lv\/wp-json\/wp\/v2\/product\/38837"}],"collection":[{"href":"https:\/\/hookahshop.lt\/lv\/wp-json\/wp\/v2\/product"}],"about":[{"href":"https:\/\/hookahshop.lt\/lv\/wp-json\/wp\/v2\/types\/product"}],"replies":[{"embeddable":true,"href":"https:\/\/hookahshop.lt\/lv\/wp-json\/wp\/v2\/comments?post=38837"}],"version-history":[{"count":3,"href":"https:\/\/hookahshop.lt\/lv\/wp-json\/wp\/v2\/product\/38837\/revisions"}],"predecessor-version":[{"id":39023,"href":"https:\/\/hookahshop.lt\/lv\/wp-json\/wp\/v2\/product\/38837\/revisions\/39023"}],"wp:featuredmedia":[{"embeddable":true,"href":"https:\/\/hookahshop.lt\/lv\/wp-json\/wp\/v2\/media\/38838"}],"wp:attachment":[{"href":"https:\/\/hookahshop.lt\/lv\/wp-json\/wp\/v2\/media?parent=38837"}],"curies":[{"name":"wp","href":"https:\/\/api.w.org\/{rel}","templated":true}]}}