{"id":38882,"date":"2024-04-05T23:01:39","date_gmt":"2024-04-05T20:01:39","guid":{"rendered":"https:\/\/hookahshop.lt\/?post_type=product&#038;p=38882"},"modified":"2026-04-17T23:29:57","modified_gmt":"2026-04-17T20:29:57","slug":"karscio-kamera-ocean-v2-steel","status":"publish","type":"product","link":"https:\/\/hookahshop.lt\/lv\/produkt\/siltums-kamera-okeans-v2-terauds\/","title":{"rendered":"Siltuma kamera OCEAN V2 T\u0113rauds"},"content":{"rendered":"<h2>Siltuma kamera OCEAN V2 T\u0113rauds<\/h2>\n<p>Iespaid\u012bgs dizains ar grav\u0113jumu kontrast\u0113jo\u0161\u0101s kr\u0101s\u0101s. Ner\u016bs\u0113jo\u0161\u0101 t\u0113rauda CNC virpo\u0161ana. Iek\u0161pus\u0113 LIT HMD apak\u0161da\u013cu rot\u0101 Ocean Hookah kompasa roze. Taj\u0101 pa\u0161\u0101 laik\u0101, pateicoties nelielam pac\u0113lumam, tas nodro\u0161ina, ka pietiekami daudz sk\u0101bek\u013ca sasniedz kv\u0113lojo\u0161o og\u013cu dibenu. Siltuma kamerai ir \u013coti praktiska uz iek\u0161u sl\u012bpa oglek\u013ca mala.<\/p>\n<p><strong>Specifik\u0101cijas:<\/strong><br \/>\n\u0100r\u0113jais diametrs: 72 mm<br \/>\nAugstums: 28 mm<br \/>\nSvars: 163 g.<br \/>\nMateri\u0101ls: ner\u016bs\u0113jo\u0161ais t\u0113rauds<\/p>\n<p>Jaunin\u0101jums: liel\u0101ki caurumi + nesl\u012bdo\u0161a mala!<\/p>\n<p>Vai jums ir k\u0101di jaut\u0101jumi? Sazinies ar mums\u00a0<a href=\"https:\/\/hookahshop.lt\/lv\/kontaktiem\/\">kontaktu lapa<\/a>\u00a0vai rakstiet mums pa e-pastu\u00a0<a href=\"https:\/\/facebook.com\/HookahShop.lt\/\" target=\"_blank\" rel=\"noopener noreferrer\">Facebook konts<\/a>\u00a0un m\u0113s atbild\u0113sim uz j\u016bsu piepras\u012bjumu taj\u0101 pa\u0161\u0101 dien\u0101.<\/p>","protected":false},"excerpt":{"rendered":"<p>Siltuma kamera OCEAN V2 T\u0113rauds Iespaid\u012bgs dizains ar grav\u0113jumu kontrast\u0113jo\u0161\u0101s kr\u0101s\u0101s. Ner\u016bs\u0113jo\u0161\u0101 t\u0113rauda CNC virpo\u0161ana. Iek\u0161pus\u0113 LIT HMD apak\u0161u rot\u0101 Ocean Hookah kompasa roze. Taj\u0101 pa\u0161\u0101 laik\u0101, pateicoties nelielam k\u0101pumam, tas nodro\u0161ina pietiekami daudz sk\u0101bek\u013ca non\u0101k\u0161anu kv\u0113lojo\u0161\u0101s ogles apak\u0161\u0101. Siltuma kamerai ir \u013coti praktiska uz iek\u0161u sl\u012bpa oglek\u013ca mala. Specifik\u0101cijas: \u0101r\u0113jais diametrs: 72 [\u2026]<\/p>","protected":false},"featured_media":38886,"comment_status":"open","ping_status":"closed","template":"","meta":[],"_links":{"self":[{"href":"https:\/\/hookahshop.lt\/lv\/wp-json\/wp\/v2\/product\/38882"}],"collection":[{"href":"https:\/\/hookahshop.lt\/lv\/wp-json\/wp\/v2\/product"}],"about":[{"href":"https:\/\/hookahshop.lt\/lv\/wp-json\/wp\/v2\/types\/product"}],"replies":[{"embeddable":true,"href":"https:\/\/hookahshop.lt\/lv\/wp-json\/wp\/v2\/comments?post=38882"}],"version-history":[{"count":3,"href":"https:\/\/hookahshop.lt\/lv\/wp-json\/wp\/v2\/product\/38882\/revisions"}],"predecessor-version":[{"id":38932,"href":"https:\/\/hookahshop.lt\/lv\/wp-json\/wp\/v2\/product\/38882\/revisions\/38932"}],"wp:featuredmedia":[{"embeddable":true,"href":"https:\/\/hookahshop.lt\/lv\/wp-json\/wp\/v2\/media\/38886"}],"wp:attachment":[{"href":"https:\/\/hookahshop.lt\/lv\/wp-json\/wp\/v2\/media?parent=38882"}],"curies":[{"name":"wp","href":"https:\/\/api.w.org\/{rel}","templated":true}]}}