{"id":38895,"date":"2024-04-05T23:50:18","date_gmt":"2024-04-05T20:50:18","guid":{"rendered":"https:\/\/hookahshop.lt\/?post_type=product&#038;p=38895"},"modified":"2026-04-20T23:29:38","modified_gmt":"2026-04-20T20:29:38","slug":"taurele-kaljanui-alpha-turk-mustard","status":"publish","type":"product","link":"https:\/\/hookahshop.lt\/lv\/produkt\/kauss-udenspipe-alfa-turku-sinepes\/","title":{"rendered":"KAUSS \u016aDENSP\u012aPEI ALPHA Turk Mustard"},"content":{"rendered":"<h2>KAUSS \u016aDENSP\u012aPEI ALPHA Turk Mustard<\/h2>\n<p>Paz\u012bstamajam \u016bdensp\u012bpju un \u016bdensp\u012bpes piederumu ra\u017eot\u0101jam ALPHA HOOKAH ir jaunas, ar rok\u0101m darin\u0101tas kr\u016bz\u012btes ar univers\u0101l\u0101m m\u0101ksliniecisk\u0101m tekst\u016br\u0101m. Kr\u016bz\u012bte ir p\u0101rkl\u0101ta ar glaz\u016bru, kas neuzs\u016bc s\u012brupu, kas \u013cauj izbaud\u012bt izteikt\u0101ku tabakas gar\u0161u.<br \/>\nTabakas ietilp\u012bba: 18-25g (atkar\u012bb\u0101 no izmantot\u0101s iepako\u0161anas metodes un tabakas veida).<\/p>\n<p><strong>Specifik\u0101cija:<\/strong><br \/>\nAugstums: ~8cm<br \/>\nDiametrs: ~75mm<br \/>\nCaurumu skaits: 5 gab<\/p>\n<p><strong>Raksturojums:<\/strong><br \/>\nTips: turku<br \/>\nMateri\u0101ls: v\u0101cu keramika, glaz\u016bra<\/p>\n<p>Vai jums ir k\u0101di jaut\u0101jumi? Sazinies ar mums\u00a0<a href=\"https:\/\/hookahshop.lt\/lv\/kontaktiem\/\">kontaktu lapa<\/a>\u00a0vai rakstiet mums pa e-pastu\u00a0<a href=\"https:\/\/facebook.com\/HookahShop.lt\/\" target=\"_blank\" rel=\"noopener\">Facebook konts<\/a>\u00a0un m\u0113s atbild\u0113sim uz j\u016bsu piepras\u012bjumu taj\u0101 pa\u0161\u0101 dien\u0101.<\/p>","protected":false},"excerpt":{"rendered":"<p>Kr\u016bz\u012bte \u016bdensp\u012bpei ALPHA Turk Sinep Jaunas ar rok\u0101m darin\u0101tas univers\u0101las m\u0101kslinieciskas tekst\u016bras kr\u016bz\u012btes no paz\u012bstam\u0101 \u016bdensp\u012bpju un \u016bdensp\u012bpes piederumu ra\u017eot\u0101ja ALPHA HOOKAH. Kr\u016bz\u012bte ir p\u0101rkl\u0101ta ar glaz\u016bru, kas neuzs\u016bc s\u012brupu, kas \u013cauj izbaud\u012bt izteikt\u0101ku tabakas gar\u0161u. Tabakas ietilp\u012bba: 18-25g (atkar\u012bb\u0101 no izmantot\u0101s iepako\u0161anas metodes un tabakas veida). Specifik\u0101cija: Augstums: ~8cm Diametrs: ~75mm Caurumu skaits: 5gab. Raksturojums: Tips: turku Materi\u0101ls: [\u2026]<\/p>","protected":false},"featured_media":38899,"comment_status":"open","ping_status":"closed","template":"","meta":[],"_links":{"self":[{"href":"https:\/\/hookahshop.lt\/lv\/wp-json\/wp\/v2\/product\/38895"}],"collection":[{"href":"https:\/\/hookahshop.lt\/lv\/wp-json\/wp\/v2\/product"}],"about":[{"href":"https:\/\/hookahshop.lt\/lv\/wp-json\/wp\/v2\/types\/product"}],"replies":[{"embeddable":true,"href":"https:\/\/hookahshop.lt\/lv\/wp-json\/wp\/v2\/comments?post=38895"}],"version-history":[{"count":3,"href":"https:\/\/hookahshop.lt\/lv\/wp-json\/wp\/v2\/product\/38895\/revisions"}],"predecessor-version":[{"id":38930,"href":"https:\/\/hookahshop.lt\/lv\/wp-json\/wp\/v2\/product\/38895\/revisions\/38930"}],"wp:featuredmedia":[{"embeddable":true,"href":"https:\/\/hookahshop.lt\/lv\/wp-json\/wp\/v2\/media\/38899"}],"wp:attachment":[{"href":"https:\/\/hookahshop.lt\/lv\/wp-json\/wp\/v2\/media?parent=38895"}],"curies":[{"name":"wp","href":"https:\/\/api.w.org\/{rel}","templated":true}]}}