{"id":38900,"date":"2024-04-06T00:01:42","date_gmt":"2024-04-05T21:01:42","guid":{"rendered":"https:\/\/hookahshop.lt\/?post_type=product&#038;p=38900"},"modified":"2026-04-16T10:21:39","modified_gmt":"2026-04-16T07:21:39","slug":"taurele-kaljanui-alpha-race-phunnel-white-matte","status":"publish","type":"product","link":"https:\/\/hookahshop.lt\/lv\/produkt\/kauss-udenspipe-alfa-race-piltuve-balts-matets\/","title":{"rendered":"KAUSS \u016aDENSP\u012aPEI ALPHA Race Phunnel White Matte"},"content":{"rendered":"<h2>KAUSS \u016aDENSP\u012aPEI ALPHA Race Phunnel White Matte<\/h2>\n<p>ALPHA HOKAH, labi zin\u0101ms \u016bdensp\u012bpju un \u016bdensp\u012bpes piederumu ra\u017eot\u0101js, jaunas ar rok\u0101m darin\u0101tas kr\u016bzes ar silikona firmas ieliktni.<br \/>\nTabakas ietilp\u012bba: 15-20g. (atkar\u012bb\u0101 no izmantot\u0101s iepako\u0161anas metodes un tabakas veida).<\/p>\n<p><strong>Specifik\u0101cija:<\/strong><br \/>\nAugstums: 10 cm<br \/>\nDiametrs: ~75mm<br \/>\nCaurumu skaits: 1 gab<\/p>\n<p><strong>Raksturojums:<\/strong><br \/>\nSuga: phennel<br \/>\nMateri\u0101ls: v\u0101cu keramika, glaz\u016bra, silikons<\/p>\n<p>Vai jums ir k\u0101di jaut\u0101jumi? Sazinies ar mums\u00a0<a href=\"https:\/\/hookahshop.lt\/lv\/kontaktiem\/\">kontaktu lapa<\/a>\u00a0vai rakstiet mums pa e-pastu\u00a0<a href=\"https:\/\/facebook.com\/HookahShop.lt\/\" target=\"_blank\" rel=\"noopener\">Facebook konts<\/a>\u00a0un m\u0113s atbild\u0113sim uz j\u016bsu piepras\u012bjumu taj\u0101 pa\u0161\u0101 dien\u0101.<\/p>\n<p>&nbsp;<\/p>","protected":false},"excerpt":{"rendered":"<p>Kr\u016bz\u012bte \u016bdensp\u012bpei ALPHA Race Phunnel White Matte Jaunas ar rok\u0101m darin\u0101tas kr\u016bz\u012btes ar silikona firmas ieliktni no paz\u012bstam\u0101 \u016bdensp\u012bpju un \u016bdensp\u012bpes piederumu ra\u017eot\u0101ja ALPHA HOKAH. Tabakas ietilp\u012bba: 15-20g. (atkar\u012bb\u0101 no izmantot\u0101s iepako\u0161anas metodes un tabakas veida). Specifik\u0101cija: Augstums: 10cm Diametrs: ~75mm Caurumu skaits: 1gab. Raksturojums: Tips: punnel Materi\u0101ls: V\u0101cu keramika, glaz\u016bra, silikons Vai jums ir k\u0101di jaut\u0101jumi? Sazinieties ar mums, izmantojot m\u016bsu kontaktinform\u0101ciju [\u2026]<\/p>","protected":false},"featured_media":38901,"comment_status":"open","ping_status":"closed","template":"","meta":[],"_links":{"self":[{"href":"https:\/\/hookahshop.lt\/lv\/wp-json\/wp\/v2\/product\/38900"}],"collection":[{"href":"https:\/\/hookahshop.lt\/lv\/wp-json\/wp\/v2\/product"}],"about":[{"href":"https:\/\/hookahshop.lt\/lv\/wp-json\/wp\/v2\/types\/product"}],"replies":[{"embeddable":true,"href":"https:\/\/hookahshop.lt\/lv\/wp-json\/wp\/v2\/comments?post=38900"}],"version-history":[{"count":2,"href":"https:\/\/hookahshop.lt\/lv\/wp-json\/wp\/v2\/product\/38900\/revisions"}],"predecessor-version":[{"id":38929,"href":"https:\/\/hookahshop.lt\/lv\/wp-json\/wp\/v2\/product\/38900\/revisions\/38929"}],"wp:featuredmedia":[{"embeddable":true,"href":"https:\/\/hookahshop.lt\/lv\/wp-json\/wp\/v2\/media\/38901"}],"wp:attachment":[{"href":"https:\/\/hookahshop.lt\/lv\/wp-json\/wp\/v2\/media?parent=38900"}],"curies":[{"name":"wp","href":"https:\/\/api.w.org\/{rel}","templated":true}]}}