{"id":39067,"date":"2024-04-13T15:43:36","date_gmt":"2024-04-13T12:43:36","guid":{"rendered":"https:\/\/hookahshop.lt\/?post_type=product&#038;p=39067"},"modified":"2026-04-13T16:24:06","modified_gmt":"2026-04-13T13:24:06","slug":"individualus-kaljano-kandiklis-darkside-d-stick","status":"publish","type":"product","link":"https:\/\/hookahshop.lt\/lv\/produkt\/custom-hookah-bite-darkside\/","title":{"rendered":"Individu\u0101ls \u016bdensp\u012bpes iemutnis DARKSIDE D Stick"},"content":{"rendered":"<h2>Individu\u0101ls \u016bdensp\u012bpes iemutnis DARKSIDE D Stick<\/h2>\n<p>Pateicoties silikona ieliktnim, der jebkuram \u016bdensp\u012bpes iemutnim, ir v\u0101ci\u0146\u0161. Person\u012bgais iemutnis ar magn\u0113tisko apvalku un \u0161tropi - j\u016bs vienm\u0113r varat n\u0113s\u0101t iemuti l\u012bdzi. Izgatavots no iztur\u012bgiem un piesk\u0101rienam pat\u012bkamiem materi\u0101liem, silikona bl\u012bv\u0113jums der\u0113s jebkuram citam iemutnim.<\/p>\n<p><strong>Specifik\u0101cijas:<\/strong><br \/>\nGarums: 62 mm<br \/>\nDiametrs: 26 mm<br \/>\nMateri\u0101ls: poliacet\u0101ls, silikons.<br \/>\nKr\u0101sa melna<\/p>\n<p><strong>Apr\u012bkojums:<\/strong><br \/>\nAtsevi\u0161\u0137s iemutnis ar auklu<br \/>\nZ\u012bmola Darside kaste<\/p>\n<p>Vai jums ir k\u0101di jaut\u0101jumi? Sazinies ar mums\u00a0<a href=\"https:\/\/hookahshop.lt\/lv\/kontaktiem\/\">kontaktu lapa<\/a>\u00a0vai rakstiet mums pa e-pastu\u00a0<a href=\"https:\/\/facebook.com\/HookahShop.lt\/\" target=\"_blank\" rel=\"noopener\">Facebook konts<\/a>\u00a0un m\u0113s atbild\u0113sim uz j\u016bsu piepras\u012bjumu taj\u0101 pa\u0161\u0101 dien\u0101.<\/p>\n<p>&nbsp;<\/p>","protected":false},"excerpt":{"rendered":"<p>Atsevi\u0161\u0137s \u016bdensp\u012bpes iemutnis DARKSIDE D Stick Pateicoties silikona ieliktnim, der jebkuram \u016bdensp\u012bpes iemutnim, ir v\u0101ci\u0146\u0161. Person\u012bgais iemutnis ar magn\u0113tisko apvalku un \u0161tropi - j\u016bs vienm\u0113r varat n\u0113s\u0101t iemuti l\u012bdzi. Izgatavots no iztur\u012bgiem un piesk\u0101rienam pat\u012bkamiem materi\u0101liem, silikona bl\u012bv\u0113jums der\u0113s jebkuram citam iemutnim. Specifik\u0101cijas: Garums: 62 mm Diametrs: 26 mm Materi\u0101ls: [\u2026]<\/p>","protected":false},"featured_media":39068,"comment_status":"open","ping_status":"closed","template":"","meta":[],"_links":{"self":[{"href":"https:\/\/hookahshop.lt\/lv\/wp-json\/wp\/v2\/product\/39067"}],"collection":[{"href":"https:\/\/hookahshop.lt\/lv\/wp-json\/wp\/v2\/product"}],"about":[{"href":"https:\/\/hookahshop.lt\/lv\/wp-json\/wp\/v2\/types\/product"}],"replies":[{"embeddable":true,"href":"https:\/\/hookahshop.lt\/lv\/wp-json\/wp\/v2\/comments?post=39067"}],"version-history":[{"count":5,"href":"https:\/\/hookahshop.lt\/lv\/wp-json\/wp\/v2\/product\/39067\/revisions"}],"predecessor-version":[{"id":40073,"href":"https:\/\/hookahshop.lt\/lv\/wp-json\/wp\/v2\/product\/39067\/revisions\/40073"}],"wp:featuredmedia":[{"embeddable":true,"href":"https:\/\/hookahshop.lt\/lv\/wp-json\/wp\/v2\/media\/39068"}],"wp:attachment":[{"href":"https:\/\/hookahshop.lt\/lv\/wp-json\/wp\/v2\/media?parent=39067"}],"curies":[{"name":"wp","href":"https:\/\/api.w.org\/{rel}","templated":true}]}}