{"id":39073,"date":"2024-04-13T16:35:15","date_gmt":"2024-04-13T13:35:15","guid":{"rendered":"https:\/\/hookahshop.lt\/?post_type=product&#038;p=39073"},"modified":"2026-05-14T23:29:59","modified_gmt":"2026-05-14T20:29:59","slug":"kaljanas-darkside-orion-stealth-grey","status":"publish","type":"product","link":"https:\/\/hookahshop.lt\/lv\/produkt\/hookah-darkside-orion-stealth-grey\/","title":{"rendered":"\u016adensp\u012bpe DARKSIDE Orion Stealth Grey"},"content":{"rendered":"<h2>\u016adensp\u012bpe DARKSIDE Orion Stealth Grey<\/h2>\n<p>\u0160is modelis ir paredz\u0113ts klasisk\u0101s \u016bdensp\u012bpes cien\u012bt\u0101jiem, ta\u010du ar modernu dizainu un vieglu svaru, t\u0101p\u0113c b\u016bs piem\u0113rots transport\u0113\u0161anai.<br \/>\nAt\u0161\u0137ir\u012bb\u0101 no daudz\u0101m m\u016bsdienu \u016bdensp\u012bp\u0113m, Orion modelim ir stingrs k\u0101ts, kas padara to uzticam\u0101ku un iztur\u012bg\u0101ku sal\u012bdzin\u0101jum\u0101 ar cit\u0101m \u016bdensp\u012bp\u0113m (bez v\u012btn\u0113m). T\u0101pat \u0161im modelim nav difuzora, lai \u016bdensp\u012bpe b\u016btu klasiska (ciet\u0101ka ar pretest\u012bbu).<br \/>\nAtsevi\u0161\u0137i ir v\u0113rts piev\u0113rst uzman\u012bbu magn\u0113tiskajam savienojumam, kas nostiprina \u0161\u013c\u016bteni pie \u016bdensp\u012bpes pamatnes. Tas dro\u0161i nostiprina \u0161\u013c\u016bteni un ne\u013cauj tai izkrist visnepiem\u0113rot\u0101kaj\u0101 br\u012bd\u012b.<br \/>\nOrion ir \u0113rta plata pl\u0101ksne ar s\u0101niem, kas dro\u0161i notur pelnus. Pl\u0101ksne ir bez v\u012btnes un n\u0101k nost caur aug\u0161pusi.<\/p>\n<p><strong>Raksturojums:<\/strong><br \/>\n\u016adensp\u012bpes augstums: 52 cm<br \/>\nV\u0101rpstas diametrs: 1,1 cm<br \/>\nMateri\u0101ls: ner\u016bs\u0113jo\u0161ais t\u0113rauds un poliacet\u0101ls<br \/>\n\u0160\u013c\u016btenes savienojums: magn\u0113tisks<br \/>\n\u016adensp\u012bpes vilk\u0161ana: klasiski smaga (bez difuzora)<\/p>\n<p><strong>Apr\u012bkojums:<\/strong><br \/>\nV\u0101rpsta<br \/>\nMutes iemutnis<br \/>\nSilikona \u0161\u013c\u016btene melna &quot;Soft Touch&quot;<br \/>\nBl\u012bvju komplekts<\/p>\n<p><img decoding=\"async\" loading=\"lazy\" class=\"alignnone size-medium wp-image-38521\" src=\"https:\/\/hookahshop.lt\/wp-content\/uploads\/2020\/09\/stiebas-zarna-kandiklis-1-300x273.jpg\" alt=\"- hookahshop.lt\" width=\"300\" height=\"273\" srcset=\"https:\/\/hookahshop.lt\/wp-content\/uploads\/2020\/09\/stiebas-zarna-kandiklis-1-300x273.jpg 300w, https:\/\/hookahshop.lt\/wp-content\/uploads\/2020\/09\/stiebas-zarna-kandiklis-1-13x12.jpg 13w, https:\/\/hookahshop.lt\/wp-content\/uploads\/2020\/09\/stiebas-zarna-kandiklis-1-64x58.jpg 64w, https:\/\/hookahshop.lt\/wp-content\/uploads\/2020\/09\/stiebas-zarna-kandiklis-1.jpg 420w\" sizes=\"(max-width: 300px) 100vw, 300px\" title=\"\"><br \/>\nVai jums ir k\u0101di jaut\u0101jumi? Sazinies ar mums\u00a0<a href=\"https:\/\/hookahshop.lt\/lv\/kontaktiem\/\">kontaktu lapa<\/a>\u00a0vai rakstiet mums pa e-pastu\u00a0<a href=\"https:\/\/facebook.com\/HookahShop.lt\/\" target=\"_blank\" rel=\"noopener\">Facebook konts<\/a>\u00a0un m\u0113s atbild\u0113sim uz j\u016bsu piepras\u012bjumu taj\u0101 pa\u0161\u0101 dien\u0101.<\/p>\n<p>&nbsp;<\/p>","protected":false},"excerpt":{"rendered":"<p>\u016adensp\u012bpe DARKSIDE Orion Stealth Grey \u0160is modelis ir paredz\u0113ts klasisk\u0101s \u016bdensp\u012bpes cien\u012bt\u0101jiem, ta\u010du ar modernu dizainu un vieglu svaru, t\u0101p\u0113c piem\u0113rots transport\u0113\u0161anai. At\u0161\u0137ir\u012bb\u0101 no daudz\u0101m m\u016bsdienu \u016bdensp\u012bp\u0113m, Orion modelim ir stingrs k\u0101ts, kas padara to uzticam\u0101ku un iztur\u012bg\u0101ku sal\u012bdzin\u0101jum\u0101 ar cit\u0101m \u016bdensp\u012bp\u0113m (bez v\u012btn\u0113m). T\u0101pat \u0161im modelim nav difuzora, lai pievilk\u0161an\u0101s, lietojot \u016bdensp\u012bpi b\u016btu klasiska (smag\u0101ka ar [\u2026]<\/p>","protected":false},"featured_media":39074,"comment_status":"open","ping_status":"closed","template":"","meta":[],"_links":{"self":[{"href":"https:\/\/hookahshop.lt\/lv\/wp-json\/wp\/v2\/product\/39073"}],"collection":[{"href":"https:\/\/hookahshop.lt\/lv\/wp-json\/wp\/v2\/product"}],"about":[{"href":"https:\/\/hookahshop.lt\/lv\/wp-json\/wp\/v2\/types\/product"}],"replies":[{"embeddable":true,"href":"https:\/\/hookahshop.lt\/lv\/wp-json\/wp\/v2\/comments?post=39073"}],"version-history":[{"count":5,"href":"https:\/\/hookahshop.lt\/lv\/wp-json\/wp\/v2\/product\/39073\/revisions"}],"predecessor-version":[{"id":39116,"href":"https:\/\/hookahshop.lt\/lv\/wp-json\/wp\/v2\/product\/39073\/revisions\/39116"}],"wp:featuredmedia":[{"embeddable":true,"href":"https:\/\/hookahshop.lt\/lv\/wp-json\/wp\/v2\/media\/39074"}],"wp:attachment":[{"href":"https:\/\/hookahshop.lt\/lv\/wp-json\/wp\/v2\/media?parent=39073"}],"curies":[{"name":"wp","href":"https:\/\/api.w.org\/{rel}","templated":true}]}}