{"id":39276,"date":"2024-04-30T14:08:08","date_gmt":"2024-04-30T11:08:08","guid":{"rendered":"https:\/\/hookahshop.lt\/?post_type=product&#038;p=39276"},"modified":"2025-11-06T20:59:42","modified_gmt":"2025-11-06T18:59:42","slug":"kavos-aparatas-nivona-nicr-790","status":"publish","type":"product","link":"https:\/\/hookahshop.lt\/lv\/produkt\/kafijas-automats-nivona-nicr-790\/","title":{"rendered":"Kafijas autom\u0101ts NIVONA NICR 790"},"content":{"rendered":"<h2>Kafijas autom\u0101ts NIVONA NICR 790<\/h2>\n<p><strong>Kapu\u010d\u012bno ir tik gar\u0161\u012bgs, ka tam nav iesp\u0113jams pretoties<\/strong><br \/>\nAugst\u0101k\u0101 kvalit\u0101te, nospie\u017eot pogu. M\u0113s apsol\u0101m. Jo Nivona 7. s\u0113rija sniegs jums \u0161o gar\u0161u \u0113rt\u0101k - pat uzv\u0101rot kapu\u010d\u012bno vai latte macchiato tasi.<\/p>\n<p><strong>Kr\u016bz\u012bt\u0113 skan m\u016bzika.<\/strong><br \/>\nNo 7. s\u0113rijas par\u0101d\u0101s ar\u012b programm\u0113\u0161anas iesp\u0113ja. Izveidojiet savas NIVONA receptes, vienk\u0101r\u0161i pagatavojot kafiju atbilsto\u0161i sav\u0101m vajadz\u012bb\u0101m. Autom\u0101tiskais autom\u0101ts saglab\u0101s j\u016bsu unik\u0101lo iecien\u012bt\u0101k\u0101s kafijas recepti.<\/p>\n<p><strong>Tehniskie dati:<\/strong><br \/>\nRa\u017eot\u0101js: NIVONA<br \/>\nKr\u0101sa melna<br \/>\nKafijas veids: Kafijas pupi\u0146as, malta kafija<br \/>\nVad\u012bbas ekr\u0101ns: Kr\u0101su TFT, pieejams lietuvie\u0161u valod\u0101<br \/>\nReceptes: Espresso, cafe creme, cafe lungo, cafe americano,<br \/>\nkapu\u010d\u012bno, karsts piens, karsts \u016bdens, 5 ind. receptes<br \/>\nKafija ar pienu: pieejama<br \/>\nPiena sist\u0113mas veids: Autom\u0101tiska piena sist\u0113ma ar \u0161\u013c\u016bteni<br \/>\n2 porcijas vienlaic\u012bgi: espresso, cafe creme, cafe lungo, cafe americano<br \/>\n\u016adens tilpums: 2,2 l<br \/>\nKafijas pupi\u0146u ietilp\u012bba: 250 g<br \/>\nIzm\u0113ri (LxHxW): 24 x 34 x 46 cm<\/p>\n<p>&nbsp;<\/p>\n<p>Vai jums ir k\u0101di jaut\u0101jumi? Sazinies ar mums\u00a0<a href=\"https:\/\/hookahshop.lt\/lv\/kontaktiem\/\">kontaktu lapa<\/a>\u00a0vai rakstiet mums pa e-pastu\u00a0<a href=\"https:\/\/facebook.com\/HookahShop.lt\/\" target=\"_blank\" rel=\"noopener noreferrer\">Facebook konts<\/a>\u00a0un m\u0113s atbild\u0113sim uz j\u016bsu piepras\u012bjumu taj\u0101 pa\u0161\u0101 dien\u0101.<\/p>","protected":false},"excerpt":{"rendered":"<p>Kafijas autom\u0101ts NIVONA NICR 790 Cappuccino tik gar\u0161\u012bgs, ka nav iesp\u0113jams pretoties Augst\u0101k\u0101 kvalit\u0101te, nospie\u017eot pogu. M\u0113s apsol\u0101m. Jo Nivona 7. s\u0113rija sniegs jums \u0161o gar\u0161u \u0113rt\u0101k - pat gatavojot tasi kapu\u010d\u012bno vai latte macchiato. Kr\u016bz\u012bt\u0113 skan m\u016bzika. No 7. s\u0113rijas par\u0101d\u0101s ar\u012b programm\u0113\u0161anas iesp\u0113ja. Izveidojiet savas NIVONA receptes, vienk\u0101r\u0161i pagatavojot kafiju atbilsto\u0161i savai [...]<\/p>","protected":false},"featured_media":39277,"comment_status":"open","ping_status":"closed","template":"","meta":[],"_links":{"self":[{"href":"https:\/\/hookahshop.lt\/lv\/wp-json\/wp\/v2\/product\/39276"}],"collection":[{"href":"https:\/\/hookahshop.lt\/lv\/wp-json\/wp\/v2\/product"}],"about":[{"href":"https:\/\/hookahshop.lt\/lv\/wp-json\/wp\/v2\/types\/product"}],"replies":[{"embeddable":true,"href":"https:\/\/hookahshop.lt\/lv\/wp-json\/wp\/v2\/comments?post=39276"}],"version-history":[{"count":3,"href":"https:\/\/hookahshop.lt\/lv\/wp-json\/wp\/v2\/product\/39276\/revisions"}],"predecessor-version":[{"id":39285,"href":"https:\/\/hookahshop.lt\/lv\/wp-json\/wp\/v2\/product\/39276\/revisions\/39285"}],"wp:featuredmedia":[{"embeddable":true,"href":"https:\/\/hookahshop.lt\/lv\/wp-json\/wp\/v2\/media\/39277"}],"wp:attachment":[{"href":"https:\/\/hookahshop.lt\/lv\/wp-json\/wp\/v2\/media?parent=39276"}],"curies":[{"name":"wp","href":"https:\/\/api.w.org\/{rel}","templated":true}]}}