{"id":39303,"date":"2024-05-08T14:30:35","date_gmt":"2024-05-08T11:30:35","guid":{"rendered":"https:\/\/hookahshop.lt\/?post_type=product&#038;p=39303"},"modified":"2026-04-17T23:29:58","modified_gmt":"2026-04-17T20:29:58","slug":"apsauginis-ziedas-kaitlentei","status":"publish","type":"product","link":"https:\/\/hookahshop.lt\/lv\/produkt\/aizsarggredzens-plits-virsmai\/","title":{"rendered":"Aizsarggredzens pl\u012bts virsmai"},"content":{"rendered":"<h2>Aizsarggredzens pl\u012bts virsmai<\/h2>\n<p>Izmanto pl\u012bts virsmas \u016bdensp\u012bpes ogl\u0113m Esperanza. Tas pal\u012bdz\u0113s \u0113rti uzsild\u012bt liel\u0101ku \u016bdensp\u012bpes og\u013cu daudzumu. Nodro\u0161in\u0101s dro\u0161\u012bbu eso\u0161o sienu d\u0113\u013c.<\/p>\n<p><strong>Specifik\u0101cija:<\/strong><br \/>\nMateri\u0101ls: ner\u016bs\u0113jo\u0161ais t\u0113rauds<br \/>\nDiametrs: 20 cm<br \/>\nAugstums: 6 cm<br \/>\nVai jums ir k\u0101di jaut\u0101jumi? Sazinies ar mums\u00a0<a href=\"https:\/\/hookahshop.lt\/lv\/kontaktiem\/\">kontaktu lapa<\/a>\u00a0vai rakstiet mums pa e-pastu\u00a0<a href=\"https:\/\/facebook.com\/HookahShop.lt\/\" target=\"_blank\" rel=\"noopener noreferrer\">Facebook konts<\/a>\u00a0un m\u0113s atbild\u0113sim uz j\u016bsu piepras\u012bjumu taj\u0101 pa\u0161\u0101 dien\u0101.<\/p>","protected":false},"excerpt":{"rendered":"<p>Aizsarggredzens pl\u012bts virsmai Izmanto pl\u012bts virsmai \u016bdensp\u012bpes oglei Esperanza. Tas pal\u012bdz\u0113s \u0113rti uzsild\u012bt liel\u0101ku \u016bdensp\u012bpes og\u013cu daudzumu. Nodro\u0161in\u0101s dro\u0161\u012bbu eso\u0161o sienu d\u0113\u013c. Specifik\u0101cija: Materi\u0101ls: ner\u016bs\u0113jo\u0161ais t\u0113rauds Diametrs: 20cm Augstums: 6cm Vai ir k\u0101di jaut\u0101jumi? Sazinieties ar mums kontaktu lap\u0101 vai rakstiet mums uz m\u016bsu Facebook kontu un m\u0113s atbild\u0113sim uz j\u016bsu piepras\u012bjumu taj\u0101 pa\u0161\u0101 dien\u0101.<\/p>","protected":false},"featured_media":39304,"comment_status":"open","ping_status":"closed","template":"","meta":[],"_links":{"self":[{"href":"https:\/\/hookahshop.lt\/lv\/wp-json\/wp\/v2\/product\/39303"}],"collection":[{"href":"https:\/\/hookahshop.lt\/lv\/wp-json\/wp\/v2\/product"}],"about":[{"href":"https:\/\/hookahshop.lt\/lv\/wp-json\/wp\/v2\/types\/product"}],"replies":[{"embeddable":true,"href":"https:\/\/hookahshop.lt\/lv\/wp-json\/wp\/v2\/comments?post=39303"}],"version-history":[{"count":3,"href":"https:\/\/hookahshop.lt\/lv\/wp-json\/wp\/v2\/product\/39303\/revisions"}],"predecessor-version":[{"id":39307,"href":"https:\/\/hookahshop.lt\/lv\/wp-json\/wp\/v2\/product\/39303\/revisions\/39307"}],"wp:featuredmedia":[{"embeddable":true,"href":"https:\/\/hookahshop.lt\/lv\/wp-json\/wp\/v2\/media\/39304"}],"wp:attachment":[{"href":"https:\/\/hookahshop.lt\/lv\/wp-json\/wp\/v2\/media?parent=39303"}],"curies":[{"name":"wp","href":"https:\/\/api.w.org\/{rel}","templated":true}]}}