{"id":39316,"date":"2024-05-14T10:04:33","date_gmt":"2024-05-14T07:04:33","guid":{"rendered":"https:\/\/hookahshop.lt\/?post_type=product&#038;p=39316"},"modified":"2026-04-19T23:30:19","modified_gmt":"2026-04-19T20:30:19","slug":"kandiklis-kaljanui-vyro-forged-mini","status":"publish","type":"product","link":"https:\/\/hookahshop.lt\/lv\/produkt\/iemuti-for-viriesu-udenspipe-kaltais-mini\/","title":{"rendered":"\u016adensp\u012bpes iemuti VYRO Forged Mini"},"content":{"rendered":"<h2>\u016adensp\u012bpes iemuti VYRO Forged Mini<\/h2>\n<p>Lieliski ne tikai viegl\u0101 svara, bet ar\u012b kvalitat\u012bv\u0101 materi\u0101la d\u0113\u013c. \u0160is iemuts ir piem\u0113rots ne tikai ikdienas lieto\u0161anai, bet ar\u012b katrai \u016bdensp\u012bpei un parastai silikona \u0161\u013c\u016btenei.<\/p>\n<p><strong>Specifik\u0101cijas:<\/strong><br \/>\nGarums: ~ 17 cm<br \/>\nSvars: ~ 73 g<br \/>\nIek\u0161\u0113jais diametrs: 10 mm<br \/>\nMateri\u0101li: ogleklis un V2A ner\u016bs\u0113jo\u0161ais t\u0113rauds<\/p>\n<p>&nbsp;<\/p>\n<p>Vai jums ir k\u0101di jaut\u0101jumi? Sazinies ar mums\u00a0<a href=\"https:\/\/hookahshop.lt\/lv\/kontaktiem\/\">kontaktu lapa<\/a>\u00a0vai rakstiet mums pa e-pastu\u00a0<a href=\"https:\/\/facebook.com\/HookahShop.lt\/\" target=\"_blank\" rel=\"noopener noreferrer\">Facebook konts<\/a>\u00a0un m\u0113s atbild\u0113sim uz j\u016bsu piepras\u012bjumu taj\u0101 pa\u0161\u0101 dien\u0101.<\/p>","protected":false},"excerpt":{"rendered":"<p>\u016adensp\u012bpes iemu\u0137is VYRO Forged Mini Excellent ne tikai viegl\u0101 svara, bet ar\u012b kvalitat\u012bv\u0101 materi\u0101la d\u0113\u013c. \u0160is iemuts ir piem\u0113rots ne tikai ikdienas lieto\u0161anai, bet ar\u012b katrai \u016bdensp\u012bpei un parastai silikona \u0161\u013c\u016btenei. Specifik\u0101cijas: Garums: ~17 cm Svars: ~ 73 g Iek\u0161\u0113jais diametrs: 10 mm Materi\u0101li: Oglek\u013ca un V2A ner\u016bs\u0113jo\u0161ais t\u0113rauds Jaut\u0101jumi? Sazinieties ar mums, izmantojot m\u016bsu kontaktinform\u0101ciju [\u2026]<\/p>","protected":false},"featured_media":39317,"comment_status":"open","ping_status":"closed","template":"","meta":[],"_links":{"self":[{"href":"https:\/\/hookahshop.lt\/lv\/wp-json\/wp\/v2\/product\/39316"}],"collection":[{"href":"https:\/\/hookahshop.lt\/lv\/wp-json\/wp\/v2\/product"}],"about":[{"href":"https:\/\/hookahshop.lt\/lv\/wp-json\/wp\/v2\/types\/product"}],"replies":[{"embeddable":true,"href":"https:\/\/hookahshop.lt\/lv\/wp-json\/wp\/v2\/comments?post=39316"}],"version-history":[{"count":3,"href":"https:\/\/hookahshop.lt\/lv\/wp-json\/wp\/v2\/product\/39316\/revisions"}],"predecessor-version":[{"id":39593,"href":"https:\/\/hookahshop.lt\/lv\/wp-json\/wp\/v2\/product\/39316\/revisions\/39593"}],"wp:featuredmedia":[{"embeddable":true,"href":"https:\/\/hookahshop.lt\/lv\/wp-json\/wp\/v2\/media\/39317"}],"wp:attachment":[{"href":"https:\/\/hookahshop.lt\/lv\/wp-json\/wp\/v2\/media?parent=39316"}],"curies":[{"name":"wp","href":"https:\/\/api.w.org\/{rel}","templated":true}]}}