{"id":39415,"date":"2024-06-12T21:39:27","date_gmt":"2024-06-12T18:39:27","guid":{"rendered":"https:\/\/hookahshop.lt\/?post_type=product&#038;p=39415"},"modified":"2026-05-14T23:29:59","modified_gmt":"2026-05-14T20:29:59","slug":"sirupo-gaudykle-darkside-black","status":"publish","type":"product","link":"https:\/\/hookahshop.lt\/lv\/produkt\/sirups-slazds-darksside-melns\/","title":{"rendered":"S\u012brupa slazds DARKSIDE Black"},"content":{"rendered":"<h2>S\u012brupa slazds DARKSIDE Black<\/h2>\n<p>Ne\u013cauj tabakas lap\u0101m un s\u012brupam iek\u013c\u016bt kolb\u0101 un \u016bdensp\u012bpes k\u0101t\u0101. Nov\u0113r\u0161 dzeltenumu kolb\u0101, kas ir \u012bpa\u0161i svar\u012bgi, pasniedzot \u016bdensp\u012bpi \u016bdensp\u012bp\u0113 uz galda. Tagad jums nav j\u0101mazg\u0101 \u016bdensp\u012bpe katru reizi, mainot kr\u016bzi, lai no\u0146emtu s\u012brupu un tabakas lapas apak\u0161\u0101.<br \/>\nPla\u0161\u0101ka konstrukcijas cauruma d\u0113\u013c pieejam\u0101 sa\u0137ere netiek zaud\u0113ta. Izgatavots no alum\u012bnija, tas neuzs\u016bc smakas un nesaraujas, at\u0161\u0137ir\u012bb\u0101 no silikona.<\/p>\n<p><strong>Specifik\u0101cijas:<\/strong><br \/>\nAugstums: 63,4 mm<br \/>\nDiametrs: 42,2 mm<br \/>\nApak\u0161\u0113j\u0101 cauruma diametrs: 17,6 mm<br \/>\nMateri\u0101ls: alum\u012bnijs<br \/>\nSvars: 64,4 g<\/p>\n<p>Vai jums ir k\u0101di jaut\u0101jumi? Sazinies ar mums\u00a0<a href=\"https:\/\/hookahshop.lt\/lv\/kontaktiem\/\">kontaktu lapa<\/a>\u00a0vai rakstiet mums pa e-pastu\u00a0<a href=\"https:\/\/facebook.com\/HookahShop.lt\/\" target=\"_blank\" rel=\"noopener noreferrer\">Facebook konts<\/a>\u00a0un m\u0113s atbild\u0113sim uz j\u016bsu piepras\u012bjumu taj\u0101 pa\u0161\u0101 dien\u0101.<\/p>","protected":false},"excerpt":{"rendered":"<p>S\u012brupa slazds DARKSIDE Black Ne\u013cauj tabakas lap\u0101m un s\u012brupam iek\u013c\u016bt kolb\u0101 un \u016bdensp\u012bpes k\u0101t\u0101. Nov\u0113r\u0161 dzeltenumu kolb\u0101, kas ir \u012bpa\u0161i svar\u012bgi, pasniedzot \u016bdensp\u012bpi \u016bdensp\u012bp\u0113 uz galda. Tagad jums nav j\u0101mazg\u0101 \u016bdensp\u012bpe katru reizi, mainot kr\u016bzi, lai no\u0146emtu s\u012brupu un tabakas lapas apak\u0161\u0101. Pla\u0161\u0101ka konstrukcijas cauruma d\u0113\u013c pieejam\u0101 vilce netiek zaud\u0113ta. Izgatavots no alum\u012bnija, [\u2026]<\/p>","protected":false},"featured_media":39416,"comment_status":"open","ping_status":"closed","template":"","meta":[],"_links":{"self":[{"href":"https:\/\/hookahshop.lt\/lv\/wp-json\/wp\/v2\/product\/39415"}],"collection":[{"href":"https:\/\/hookahshop.lt\/lv\/wp-json\/wp\/v2\/product"}],"about":[{"href":"https:\/\/hookahshop.lt\/lv\/wp-json\/wp\/v2\/types\/product"}],"replies":[{"embeddable":true,"href":"https:\/\/hookahshop.lt\/lv\/wp-json\/wp\/v2\/comments?post=39415"}],"version-history":[{"count":2,"href":"https:\/\/hookahshop.lt\/lv\/wp-json\/wp\/v2\/product\/39415\/revisions"}],"predecessor-version":[{"id":39594,"href":"https:\/\/hookahshop.lt\/lv\/wp-json\/wp\/v2\/product\/39415\/revisions\/39594"}],"wp:featuredmedia":[{"embeddable":true,"href":"https:\/\/hookahshop.lt\/lv\/wp-json\/wp\/v2\/media\/39416"}],"wp:attachment":[{"href":"https:\/\/hookahshop.lt\/lv\/wp-json\/wp\/v2\/media?parent=39415"}],"curies":[{"name":"wp","href":"https:\/\/api.w.org\/{rel}","templated":true}]}}