{"id":39423,"date":"2024-06-12T22:24:12","date_gmt":"2024-06-12T19:24:12","guid":{"rendered":"https:\/\/hookahshop.lt\/?post_type=product&#038;p=39423"},"modified":"2026-04-15T12:29:41","modified_gmt":"2026-04-15T09:29:41","slug":"vienkartiniai-kandikliai-kaljanui-spalvoti-6cm-100vnt","status":"publish","type":"product","link":"https:\/\/hookahshop.lt\/lv\/produkt\/vienreizlietojamie-iemuti-udenspipes-krasai-6cm-100gab\/","title":{"rendered":"Vienreizlietojamie iemuti \u016bdensp\u012bpei kr\u0101saini 6cm 100 gab"},"content":{"rendered":"<h2>Vienreizlietojamie iemuti \u016bdensp\u012bpei kr\u0101saini 6cm 100 gab<\/h2>\n<p>Papildu piestiprin\u0101\u0161anai pie \u016bdensp\u012bpes iemut\u0146a higi\u0113niskai lieto\u0161anai.<\/p>\n<p><strong>Raksturojums:<\/strong><br \/>\nGarums: 6 cm<br \/>\nKr\u0101sa: da\u017e\u0101das kr\u0101sas<br \/>\nDaudzums iepakojum\u0101: 100gab<\/p>\n<p>Vai jums ir k\u0101di jaut\u0101jumi? Sazinies ar mums\u00a0<a href=\"https:\/\/hookahshop.lt\/lv\/kontaktiem\/\">kontaktu lapa<\/a>\u00a0vai rakstiet mums pa e-pastu\u00a0<a href=\"https:\/\/facebook.com\/HookahShop.lt\/\" target=\"_blank\" rel=\"noopener noreferrer\">Facebook konts<\/a>\u00a0un m\u0113s atbild\u0113sim uz j\u016bsu piepras\u012bjumu taj\u0101 pa\u0161\u0101 dien\u0101.<\/p>\n<p>&nbsp;<\/p>","protected":false},"excerpt":{"rendered":"<p>Vienreizlietojamie iemuti \u016bdensp\u012bpei, kr\u0101saini 6cm 100gab Paredz\u0113ti papildus uzlik\u0161anai uz \u016bdensp\u012bpes iemut\u0146a higi\u0113niskai lieto\u0161anai. Raksturojums: Garums: 6cm Kr\u0101sa: da\u017e\u0101das kr\u0101sas Iepakojuma daudzums: 100 gab. Vai jums ir k\u0101di jaut\u0101jumi? Sazinieties ar mums kontaktu lap\u0101 vai rakstiet mums uz m\u016bsu Facebook kontu un m\u0113s atbild\u0113sim uz j\u016bsu piepras\u012bjumu taj\u0101 pa\u0161\u0101 dien\u0101. &nbsp;<\/p>","protected":false},"featured_media":39424,"comment_status":"open","ping_status":"closed","template":"","meta":[],"_links":{"self":[{"href":"https:\/\/hookahshop.lt\/lv\/wp-json\/wp\/v2\/product\/39423"}],"collection":[{"href":"https:\/\/hookahshop.lt\/lv\/wp-json\/wp\/v2\/product"}],"about":[{"href":"https:\/\/hookahshop.lt\/lv\/wp-json\/wp\/v2\/types\/product"}],"replies":[{"embeddable":true,"href":"https:\/\/hookahshop.lt\/lv\/wp-json\/wp\/v2\/comments?post=39423"}],"version-history":[{"count":4,"href":"https:\/\/hookahshop.lt\/lv\/wp-json\/wp\/v2\/product\/39423\/revisions"}],"predecessor-version":[{"id":42960,"href":"https:\/\/hookahshop.lt\/lv\/wp-json\/wp\/v2\/product\/39423\/revisions\/42960"}],"wp:featuredmedia":[{"embeddable":true,"href":"https:\/\/hookahshop.lt\/lv\/wp-json\/wp\/v2\/media\/39424"}],"wp:attachment":[{"href":"https:\/\/hookahshop.lt\/lv\/wp-json\/wp\/v2\/media?parent=39423"}],"curies":[{"name":"wp","href":"https:\/\/api.w.org\/{rel}","templated":true}]}}