{"id":39432,"date":"2024-06-15T12:41:41","date_gmt":"2024-06-15T09:41:41","guid":{"rendered":"https:\/\/hookahshop.lt\/?post_type=product&#038;p=39432"},"modified":"2026-04-17T23:29:58","modified_gmt":"2026-04-17T20:29:58","slug":"kaljanas-ykap-killer-classic-grom-capucino","status":"publish","type":"product","link":"https:\/\/hookahshop.lt\/lv\/produkt\/hookah-ykap-killer-classic-grom-capucino\/","title":{"rendered":"\u016adensp\u012bpe YKAP Killer Classic Grom Capucino"},"content":{"rendered":"<h2>\u016adensp\u012bpe YKAP Killer Classic Grom Capucino<\/h2>\n<p>\u0160\u012b ir kvalitat\u012bva \u016bdensp\u012bpe, kas garant\u0113s pat\u012bkamu seansu, un, pateicoties difuzoram, \u016bdensp\u012bpes vilk\u0161ana b\u016bs viegla.<\/p>\n<p><strong>Specifik\u0101cija:<\/strong><br \/>\nMateri\u0101ls (\u0101r\u0113js): anod\u0113ts alum\u012bnijs<br \/>\nMateri\u0101ls (iek\u0161\u0113jais): ner\u016bs\u0113jo\u0161ais t\u0113rauds (stabu apak\u0161da\u013ca saskaras ar \u016bdeni)<br \/>\nV\u0101rpstu (mastu) var piln\u012bb\u0101 izv\u0113l\u0113ties<br \/>\nSavienot\u0101js ar O-gredzenu<br \/>\nVertik\u0101l\u0101 d\u016bmu att\u012br\u012b\u0161ana<br \/>\nPl\u0101ksne (ner\u016bs\u0113jo\u0161\u0101 t\u0113rauda pulverkr\u0101sota)<br \/>\nV\u0101rpstas (k\u0101ta) augstums bez kolbas: 47 cm<br \/>\nV\u0101rpstas (masta) iek\u0161\u0113jais diametrs: 13 mm<br \/>\nDifuzors: j\u0101<\/p>\n<p><strong>Apr\u012bkojums:<\/strong><\/p>\n<p>V\u0101rpsta (k\u0101ts), pl\u0101ksne, iemuts, silikona melna \u0161\u013c\u016btene, bl\u012bvju komplekts.<\/p>\n<p><img decoding=\"async\" loading=\"lazy\" class=\"alignnone size-medium wp-image-38521\" src=\"https:\/\/hookahshop.lt\/wp-content\/uploads\/2020\/09\/stiebas-zarna-kandiklis-1-300x273.jpg\" alt=\"- hookahshop.lt\" width=\"300\" height=\"273\" srcset=\"https:\/\/hookahshop.lt\/wp-content\/uploads\/2020\/09\/stiebas-zarna-kandiklis-1-300x273.jpg 300w, https:\/\/hookahshop.lt\/wp-content\/uploads\/2020\/09\/stiebas-zarna-kandiklis-1-13x12.jpg 13w, https:\/\/hookahshop.lt\/wp-content\/uploads\/2020\/09\/stiebas-zarna-kandiklis-1-64x58.jpg 64w, https:\/\/hookahshop.lt\/wp-content\/uploads\/2020\/09\/stiebas-zarna-kandiklis-1.jpg 420w\" sizes=\"(max-width: 300px) 100vw, 300px\" title=\"\"><\/p>\n<p>Vai jums ir k\u0101di jaut\u0101jumi? Sazinies ar mums\u00a0<a href=\"https:\/\/hookahshop.lt\/lv\/kontaktiem\/\">kontaktu lapa<\/a>\u00a0vai rakstiet mums pa e-pastu\u00a0<a href=\"https:\/\/facebook.com\/HookahShop.lt\/\" target=\"_blank\" rel=\"noopener noreferrer\">Facebook konts<\/a>\u00a0un m\u0113s atbild\u0113sim uz j\u016bsu piepras\u012bjumu taj\u0101 pa\u0161\u0101 dien\u0101.<\/p>","protected":false},"excerpt":{"rendered":"<p>\u016adensp\u012bpe YKAP Killer Classic Grom Capucino \u0160\u012b ir augstas kvalit\u0101tes \u016bdensp\u012bpe, kas garant\u0113s pat\u012bkamu seansu, un, pateicoties difuzoram, \u016bdensp\u012bpes vilk\u0161ana b\u016bs viegla. Specifik\u0101cija: Materi\u0101ls (\u0101r\u0113jais): anod\u0113ts alum\u012bnijs Materi\u0101ls (iek\u0161\u0113jais): ner\u016bs\u0113jo\u0161ais t\u0113rauds (k\u0101ta apak\u0161\u0113j\u0101 da\u013ca, kas saskaras ar \u016bdeni) V\u0101rpsta (k\u0101ts) piln\u012bb\u0101 atlas\u0101ms Savienot\u0101js ar O-gredzenu Vertik\u0101la d\u016bmu novad\u012b\u0161anas pl\u0101ksne (apdedzin\u0101ta no ner\u016bs\u0113jo\u0161\u0101 t\u0113rauda ar pulverkr\u0101su) V\u0101rpstas (k\u0101ts) [\u2026]<\/p>","protected":false},"featured_media":39436,"comment_status":"open","ping_status":"closed","template":"","meta":[],"_links":{"self":[{"href":"https:\/\/hookahshop.lt\/lv\/wp-json\/wp\/v2\/product\/39432"}],"collection":[{"href":"https:\/\/hookahshop.lt\/lv\/wp-json\/wp\/v2\/product"}],"about":[{"href":"https:\/\/hookahshop.lt\/lv\/wp-json\/wp\/v2\/types\/product"}],"replies":[{"embeddable":true,"href":"https:\/\/hookahshop.lt\/lv\/wp-json\/wp\/v2\/comments?post=39432"}],"version-history":[{"count":7,"href":"https:\/\/hookahshop.lt\/lv\/wp-json\/wp\/v2\/product\/39432\/revisions"}],"predecessor-version":[{"id":45159,"href":"https:\/\/hookahshop.lt\/lv\/wp-json\/wp\/v2\/product\/39432\/revisions\/45159"}],"wp:featuredmedia":[{"embeddable":true,"href":"https:\/\/hookahshop.lt\/lv\/wp-json\/wp\/v2\/media\/39436"}],"wp:attachment":[{"href":"https:\/\/hookahshop.lt\/lv\/wp-json\/wp\/v2\/media?parent=39432"}],"curies":[{"name":"wp","href":"https:\/\/api.w.org\/{rel}","templated":true}]}}