{"id":39441,"date":"2024-06-16T21:56:15","date_gmt":"2024-06-16T18:56:15","guid":{"rendered":"https:\/\/hookahshop.lt\/?post_type=product&#038;p=39441"},"modified":"2026-04-14T23:29:43","modified_gmt":"2026-04-14T20:29:43","slug":"sepetys-kaljano-kolbai-violet-40cm","status":"publish","type":"product","link":"https:\/\/hookahshop.lt\/lv\/produkt\/sepetis-udenspipe-kolbas-violeta-40cm\/","title":{"rendered":"Birste \u016bdensp\u012bpes kolbai Violeta 40cm"},"content":{"rendered":"<h2>Birste \u016bdensp\u012bpes kolbai Violeta 40cm<\/h2>\n<p>Ieteicams lietot kop\u0101 ar t\u012br\u012b\u0161anas l\u012bdzek\u013ciem. Sasniedz un pal\u012bdz not\u012br\u012bt visus net\u012brumus. Lai sm\u0113\u0137\u0113t b\u016btu \u0113rt\u0101k un \u016bdensp\u012bpe kalpotu ilg\u0101k, t\u0101 ir k\u0101rt\u012bgi j\u0101izmazg\u0101.<br \/>\nKolbas suka no\u0146em mazas da\u013ci\u0146as un nogulsnes, kas var palikt kolb\u0101, vienlaikus \u013caujot gaismai sp\u012bd\u0113t.<\/p>\n<p><strong>Raksturojums:<\/strong><br \/>\nOtas garums: 40 cm<br \/>\nSaru garums: 18 cm<br \/>\nSaru platums: 11 cm<br \/>\nRoktura garums: 12 cm<br \/>\nRokturis: plastmasa<br \/>\nSvars: apm\u0113ram 70 g.<\/p>\n<p>Vai jums ir k\u0101di jaut\u0101jumi? Sazinies ar mums\u00a0<a href=\"https:\/\/hookahshop.lt\/lv\/kontaktiem\/\">kontaktu lapa<\/a>\u00a0vai rakstiet mums pa e-pastu\u00a0<a href=\"https:\/\/facebook.com\/HookahShop.lt\/\" target=\"_blank\" rel=\"noopener noreferrer\">Facebook konts<\/a>\u00a0un m\u0113s atbild\u0113sim uz j\u016bsu piepras\u012bjumu taj\u0101 pa\u0161\u0101 dien\u0101.<\/p>","protected":false},"excerpt":{"rendered":"<p>Birste \u016bdensp\u012bpes kolbai Violeta 40cm Ieteicama lieto\u0161anai kop\u0101 ar t\u012br\u012b\u0161anas l\u012bdzek\u013ciem. Sasniedz un pal\u012bdz not\u012br\u012bt visus net\u012brumus. Lai sm\u0113\u0137\u0113t b\u016btu \u0113rt\u0101k un \u016bdensp\u012bpe kalpotu ilg\u0101k, t\u0101 k\u0101rt\u012bgi j\u0101izmazg\u0101. Kolbas suka no\u0146em mazas da\u013ci\u0146as un nogulsnes, kas var palikt kolb\u0101, vienlaikus \u013caujot gaismai sp\u012bd\u0113t. Raksturojums: Otas garums: 40 cm Saru garums: 18 cm Saru platums: 11 cm [\u2026]<\/p>","protected":false},"featured_media":39442,"comment_status":"open","ping_status":"closed","template":"","meta":[],"_links":{"self":[{"href":"https:\/\/hookahshop.lt\/lv\/wp-json\/wp\/v2\/product\/39441"}],"collection":[{"href":"https:\/\/hookahshop.lt\/lv\/wp-json\/wp\/v2\/product"}],"about":[{"href":"https:\/\/hookahshop.lt\/lv\/wp-json\/wp\/v2\/types\/product"}],"replies":[{"embeddable":true,"href":"https:\/\/hookahshop.lt\/lv\/wp-json\/wp\/v2\/comments?post=39441"}],"version-history":[{"count":4,"href":"https:\/\/hookahshop.lt\/lv\/wp-json\/wp\/v2\/product\/39441\/revisions"}],"predecessor-version":[{"id":45693,"href":"https:\/\/hookahshop.lt\/lv\/wp-json\/wp\/v2\/product\/39441\/revisions\/45693"}],"wp:featuredmedia":[{"embeddable":true,"href":"https:\/\/hookahshop.lt\/lv\/wp-json\/wp\/v2\/media\/39442"}],"wp:attachment":[{"href":"https:\/\/hookahshop.lt\/lv\/wp-json\/wp\/v2\/media?parent=39441"}],"curies":[{"name":"wp","href":"https:\/\/api.w.org\/{rel}","templated":true}]}}