{"id":39483,"date":"2024-06-29T14:06:18","date_gmt":"2024-06-29T11:06:18","guid":{"rendered":"https:\/\/hookahshop.lt\/?post_type=product&#038;p=39483"},"modified":"2026-04-17T23:29:58","modified_gmt":"2026-04-17T20:29:58","slug":"kaljanas-alpha-hookah-misha-revolt-starlight","status":"publish","type":"product","link":"https:\/\/hookahshop.lt\/lv\/produkt\/udenspipe-alfa-udenspipe-misa-revolt-starlight\/","title":{"rendered":"\u016adensp\u012bpe ALPHA HOOKAH Misha Revolt Starlight"},"content":{"rendered":"<h2>\u016adensp\u012bpe ALPHA HOOKAH Misha Revolt Starlight<\/h2>\n<p>MISHA ir izlaidusi jaunu augst\u0101 masta versiju MISHA REVOLT. Vair\u0101k stila, vair\u0101k dump\u012bguma, vair\u0101k piel\u0101go\u0161anas: p\u0101rkl\u0101ts ar iztur\u012bgu pulvera p\u0101rkl\u0101jumu, tas iztur\u0113s j\u016bsu dz\u012bves episk\u0101kos st\u0101stus. Signat\u016bras kulons ar logotipu palika viet\u0101 - MISHA joproj\u0101m ir gatava protest\u0113t pret pel\u0113ko ikdienu. Starp citu, garais MISHA Revolt ir piem\u0113rots ne tikai person\u012bgai lieto\u0161anai \u2013 tas var iepriecin\u0101t nemierniekus iest\u0101d\u0113s vis\u0101 pasaul\u0113. Eleganta, minim\u0101listiska un kvalitat\u012bva \u016bdensp\u012bpe ar sp\u0113c\u012bgu ielas stilu. Ekonomiska izv\u0113le, ko izdar\u012bjis Alpha Hookah, pasaul\u0113 vado\u0161ais \u016bdensp\u012bpes z\u012bmols.<\/p>\n<p><strong>Specifik\u0101cijas:<\/strong><br \/>\nAugstums \u2013 50 cm (bez kolbas)<br \/>\nDiametrs - 13mm<br \/>\nPl\u0101ksnes platums ir 20 cm<br \/>\nMateri\u0101ls: ner\u016bs\u0113jo\u0161ais t\u0113rauds, alum\u012bnijs, poliacet\u0101ls.<br \/>\n\u0160\u013c\u016btenes savienot\u0101js: O veida gredzens<\/p>\n<p><strong>Apr\u012bkojums:<\/strong><br \/>\nV\u0101rpsta<br \/>\nPl\u0101ksne<br \/>\nSilikona \u0161\u013c\u016btene<br \/>\nMutes iemutnis<br \/>\nDifuzors (no\u0146emams)<br \/>\n<img decoding=\"async\" loading=\"lazy\" class=\"alignnone size-medium wp-image-38521\" src=\"https:\/\/hookahshop.lt\/wp-content\/uploads\/2020\/09\/stiebas-zarna-kandiklis-1-300x273.jpg\" alt=\"- hookahshop.lt\" width=\"300\" height=\"273\" srcset=\"https:\/\/hookahshop.lt\/wp-content\/uploads\/2020\/09\/stiebas-zarna-kandiklis-1-300x273.jpg 300w, https:\/\/hookahshop.lt\/wp-content\/uploads\/2020\/09\/stiebas-zarna-kandiklis-1-13x12.jpg 13w, https:\/\/hookahshop.lt\/wp-content\/uploads\/2020\/09\/stiebas-zarna-kandiklis-1-64x58.jpg 64w, https:\/\/hookahshop.lt\/wp-content\/uploads\/2020\/09\/stiebas-zarna-kandiklis-1.jpg 420w\" sizes=\"(max-width: 300px) 100vw, 300px\" title=\"\"><\/p>\n<p>Vai jums ir k\u0101di jaut\u0101jumi? Sazinies ar mums\u00a0<a href=\"https:\/\/hookahshop.lt\/lv\/kontaktiem\/\">kontaktu lapa<\/a>\u00a0vai rakstiet mums pa e-pastu\u00a0<a href=\"https:\/\/facebook.com\/HookahShop.lt\/\" target=\"_blank\" rel=\"noopener noreferrer\">Facebook konts<\/a>\u00a0un m\u0113s atbild\u0113sim uz j\u016bsu piepras\u012bjumu taj\u0101 pa\u0161\u0101 dien\u0101.<\/p>","protected":false},"excerpt":{"rendered":"<p>\u016adensp\u012bpe ALPHA HOOKAH Misha Revolt Starlight MISHA izlaidusi jaunu augst\u0101 masta versiju - MISHA REVOLT. Vair\u0101k stila, vair\u0101k dump\u012bguma, vair\u0101k piel\u0101go\u0161anas: p\u0101rkl\u0101ts ar iztur\u012bgu pulvera p\u0101rkl\u0101jumu, tas iztur\u0113s j\u016bsu dz\u012bves episk\u0101kos st\u0101stus. Signat\u016bras piekari\u0146\u0161 ar logotipu palika viet\u0101 - MISHA joproj\u0101m ir gatava protest\u0113t pret pel\u0113ko ikdienu. Starp citu, garais MISHA Revolt ir piem\u0113rots ne tikai person\u012bgai [...]<\/p>","protected":false},"featured_media":39485,"comment_status":"open","ping_status":"closed","template":"","meta":[],"_links":{"self":[{"href":"https:\/\/hookahshop.lt\/lv\/wp-json\/wp\/v2\/product\/39483"}],"collection":[{"href":"https:\/\/hookahshop.lt\/lv\/wp-json\/wp\/v2\/product"}],"about":[{"href":"https:\/\/hookahshop.lt\/lv\/wp-json\/wp\/v2\/types\/product"}],"replies":[{"embeddable":true,"href":"https:\/\/hookahshop.lt\/lv\/wp-json\/wp\/v2\/comments?post=39483"}],"version-history":[{"count":5,"href":"https:\/\/hookahshop.lt\/lv\/wp-json\/wp\/v2\/product\/39483\/revisions"}],"predecessor-version":[{"id":43522,"href":"https:\/\/hookahshop.lt\/lv\/wp-json\/wp\/v2\/product\/39483\/revisions\/43522"}],"wp:featuredmedia":[{"embeddable":true,"href":"https:\/\/hookahshop.lt\/lv\/wp-json\/wp\/v2\/media\/39485"}],"wp:attachment":[{"href":"https:\/\/hookahshop.lt\/lv\/wp-json\/wp\/v2\/media?parent=39483"}],"curies":[{"name":"wp","href":"https:\/\/api.w.org\/{rel}","templated":true}]}}