{"id":39506,"date":"2024-06-29T18:27:24","date_gmt":"2024-06-29T15:27:24","guid":{"rendered":"https:\/\/hookahshop.lt\/?post_type=product&#038;p=39506"},"modified":"2026-04-18T23:29:29","modified_gmt":"2026-04-18T20:29:29","slug":"kaljanas-noname-palka","status":"publish","type":"product","link":"https:\/\/hookahshop.lt\/lv\/produkt\/udenspipe-noname-palka\/","title":{"rendered":"\u016adensp\u012bpe NONAME Alga"},"content":{"rendered":"<h2>\u016adensp\u012bpe NONAME Alga<\/h2>\n<p>Tiem, kas nov\u0113rt\u0113 praktiskumu un pieejam\u012bbu. \u016adensp\u012bpes vilk\u0161ana ir klasiska (bez difuzora). Platais PALKA k\u0101ts nodro\u0161ina vieglu un \u0113rtu satv\u0113rienu, bet met\u0101la elementi no ner\u016bs\u0113jo\u0161\u0101 t\u0113rauda garant\u0113 ilgu \u016bdensp\u012bpes kalpo\u0161anas laiku. Turkl\u0101t \u016bdensp\u012bpe ir piln\u012bb\u0101 saliekama, t\u0101p\u0113c to ir viegli transport\u0113t un uzglab\u0101t. Varat to viegli pa\u0146emt l\u012bdzi ce\u013cojum\u0101 vai uzglab\u0101t neliel\u0101s viet\u0101s, nezaud\u0113jot funkcionalit\u0101ti un \u016bdensp\u012bpes sesijas kvalit\u0101ti.<br \/>\nNONAME PALKA ir vienk\u0101r\u0161\u012bba un uzticam\u012bba vien\u0101, ide\u0101la izv\u0113le tiem, kas mekl\u0113 l\u0113tu, bet kvalitat\u012bvu \u016bdensp\u012bpi ikdienas lieto\u0161anai.<\/p>\n<p><strong>Specifik\u0101cijas:<\/strong><br \/>\nAugstums - 40 cm (bez kolbas)<br \/>\nDiametrs - 12 mm<br \/>\nPl\u0101ksnes platums ir 15 cm<br \/>\nMateri\u0101ls: ner\u016bs\u0113jo\u0161ais t\u0113rauds, poliacet\u0101ls.<br \/>\n\u0160\u013c\u016btenes savienot\u0101js: O veida gredzens<\/p>\n<p><strong>Apr\u012bkojums:<\/strong><br \/>\nV\u0101rpsta<br \/>\nPl\u0101ksne<br \/>\nSilikona \u0161\u013c\u016btene<br \/>\nMutes iemutnis<\/p>\n<picture><source srcset=\"https:\/\/hookahshop.lt\/wp-content\/webp-express\/webp-images\/uploads\/2020\/09\/stiebas-zarna-kandiklis-1-300x273.jpg.webp 300w, https:\/\/hookahshop.lt\/wp-content\/webp-express\/webp-images\/uploads\/2020\/09\/stiebas-zarna-kandiklis-1-13x12.jpg.webp 13w, https:\/\/hookahshop.lt\/wp-content\/webp-express\/webp-images\/uploads\/2020\/09\/stiebas-zarna-kandiklis-1-64x58.jpg.webp 64w, https:\/\/hookahshop.lt\/wp-content\/webp-express\/webp-images\/uploads\/2020\/09\/stiebas-zarna-kandiklis-1.jpg.webp 420w\" type=\"image\/webp\" sizes=\"(max-width: 300px) 100vw, 300px\" \/><img decoding=\"async\" loading=\"lazy\" class=\"alignnone size-medium wp-image-38521 webpexpress-processed\" title=\"\u016adensp\u012bpe ALPHA HOOKAH Misha Revolt Starlight 1\" src=\"https:\/\/hookahshop.lt\/wp-content\/uploads\/2020\/09\/stiebas-zarna-kandiklis-1-300x273.jpg\" sizes=\"(max-width: 300px) 100vw, 300px\" srcset=\"https:\/\/hookahshop.lt\/wp-content\/uploads\/2020\/09\/stiebas-zarna-kandiklis-1-300x273.jpg 300w, https:\/\/hookahshop.lt\/wp-content\/uploads\/2020\/09\/stiebas-zarna-kandiklis-1-13x12.jpg 13w, https:\/\/hookahshop.lt\/wp-content\/uploads\/2020\/09\/stiebas-zarna-kandiklis-1-64x58.jpg 64w, https:\/\/hookahshop.lt\/wp-content\/uploads\/2020\/09\/stiebas-zarna-kandiklis-1.jpg 420w\" alt=\"k\u0101ta \u0161\u013c\u016btenes iemutnis 1 - hookahshop.lt\" width=\"300\" height=\"273\" \/><\/picture>\n<p>Vai jums ir k\u0101di jaut\u0101jumi? Sazinies ar mums\u00a0<a href=\"https:\/\/hookahshop.lt\/lv\/kontaktiem\/\">kontaktu lapa<\/a>\u00a0vai rakstiet mums pa e-pastu\u00a0<a href=\"https:\/\/facebook.com\/HookahShop.lt\/\" target=\"_blank\" rel=\"noopener noreferrer\">Facebook konts<\/a>\u00a0un m\u0113s atbild\u0113sim uz j\u016bsu piepras\u012bjumu taj\u0101 pa\u0161\u0101 dien\u0101.<\/p>","protected":false},"excerpt":{"rendered":"<p>\u016adensp\u012bpe NONAME Alga Tiem, kas nov\u0113rt\u0113 praktiskumu un pieejam\u012bbu. \u016adensp\u012bpes vilk\u0161ana ir klasiska (bez difuzora). Platais PALKA k\u0101ts nodro\u0161ina vieglu un \u0113rtu satv\u0113rienu, bet met\u0101la elementi no ner\u016bs\u0113jo\u0161\u0101 t\u0113rauda garant\u0113 ilgu \u016bdensp\u012bpes kalpo\u0161anas laiku. Turkl\u0101t \u016bdensp\u012bpe ir piln\u012bb\u0101 saliekama, t\u0101p\u0113c to ir viegli transport\u0113t un uzglab\u0101t. Varat to viegli pa\u0146emt l\u012bdzi ce\u013cojum\u0101 vai uzglab\u0101t neliel\u0101s viet\u0101s, nezaud\u0113jot [\u2026]<\/p>","protected":false},"featured_media":39510,"comment_status":"open","ping_status":"closed","template":"","meta":[],"_links":{"self":[{"href":"https:\/\/hookahshop.lt\/lv\/wp-json\/wp\/v2\/product\/39506"}],"collection":[{"href":"https:\/\/hookahshop.lt\/lv\/wp-json\/wp\/v2\/product"}],"about":[{"href":"https:\/\/hookahshop.lt\/lv\/wp-json\/wp\/v2\/types\/product"}],"replies":[{"embeddable":true,"href":"https:\/\/hookahshop.lt\/lv\/wp-json\/wp\/v2\/comments?post=39506"}],"version-history":[{"count":4,"href":"https:\/\/hookahshop.lt\/lv\/wp-json\/wp\/v2\/product\/39506\/revisions"}],"predecessor-version":[{"id":39516,"href":"https:\/\/hookahshop.lt\/lv\/wp-json\/wp\/v2\/product\/39506\/revisions\/39516"}],"wp:featuredmedia":[{"embeddable":true,"href":"https:\/\/hookahshop.lt\/lv\/wp-json\/wp\/v2\/media\/39510"}],"wp:attachment":[{"href":"https:\/\/hookahshop.lt\/lv\/wp-json\/wp\/v2\/media?parent=39506"}],"curies":[{"name":"wp","href":"https:\/\/api.w.org\/{rel}","templated":true}]}}