{"id":39575,"date":"2024-07-14T23:38:02","date_gmt":"2024-07-14T20:38:02","guid":{"rendered":"https:\/\/hookahshop.lt\/?post_type=product&#038;p=39575"},"modified":"2026-04-15T23:29:36","modified_gmt":"2026-04-15T20:29:36","slug":"karscio-kamera-aladin","status":"publish","type":"product","link":"https:\/\/hookahshop.lt\/lv\/produkt\/siltuma-kamera-aladin\/","title":{"rendered":"Siltuma kamera ALADIN"},"content":{"rendered":"<h2>Siltuma kamera ALADIN<\/h2>\n<p>Ide\u0101ls sabiedrotais visiem \u016bdensp\u012bpes lietot\u0101jiem, kuri v\u0113las uzlabot savu sm\u0113\u0137\u0113\u0161anas pieredzi. Siltuma kamera ir izgatavota no augstas kvalit\u0101tes ner\u016bs\u0113jo\u0161\u0101 t\u0113rauda un izstr\u0101d\u0101ta t\u0101, lai \u016bdensp\u012bpes uzb\u016bve b\u016btu p\u0113c iesp\u0113jas vienk\u0101r\u0161\u0101ka.<\/p>\n<p><strong>Specifik\u0101cijas:<\/strong><\/p>\n<ul>\n<li>Augstums: 2 cm<\/li>\n<li>Diametrs (\u0101rpuse): 7,5 cm<\/li>\n<li>Diametrs (iek\u0161\u0113jais): 6 cm<\/li>\n<li>Materi\u0101ls: ner\u016bs\u0113jo\u0161ais t\u0113rauds<\/li>\n<\/ul>\n<p><strong>Priek\u0161roc\u012bbas:<\/strong><br \/>\nStil\u012bgs un kvalitat\u012bvs;<br \/>\nIztur\u012bgs un uzticams;<br \/>\nNodro\u0161ina \u0113rtu \u016bdensp\u012bpes sm\u0113\u0137\u0113\u0161anu.<\/p>\n<p>Vai jums ir k\u0101di jaut\u0101jumi? Sazinies ar mums\u00a0<a href=\"https:\/\/hookahshop.lt\/lv\/kontaktiem\/\">kontaktu lapa<\/a>\u00a0vai rakstiet mums pa e-pastu\u00a0<a href=\"https:\/\/facebook.com\/HookahShop.lt\/\" target=\"_blank\" rel=\"noopener noreferrer\">Facebook konts<\/a>\u00a0un m\u0113s atbild\u0113sim uz j\u016bsu piepras\u012bjumu taj\u0101 pa\u0161\u0101 dien\u0101.<\/p>","protected":false},"excerpt":{"rendered":"<p>Siltuma kamera ALADIN Ide\u0101ls sabiedrotais visiem \u016bdensp\u012bpes lietot\u0101jiem, kuri v\u0113las uzlabot savu sm\u0113\u0137\u0113\u0161anas pieredzi. Siltuma kamera ir izgatavota no augstas kvalit\u0101tes ner\u016bs\u0113jo\u0161\u0101 t\u0113rauda un izstr\u0101d\u0101ta t\u0101, lai \u016bdensp\u012bpes uzb\u016bve b\u016btu p\u0113c iesp\u0113jas vienk\u0101r\u0161\u0101ka. Specifik\u0101cijas: Augstums: 2 cm Diametrs (\u0101r\u0113jais): 7,5 cm Diametrs (iek\u0161\u0113jais): 6 cm Materi\u0101ls: ner\u016bs\u0113jo\u0161ais t\u0113rauds Priek\u0161roc\u012bbas: Stil\u012bgs un kvalitat\u012bvs; Iztur\u012bgs un uzticams; [\u2026]<\/p>","protected":false},"featured_media":39576,"comment_status":"open","ping_status":"closed","template":"","meta":[],"_links":{"self":[{"href":"https:\/\/hookahshop.lt\/lv\/wp-json\/wp\/v2\/product\/39575"}],"collection":[{"href":"https:\/\/hookahshop.lt\/lv\/wp-json\/wp\/v2\/product"}],"about":[{"href":"https:\/\/hookahshop.lt\/lv\/wp-json\/wp\/v2\/types\/product"}],"replies":[{"embeddable":true,"href":"https:\/\/hookahshop.lt\/lv\/wp-json\/wp\/v2\/comments?post=39575"}],"version-history":[{"count":5,"href":"https:\/\/hookahshop.lt\/lv\/wp-json\/wp\/v2\/product\/39575\/revisions"}],"predecessor-version":[{"id":45184,"href":"https:\/\/hookahshop.lt\/lv\/wp-json\/wp\/v2\/product\/39575\/revisions\/45184"}],"wp:featuredmedia":[{"embeddable":true,"href":"https:\/\/hookahshop.lt\/lv\/wp-json\/wp\/v2\/media\/39576"}],"wp:attachment":[{"href":"https:\/\/hookahshop.lt\/lv\/wp-json\/wp\/v2\/media?parent=39575"}],"curies":[{"name":"wp","href":"https:\/\/api.w.org\/{rel}","templated":true}]}}