{"id":39581,"date":"2024-07-14T23:47:19","date_gmt":"2024-07-14T20:47:19","guid":{"rendered":"https:\/\/hookahshop.lt\/?post_type=product&#038;p=39581"},"modified":"2026-04-15T23:29:36","modified_gmt":"2026-04-15T20:29:36","slug":"valymo-priemone-kaljanui-shisha-cleaner-loyal-300ml","status":"publish","type":"product","link":"https:\/\/hookahshop.lt\/lv\/produkt\/tiritajs-for-udenspipe-shisha-cleaner-loyal-300ml\/","title":{"rendered":"\u016adensp\u012bpes t\u012br\u012b\u0161anas l\u012bdzeklis SHISHA CLEANER Loyal 300ml"},"content":{"rendered":"<h2>\u016adensp\u012bpes t\u012br\u012b\u0161anas l\u012bdzeklis SHISHA CLEANER Loyal 300ml<\/h2>\n<p>\u016adensp\u012bpes un t\u0101s da\u013cu t\u012br\u012b\u0161anai. No\u0146em nepat\u012bkam\u0101s smakas. Pudele ar dozatoru atvieglo lieto\u0161anu. Izmantotais daudzums ir atkar\u012bgs no net\u012brumiem. Pietiek ar ~5-15 izsmidzin\u0101jumiem vien\u0101 reiz\u0113. P\u0113c t\u012br\u012b\u0161anas l\u012bdzek\u013ca izsmidzin\u0101\u0161anas uzpildiet kolbu ar siltu \u016bdeni (karsts \u016bdens nav at\u013cauts). Pirms t\u012br\u012b\u0161anas l\u012bdzek\u013ca ielie\u0161anas izmantojiet otu, lai not\u012br\u012btu kolbu vai v\u0101rpstu. Noskalo ar siltu \u016bdeni, l\u012bdz kolb\u0101 nav sve\u0161as smakas.<br \/>\nTilpums: 300ml<br \/>\nIzcelsmes valsts: V\u0101cija<\/p>\n<p>Izraisa nopietnu acu kairin\u0101jumu. Sarg\u0101t no b\u0113rniem. SASKAR\u0112 AC\u012aS: uzman\u012bgi skalot ar \u016bdeni vair\u0101kas min\u016btes. Ja iesp\u0113jams, iz\u0146emiet kontaktl\u0113cas. Turpiniet mazg\u0101\u0161anu. Ja acu kairin\u0101jums nep\u0101riet: mekl\u0113t medic\u012bnisko pal\u012bdz\u012bbu. Sagatavojiet \u0161o iepakojumu vai eti\u0137eti.<br \/>\n\u012apa\u0161\u012bbas: No\u0146em net\u012brumus no \u016bdensiztur\u012bg\u0101m virsm\u0101m. Ar labu attauko\u0161anas un higi\u0113nas efektu. Likvid\u0113 nepat\u012bkam\u0101s smakas. Lieto\u0161ana: Liel\u0101ka net\u012brumu daudzuma gad\u012bjum\u0101 iesmidziniet trauk\u0101 10-20 izsmidzin\u0101\u0161anas reizes un piepildiet ar siltu \u016bdeni. \u013baujiet produktam k\u0101du laiku iedarboties un vair\u0101kas reizes noskalojiet ar aukstu \u016bdeni. Ja uz stikla ir vair\u0101k net\u012brumu, izmantojiet t\u012br\u012b\u0161anas suku.<\/p>\n<p>Sast\u0101vs: &lt;5% anjonu virsmakt\u012bv\u0101s vielas, EDTA (etil\u0113ndiam\u012bna-tetraacet\u0101ta sk\u0101bes s\u0101ls).<br \/>\nCitas sast\u0101vda\u013cas: kr\u0101svielas un smar\u017evielas.<\/p>\n<p>Vai jums ir k\u0101di jaut\u0101jumi? Sazinieties ar mums kontaktu lap\u0101 vai rakstiet mums uz\u00a0<a href=\"https:\/\/facebook.com\/HookahShop.lt\/\" target=\"_blank\" rel=\"noopener noreferrer\">Facebook konts<\/a>\u00a0un m\u0113s atbild\u0113sim uz j\u016bsu piepras\u012bjumu taj\u0101 pa\u0161\u0101 dien\u0101.<\/p>","protected":false},"excerpt":{"rendered":"<p>T\u012br\u012b\u0161anas l\u012bdzeklis \u016bdensp\u012bpei SHISHA CLEANER Loyal 300ml Paredz\u0113ts \u016bdensp\u012bpes un t\u0101s da\u013cu t\u012br\u012b\u0161anai. No\u0146em nepat\u012bkam\u0101s smakas. Pudele ar dozatoru atvieglo lieto\u0161anu. Izmantotais daudzums ir atkar\u012bgs no net\u012brumiem. Pietiek ar ~5-15 izsmidzin\u0101jumiem vien\u0101 reiz\u0113. P\u0113c t\u012br\u012b\u0161anas l\u012bdzek\u013ca izsmidzin\u0101\u0161anas uzpildiet kolbu ar siltu \u016bdeni (karsts \u016bdens nav at\u013cauts). Pirms t\u012br\u012b\u0161anas l\u012bdzek\u013ca ielie\u0161anas izmantojiet otu, lai not\u012br\u012btu kolbu vai v\u0101rpstu. Noskalo ar siltu \u016bdeni [...]<\/p>","protected":false},"featured_media":39582,"comment_status":"open","ping_status":"closed","template":"","meta":[],"_links":{"self":[{"href":"https:\/\/hookahshop.lt\/lv\/wp-json\/wp\/v2\/product\/39581"}],"collection":[{"href":"https:\/\/hookahshop.lt\/lv\/wp-json\/wp\/v2\/product"}],"about":[{"href":"https:\/\/hookahshop.lt\/lv\/wp-json\/wp\/v2\/types\/product"}],"replies":[{"embeddable":true,"href":"https:\/\/hookahshop.lt\/lv\/wp-json\/wp\/v2\/comments?post=39581"}],"version-history":[{"count":2,"href":"https:\/\/hookahshop.lt\/lv\/wp-json\/wp\/v2\/product\/39581\/revisions"}],"predecessor-version":[{"id":39603,"href":"https:\/\/hookahshop.lt\/lv\/wp-json\/wp\/v2\/product\/39581\/revisions\/39603"}],"wp:featuredmedia":[{"embeddable":true,"href":"https:\/\/hookahshop.lt\/lv\/wp-json\/wp\/v2\/media\/39582"}],"wp:attachment":[{"href":"https:\/\/hookahshop.lt\/lv\/wp-json\/wp\/v2\/media?parent=39581"}],"curies":[{"name":"wp","href":"https:\/\/api.w.org\/{rel}","templated":true}]}}