{"id":39585,"date":"2024-07-15T00:01:54","date_gmt":"2024-07-14T21:01:54","guid":{"rendered":"https:\/\/hookahshop.lt\/?post_type=product&#038;p=39585"},"modified":"2026-04-17T23:29:58","modified_gmt":"2026-04-17T20:29:58","slug":"zarna-silikonine-aladin-transparent","status":"publish","type":"product","link":"https:\/\/hookahshop.lt\/lv\/produkt\/slutene-silikona-aladins-caurspidiga\/","title":{"rendered":"Silikona \u0161\u013c\u016btene ALADIN Caursp\u012bd\u012bga"},"content":{"rendered":"<h2>Silikona \u0161\u013c\u016btene ALADIN Caursp\u012bd\u012bga<\/h2>\n<p>Izgatavots no medic\u012bnisk\u0101 silikona un tam nav sve\u0161as smakas. \u0160\u012bs \u012bpa\u0161\u012bbas nodro\u0161ina \u0161\u013c\u016btenes elast\u012bbu.<\/p>\n<p><strong>Specifik\u0101cijas:<\/strong><br \/>\nGarums: 1,50 m<br \/>\nKr\u0101sa: caursp\u012bd\u012bga<\/p>\n<p>Vai jums ir k\u0101di jaut\u0101jumi? Sazinies ar mums\u00a0<a href=\"https:\/\/hookahshop.lt\/lv\/kontaktiem\/\">kontaktu lapa<\/a>\u00a0vai rakstiet mums pa e-pastu\u00a0<a href=\"https:\/\/facebook.com\/HookahShop.lt\/\" target=\"_blank\" rel=\"noopener noreferrer\">Facebook konts<\/a>\u00a0un m\u0113s atbild\u0113sim uz j\u016bsu piepras\u012bjumu taj\u0101 pa\u0161\u0101 dien\u0101.<\/p>","protected":false},"excerpt":{"rendered":"<p>Silikona \u0161\u013c\u016btene ALADIN Caursp\u012bd\u012bga Izgatavota no medic\u012bnisk\u0101 silikona un bez sve\u0161\u0101m smak\u0101m. Pateicoties \u0161\u012bm \u012bpa\u0161\u012bb\u0101m, \u0161\u013c\u016btene saglab\u0101 elast\u012bbu. Specifik\u0101cijas: Garums: 1,50 m Kr\u0101sa: caursp\u012bd\u012bga Vai jums ir k\u0101di jaut\u0101jumi? Sazinieties ar mums kontaktlap\u0101 vai rakstiet mums Facebook, un m\u0113s atbild\u0113sim uz j\u016bsu piepras\u012bjumu taj\u0101 pa\u0161\u0101 dien\u0101.<\/p>","protected":false},"featured_media":39586,"comment_status":"open","ping_status":"closed","template":"","meta":[],"_links":{"self":[{"href":"https:\/\/hookahshop.lt\/lv\/wp-json\/wp\/v2\/product\/39585"}],"collection":[{"href":"https:\/\/hookahshop.lt\/lv\/wp-json\/wp\/v2\/product"}],"about":[{"href":"https:\/\/hookahshop.lt\/lv\/wp-json\/wp\/v2\/types\/product"}],"replies":[{"embeddable":true,"href":"https:\/\/hookahshop.lt\/lv\/wp-json\/wp\/v2\/comments?post=39585"}],"version-history":[{"count":3,"href":"https:\/\/hookahshop.lt\/lv\/wp-json\/wp\/v2\/product\/39585\/revisions"}],"predecessor-version":[{"id":39604,"href":"https:\/\/hookahshop.lt\/lv\/wp-json\/wp\/v2\/product\/39585\/revisions\/39604"}],"wp:featuredmedia":[{"embeddable":true,"href":"https:\/\/hookahshop.lt\/lv\/wp-json\/wp\/v2\/media\/39586"}],"wp:attachment":[{"href":"https:\/\/hookahshop.lt\/lv\/wp-json\/wp\/v2\/media?parent=39585"}],"curies":[{"name":"wp","href":"https:\/\/api.w.org\/{rel}","templated":true}]}}