{"id":39699,"date":"2024-08-13T13:03:11","date_gmt":"2024-08-13T10:03:11","guid":{"rendered":"https:\/\/hookahshop.lt\/?post_type=product&#038;p=39699"},"modified":"2026-04-26T23:30:14","modified_gmt":"2026-04-26T20:30:14","slug":"karscio-kamera-alpha-hookah-roller","status":"publish","type":"product","link":"https:\/\/hookahshop.lt\/lv\/produkt\/siltuma-kamera-alfa-udenspipe-rullitis\/","title":{"rendered":"Siltuma kamera ALPHA HOOKAH Veltnis"},"content":{"rendered":"<h2>Siltuma kamera ALPHA HOOKAH Veltnis<\/h2>\n<p>Izgatavots no augstas kvalit\u0101tes alum\u012bnija. \u0112rta forma \u013cauj vienm\u0113r\u012bgi un vienm\u0113r\u012bgi sadal\u012bt siltumu un \u0113rti novietot 3 gab. katrs 25 mm diametr\u0101 ogleklis. Augstas sienas palielina dro\u0161\u012bbu, nov\u0113r\u0161ot iesp\u0113ju, ka ogleklis var izkrist no ier\u012bces. Lielais caurumu skaits nodro\u0161ina labu gaisa cirkul\u0101ciju un vienm\u0113r\u012bgu siltuma sadal\u012bjumu vis\u0101 mais\u012bjum\u0101.<br \/>\nPiederums ir lieliska kombin\u0101cija ar Alpha Hookah \u016bdensp\u012bp\u0113m un der visiem popul\u0101rajiem kr\u016bz\u0113m tirg\u016b.<\/p>\n<p><strong>Specifik\u0101cija<\/strong><br \/>\nMateri\u0101ls: Alum\u012bnijs<br \/>\nKr\u0101sa: Sudraba<br \/>\nDiametrs: 74mm<br \/>\nAugstums: 24mm<br \/>\nSvars: 147g.<\/p>\n<p>Vai jums ir k\u0101di jaut\u0101jumi? Sazinies ar mums\u00a0<a href=\"https:\/\/hookahshop.lt\/lv\/kontaktiem\/\">kontaktu lapa<\/a>\u00a0vai rakstiet mums pa e-pastu\u00a0<a href=\"https:\/\/facebook.com\/HookahShop.lt\/\" target=\"_blank\" rel=\"noopener noreferrer\">Facebook konts<\/a>\u00a0un m\u0113s atbild\u0113sim uz j\u016bsu piepras\u012bjumu taj\u0101 pa\u0161\u0101 dien\u0101.<\/p>\n<p>&nbsp;<\/p>","protected":false},"excerpt":{"rendered":"<p>Siltuma kamera ALPHA HOOKAH Roller Izgatavota no augstas kvalit\u0101tes alum\u012bnija. \u0112rta forma nodro\u0161ina vienm\u0113r\u012bgu un vienm\u0113r\u012bgu siltuma sadali un \u0113rtu 3 gab. 25 mm diametra og\u013cu ievieto\u0161anu. Augstas sienas palielina dro\u0161\u012bbu, jo nov\u0113r\u0161 og\u013cu izkri\u0161anas iesp\u0113ju no ier\u012bces. Liels caurumu skaits nodro\u0161ina labu gaisa cirkul\u0101ciju un vienm\u0113r\u012bgu siltuma sadal\u012bjumu vis\u0101 mais\u012bjum\u0101. Piederums ir lieliski piem\u0113rots [\u2026]<\/p>","protected":false},"featured_media":39700,"comment_status":"open","ping_status":"closed","template":"","meta":[],"_links":{"self":[{"href":"https:\/\/hookahshop.lt\/lv\/wp-json\/wp\/v2\/product\/39699"}],"collection":[{"href":"https:\/\/hookahshop.lt\/lv\/wp-json\/wp\/v2\/product"}],"about":[{"href":"https:\/\/hookahshop.lt\/lv\/wp-json\/wp\/v2\/types\/product"}],"replies":[{"embeddable":true,"href":"https:\/\/hookahshop.lt\/lv\/wp-json\/wp\/v2\/comments?post=39699"}],"version-history":[{"count":6,"href":"https:\/\/hookahshop.lt\/lv\/wp-json\/wp\/v2\/product\/39699\/revisions"}],"predecessor-version":[{"id":43756,"href":"https:\/\/hookahshop.lt\/lv\/wp-json\/wp\/v2\/product\/39699\/revisions\/43756"}],"wp:featuredmedia":[{"embeddable":true,"href":"https:\/\/hookahshop.lt\/lv\/wp-json\/wp\/v2\/media\/39700"}],"wp:attachment":[{"href":"https:\/\/hookahshop.lt\/lv\/wp-json\/wp\/v2\/media?parent=39699"}],"curies":[{"name":"wp","href":"https:\/\/api.w.org\/{rel}","templated":true}]}}