{"id":39711,"date":"2024-08-13T14:18:41","date_gmt":"2024-08-13T11:18:41","guid":{"rendered":"https:\/\/hookahshop.lt\/?post_type=product&#038;p=39711"},"modified":"2026-04-17T23:29:58","modified_gmt":"2026-04-17T20:29:58","slug":"taurele-kaljanui-thor-phunnel-gray","status":"publish","type":"product","link":"https:\/\/hookahshop.lt\/lv\/produkt\/udenspipes-kauss-thor-piltuve-peleks\/","title":{"rendered":"\u016adensp\u012bpes kr\u016bze THOR Phunnel Grey"},"content":{"rendered":"<h2>\u016adensp\u012bpes kr\u016bze THOR Phunnel Grey<\/h2>\n<p>\u012apa\u0161i iztur\u012bgs un \u013coti iztur\u012bgs pret mitrumu, t\u0101p\u0113c tabakas melase neiepl\u016bst \u016bdensp\u012bpes k\u0101t\u0101. Kr\u016bz\u012bte ir izgatavota ar glaz\u016bru, kas var iztur\u0113t ekstrem\u0101las temperat\u016bras un neplais\u0101s pat tad, ja to t\u016bl\u012bt p\u0113c lieto\u0161anas nomazg\u0101 ar aukstu \u016bdeni. Labi uzsilst, saglab\u0101 siltumu, piem\u012bt izcilas k\u016bpin\u0101\u0161anas \u012bpa\u0161\u012bbas un palielina bl\u012bvumu.<\/p>\n<p><strong>Specifik\u0101cija:<\/strong><\/p>\n<ul>\n<li>Materi\u0101ls: m\u0101ls un glaz\u016bra<\/li>\n<li>Tilpums: l\u012bdz 18 - 24 g (atkar\u012bb\u0101 no tabakas veida)<\/li>\n<li>Diametrs: 75 mm<\/li>\n<li>Kr\u0101sa: pel\u0113ka<\/li>\n<li>Svars: ~ 250g.<\/li>\n<\/ul>\n<p>Vai jums ir k\u0101di jaut\u0101jumi? Sazinies ar mums\u00a0<a href=\"https:\/\/hookahshop.lt\/lv\/kontaktiem\/\">kontaktu lapa<\/a>\u00a0vai rakstiet mums pa e-pastu\u00a0<a href=\"https:\/\/facebook.com\/HookahShop.lt\/\" target=\"_blank\" rel=\"noopener\">Facebook konts<\/a>\u00a0un m\u0113s atbild\u0113sim uz j\u016bsu piepras\u012bjumu taj\u0101 pa\u0161\u0101 dien\u0101.<\/p>","protected":false},"excerpt":{"rendered":"<p>B\u013coda \u016bdensp\u012bpei THOR Phunnel Grey \u012apa\u0161i iztur\u012bgs un \u013coti iztur\u012bgs pret mitrumu, t\u0101p\u0113c tabakas melase neiepl\u016bst \u016bdensp\u012bpes k\u0101t\u0101. Kr\u016bz\u012bte ir izgatavota ar glaz\u016bru, kas var iztur\u0113t ekstrem\u0101las temperat\u016bras un neplais\u0101s pat tad, ja to nomazg\u0101 ar aukstu \u016bdeni uzreiz p\u0113c lieto\u0161anas. Labi uzsilst, saglab\u0101 siltumu, ir lieliskas k\u016bpin\u0101\u0161anas \u012bpa\u0161\u012bbas un palielina bl\u012bvumu. Specifik\u0101cija: Materi\u0101ls: m\u0101ls un [\u2026]<\/p>","protected":false},"featured_media":39712,"comment_status":"open","ping_status":"closed","template":"","meta":[],"_links":{"self":[{"href":"https:\/\/hookahshop.lt\/lv\/wp-json\/wp\/v2\/product\/39711"}],"collection":[{"href":"https:\/\/hookahshop.lt\/lv\/wp-json\/wp\/v2\/product"}],"about":[{"href":"https:\/\/hookahshop.lt\/lv\/wp-json\/wp\/v2\/types\/product"}],"replies":[{"embeddable":true,"href":"https:\/\/hookahshop.lt\/lv\/wp-json\/wp\/v2\/comments?post=39711"}],"version-history":[{"count":2,"href":"https:\/\/hookahshop.lt\/lv\/wp-json\/wp\/v2\/product\/39711\/revisions"}],"predecessor-version":[{"id":45617,"href":"https:\/\/hookahshop.lt\/lv\/wp-json\/wp\/v2\/product\/39711\/revisions\/45617"}],"wp:featuredmedia":[{"embeddable":true,"href":"https:\/\/hookahshop.lt\/lv\/wp-json\/wp\/v2\/media\/39712"}],"wp:attachment":[{"href":"https:\/\/hookahshop.lt\/lv\/wp-json\/wp\/v2\/media?parent=39711"}],"curies":[{"name":"wp","href":"https:\/\/api.w.org\/{rel}","templated":true}]}}