{"id":39715,"date":"2024-08-13T15:14:24","date_gmt":"2024-08-13T12:14:24","guid":{"rendered":"https:\/\/hookahshop.lt\/?post_type=product&#038;p=39715"},"modified":"2026-04-22T23:30:03","modified_gmt":"2026-04-22T20:30:03","slug":"kaljanas-alpha-hookah-x-houston-black","status":"publish","type":"product","link":"https:\/\/hookahshop.lt\/lv\/produkt\/udenspipe-alfa-udenspipe-x-houston-black\/","title":{"rendered":"\u016adensp\u012bpe ALPHA HOOKAH X Houston Black"},"content":{"rendered":"<h2>\u016adensp\u012bpe ALPHA HOOKAH X Houston Black<\/h2>\n<p>Tas ir kompakts, viegli lietojams. Pietiekami viegls \u016bdensp\u012bpe, visi t\u0101 elementi ir izgatavoti no augstas kvalit\u0101tes moderniem materi\u0101liem, nodro\u0161inot izcilu gar\u0161u un iztur\u012bbu pat regul\u0101ri lietojot.<\/p>\n<p><strong>Raksturojums:<\/strong><br \/>\n\u016adensp\u012bpes svars: ~ 1320 g.<br \/>\n\u016adensp\u012bpes augstums: 420 mm<br \/>\nNer\u016bs\u0113jo\u0161ais t\u0113rauds, D13 mm<br \/>\nZole ar atver\u0113m p\u016b\u0161anai izgatavota no anod\u0113ta alum\u012bnija, p\u0101rkl\u0101ta ar pulveri<br \/>\nNer\u016bs\u0113jo\u0161ais t\u0113rauds, D14 mm<br \/>\nGalvenais materi\u0101ls: v\u0101cu poliacet\u0101ls<br \/>\n\u0160\u013c\u016btenes savienojums: magn\u0113tisks<br \/>\nSavienojuma materi\u0101ls: poliacet\u0101ls<br \/>\nDifuzors: no\u0146emams<br \/>\nMutes iemutne: ner\u016bs\u0113jo\u0161ais t\u0113rauds<br \/>\nIevada garums: 293 mm, D10 mm<br \/>\n\u0160\u013c\u016btene: silikons<br \/>\n\u0160\u013c\u016btenes garums: 1500mm<\/p>\n<p><strong>Apr\u012bkojums:<\/strong><\/p>\n<p>V\u0101rpsta, pl\u0101ksne, \u0161\u013c\u016btene ar iemuti, bl\u012bves.<\/p>\n<picture><source srcset=\"https:\/\/hookahshop.lt\/wp-content\/webp-express\/webp-images\/uploads\/2020\/09\/stiebas-zarna-kandiklis-1-300x273.jpg.webp 300w, https:\/\/hookahshop.lt\/wp-content\/webp-express\/webp-images\/uploads\/2020\/09\/stiebas-zarna-kandiklis-1-13x12.jpg.webp 13w, https:\/\/hookahshop.lt\/wp-content\/webp-express\/webp-images\/uploads\/2020\/09\/stiebas-zarna-kandiklis-1-64x58.jpg.webp 64w, https:\/\/hookahshop.lt\/wp-content\/webp-express\/webp-images\/uploads\/2020\/09\/stiebas-zarna-kandiklis-1.jpg.webp 420w\" type=\"image\/webp\" sizes=\"(max-width: 300px) 100vw, 300px\" \/><img decoding=\"async\" loading=\"lazy\" class=\"alignnone size-medium wp-image-38521 webpexpress-processed\" title=\"\u016adensp\u012bpe ALPHA HOOKAH\u00a0X Hj\u016bstonas pol\u0101r\u0101 nakts\u00a01\" src=\"https:\/\/hookahshop.lt\/wp-content\/uploads\/2020\/09\/stiebas-zarna-kandiklis-1-300x273.jpg\" sizes=\"(max-width: 300px) 100vw, 300px\" srcset=\"https:\/\/hookahshop.lt\/wp-content\/uploads\/2020\/09\/stiebas-zarna-kandiklis-1-300x273.jpg 300w, https:\/\/hookahshop.lt\/wp-content\/uploads\/2020\/09\/stiebas-zarna-kandiklis-1-13x12.jpg 13w, https:\/\/hookahshop.lt\/wp-content\/uploads\/2020\/09\/stiebas-zarna-kandiklis-1-64x58.jpg 64w, https:\/\/hookahshop.lt\/wp-content\/uploads\/2020\/09\/stiebas-zarna-kandiklis-1.jpg 420w\" alt=\"k\u0101ta \u0161\u013c\u016btenes iemutnis 1 - hookahshop.lt\" width=\"300\" height=\"273\" \/><\/picture>\n<p>Vai jums ir k\u0101di jaut\u0101jumi? Sazinies ar mums\u00a0<a href=\"https:\/\/hookahshop.lt\/lv\/kontaktiem\/\">kontaktu lapa<\/a>\u00a0vai rakstiet mums pa e-pastu\u00a0<a href=\"https:\/\/facebook.com\/HookahShop.lt\/\" target=\"_blank\" rel=\"noopener noreferrer\">Facebook konts<\/a>\u00a0un m\u0113s atbild\u0113sim uz j\u016bsu piepras\u012bjumu taj\u0101 pa\u0161\u0101 dien\u0101.<\/p>","protected":false},"excerpt":{"rendered":"<p>\u016adensp\u012bpe ALPHA HOOKAH X Houston Black Tas ir kompakts, viegli lietojams. Diezgan viegla \u016bdensp\u012bpe, visi t\u0101s elementi ir izgatavoti no kvalitat\u012bviem m\u016bsdien\u012bgiem materi\u0101liem, kas nodro\u0161ina izcilu gar\u0161u un iztur\u012bbu pat regul\u0101ri lietojot. Paz\u012bmes: \u016adensp\u012bpes svars: ~ 1320 g. \u016adensp\u012bpes augstums: 420 mm Ner\u016bs\u0113jo\u0161ais t\u0113rauds, D13 mm Pamatne ar caurumiem p\u016b\u0161anai anod\u0113t\u0101 alum\u012bnij\u0101, kr\u0101sota ar pulveri [...]<\/p>","protected":false},"featured_media":39716,"comment_status":"open","ping_status":"closed","template":"","meta":[],"_links":{"self":[{"href":"https:\/\/hookahshop.lt\/lv\/wp-json\/wp\/v2\/product\/39715"}],"collection":[{"href":"https:\/\/hookahshop.lt\/lv\/wp-json\/wp\/v2\/product"}],"about":[{"href":"https:\/\/hookahshop.lt\/lv\/wp-json\/wp\/v2\/types\/product"}],"replies":[{"embeddable":true,"href":"https:\/\/hookahshop.lt\/lv\/wp-json\/wp\/v2\/comments?post=39715"}],"version-history":[{"count":2,"href":"https:\/\/hookahshop.lt\/lv\/wp-json\/wp\/v2\/product\/39715\/revisions"}],"predecessor-version":[{"id":39719,"href":"https:\/\/hookahshop.lt\/lv\/wp-json\/wp\/v2\/product\/39715\/revisions\/39719"}],"wp:featuredmedia":[{"embeddable":true,"href":"https:\/\/hookahshop.lt\/lv\/wp-json\/wp\/v2\/media\/39716"}],"wp:attachment":[{"href":"https:\/\/hookahshop.lt\/lv\/wp-json\/wp\/v2\/media?parent=39715"}],"curies":[{"name":"wp","href":"https:\/\/api.w.org\/{rel}","templated":true}]}}